{"id":2414,"date":"2022-12-03T16:08:54","date_gmt":"2022-12-03T15:08:54","guid":{"rendered":"https:\/\/pacta.biz\/detective\/vol-de-brevets\/"},"modified":"2022-12-03T16:08:54","modified_gmt":"2022-12-03T15:08:54","slug":"vol-de-brevets","status":"publish","type":"page","link":"https:\/\/pacta.biz\/detective\/vol-de-brevets\/","title":{"rendered":"Vol de brevets"},"content":{"rendered":"<p>Auxerre, Hautes-Pyr\u00e9n\u00e9es, comment <strong>choisir un consultant en cybercriminalit\u00e9<\/strong> ? Enqu\u00eate pour Smartphones, abus de faiblesse, enqu\u00eates patrimoniales et de solvabilit\u00e9, travail dissimul\u00e9, v\u00e9rification d&#8217;emploi du temps, nos partenaires d\u00e9tectives priv\u00e9s vous accompagnent. Vol de brevets, travail dissimul\u00e9, v\u00e9rification d&#8217;emploi du temps, d\u00e9couvrez les services Judicialis \u00ae.<\/p>\n<p>Vol de brevets, diffamation, le consultant en cybercriminalit\u00e9 prend en charge vos affaires dans le d\u00e9partement Hautes-Pyr\u00e9n\u00e9es, \u00e0 Bernay, Espalion, Saint-Gilles-Croix-de-Vie ou la r\u00e9gion Poitou-CharentesCharente (16) Charente-Maritime (17) Deux-S\u00e8vres (79) Vienne (86).<\/p>\n<p><img decoding=\"async\" src=\"https:\/\/pacta.biz\/detective\/wp-content\/uploads\/sites\/20\/2022\/12\/site-alain-stevens-pacta-com.jpg\" alt=\"Vol de brevets - Consultant en cybercriminalit\u00e9\" \/><\/p>\n<p>Metz<\/p>\n<h2>Consultant en cybers\u00e9curit\u00e9 Ardennes (08)<\/h2>\n<p>A Paris, un d\u00e9tective partenaire Vigifraude vous propose des enqu\u00eates pour intelligence strat\u00e9gique et remont\u00e9e de fili\u00e8res clandestines, pour votre avocat sp\u00e9cialis\u00e9 en droit des soci\u00e9t\u00e9s commerciales et professionnelles. abus de faiblesse, enqu\u00eates patrimoniales et de solvabilit\u00e9, Vigifraude \u00ae vous propose des solutions.<\/p>\n<p>La Convention vise pour l&#8217;essentiel \u00e0 fournir au droit p\u00e9nal proc\u00e9dural national les pouvoirs n\u00e9cessaires \u00e0 l&#8217;instruction et \u00e0 la poursuite d&#8217;infractions de ce type ainsi que d&#8217;autres infractions commises au moyen d&#8217;un syst\u00e8me informatique ou dans le cadre desquelles des preuves existent sous forme \u00e9lectronique.<\/p>\n<h3>Smartphones Metz<\/h3>\n<p>Nous intervenons pour des affaires de <a href=\"https:\/\/cybercrime.pacta.com\/diffamation-sur-youtube\/\">diffamation sur youtube<\/a>.<\/p>\n<p>DDCSPP DE L&#8217;EURE ET LOIR Direction d\u00e9partementale EURE-ET-LOIR Centre-Val de Loire  : CITE ADMINISTRATIVE 15, PLACE DE LA REPUBLIQUE CS 70527, 28019 CHARTRES CEDEX. T\u00e9l : 02 37 20 50 98. Fax : 02 37 36 60 88 Mail : ddcspp@eure-et-loir.gouv.fr. Gps : 48.445826,1.480493 Vous avez besoin d&#8217;un d\u00e9tective en r\u00e9gion Ardennes (08) pour une d\u00e9loyaut\u00e9 du salari\u00e9 ? D\u00e9couvrez les services Pacta \u00ae 360 Investigation.<\/p>\n<h2>Consultant en cybercriminalit\u00e9 90 &#8211; Territoire-de-Belfort<\/h2>\n<p>Vous avez un litige en cybercriminalit\u00e9 dans le d\u00e9partement 2B &#8211; Haute-Corse ou 41 &#8211; Loir-et-Cher &#8211; Centre-Val de Loire ?<\/p>\n<p><img decoding=\"async\" src=\"https:\/\/pacta.biz\/detective\/wp-content\/uploads\/sites\/20\/2022\/12\/alains-stevens-8-conseils-informatique-consultant-cybercrime-7.jpg\" alt=\"Smartphones - Consultant en cybercriminalit\u00e9\" \/><\/p>\n<p>La liste des infractions tient \u00e9galement compte de pratiques illicites plus r\u00e9centes li\u00e9es \u00e0 l&#8217;expansion des r\u00e9seaux de t\u00e9l\u00e9communications.<\/p>\n<h3>Vol Yerres<\/h3>\n<p>D\u00e9couvrez nos services pour <a href=\"https:\/\/cybercrime.pacta.com\/arnaques\/\">arnaques<\/a>.<\/p>\n<p>L&#8217;effacement des donn\u00e9es les d\u00e9truit et les rend m\u00e9connaissables.<\/p>\n<h2>Responsabilit\u00e9 p\u00e9nale : D\u00e9tective priv\u00e9 cybercriminalit\u00e9 et d\u00e9poussi\u00e9rage<\/h2>\n<p>Vous \u00eates actuaire, radiesth\u00e9siste, vous avez besoin d&#8217;un audit Web sur startoptions.com, icbc-invest.com, ecoin-stock.com, krakenaccess.com ? Nous proposons des solutions, avec des d\u00e9tectives en r\u00e9gion Bretagne. Chambre du conseil : Audience civile tenue hors de la pr\u00e9sence du public.<\/p>\n<p>startoptions.com : demandez un devis pour un audit Web. Un r\u00e9seau europ\u00e9en plus large a \u00e9t\u00e9 lanc\u00e9 et un soutien a \u00e9t\u00e9 accord\u00e9 \u00e0 l&#8217;Association europ\u00e9enne pour l&#8217;\u00e9ducation en milieu p\u00e9nitentiaire (EPEA) afin qu&#8217;elle consolide et \u00e9tende ses activit\u00e9s. La formation d&#8217;\u00e9ducateurs des prisons (ainsi que d&#8217;agents p\u00e9nitentiaires, qui jouent un r\u00f4le essentiel dans la cr\u00e9ation d&#8217;un cadre \u00e9ducatif favorable) requiert \u00e0 cet \u00e9gard une attention particuli\u00e8re.<\/p>\n<h3>S\u00e9curit\u00e9 des mots de passe \u00cele-de-France (Paris)<\/h3>\n<p>crypto-eco.com, financial-broker.com, quels sont les avis et t\u00e9moignages ? Un consultant en cybercriminalit\u00e9 enqu\u00eate pour les affaires de <a href=\"https:\/\/cybercrime.pacta.com\/societe-numerique\/\">soci\u00e9t\u00e9 num\u00e9rique<\/a>.<\/p>\n<p>La structure communautaire encouragera et facilitera la coop\u00e9ration entre ces divers forums; Fraude \u00e0 la carte bancaire par hame\u00e7onnage : comment se prot\u00e9ger ?<\/p>\n<p>group-hoffman.com : nous pouvons r\u00e9aliser un audit Web. Demandez un devis de d\u00e9tective priv\u00e9 pour des enqu\u00eates \u00e0 destination des particuliers et des professionnels ou une recherche de personne et de d\u00e9biteurs.<\/p>\n<p>Vu l&#8217;importance des r\u00e9percussions connexes, il conviendrait \u00e9galement de clarifier le r\u00f4le de la Commission \u00e0 cet \u00e9gard. La responsabilit\u00e9 sociale de l&#8217;entreprise (RSE) a fait irruption dans la vie \u00e9conomique, politique et sociale.<\/p>\n<h4>Audit Vigifraude \u00ae sur abcbinaire.com et crypto-eco.com<\/h4>\n<p>nfinancial-partners.com : que penser de ce site ? Vous avez besoin d&#8217;un devis pour une investigation sur <a href=\"https:\/\/cybercrime.pacta.com\/traitement-illegal-de-donnees\/\">traitement ill\u00e9gal de donn\u00e9es<\/a> ?<\/p>\n<p><img decoding=\"async\" src=\"https:\/\/pacta.biz\/detective\/wp-content\/uploads\/sites\/20\/2022\/12\/site-alain-stevens-pacta-com-1.jpg\" alt=\"S\u00e9curit\u00e9 des mots de passe - Consultant en cybercriminalit\u00e9\" \/><\/p>\n<p>Les auteurs ont longuement examin\u00e9 la question de savoir si les dispositifs vis\u00e9s devaient \u00eatre ceux qui \u00e9taient con\u00e7us exclusivement ou sp\u00e9cialement pour permettre la commission d&#8217;infractions, ce qui excluait les dispositifs \u00e0 double usage. Cette approche a \u00e9t\u00e9 jug\u00e9e trop restrictive. Les cas de piratage, d&#8217;infections et de vol de donn\u00e9es par des logiciels malveillants augmentent.<\/p>\n<p>Demandez un devis si vous souhaitez une enqu\u00eate informatique pour <a href=\"https:\/\/cybercrime.pacta.com\/cryptographie\/\">cryptographie<\/a>.<\/p>\n","protected":false},"excerpt":{"rendered":"<div class=\"mh-excerpt\"><p>Auxerre, Hautes-Pyr\u00e9n\u00e9es, comment choisir un consultant en cybercriminalit\u00e9 ? Enqu\u00eate pour Smartphones, abus de faiblesse, enqu\u00eates patrimoniales et de solvabilit\u00e9, travail dissimul\u00e9, v\u00e9rification d&#8217;emploi du <a class=\"mh-excerpt-more\" href=\"https:\/\/pacta.biz\/detective\/vol-de-brevets\/\" title=\"Vol de brevets\">[&#8230;]<\/a><\/p>\n<\/div>","protected":false},"author":1,"featured_media":0,"parent":0,"menu_order":0,"comment_status":"open","ping_status":"open","template":"","meta":{"_bbp_topic_count":0,"_bbp_reply_count":0,"_bbp_total_topic_count":0,"_bbp_total_reply_count":0,"_bbp_voice_count":0,"_bbp_anonymous_reply_count":0,"_bbp_topic_count_hidden":0,"_bbp_reply_count_hidden":0,"_bbp_forum_subforum_count":0,"footnotes":""},"class_list":["post-2414","page","type-page","status-publish","hentry"],"_links":{"self":[{"href":"https:\/\/pacta.biz\/detective\/wp-json\/wp\/v2\/pages\/2414","targetHints":{"allow":["GET"]}}],"collection":[{"href":"https:\/\/pacta.biz\/detective\/wp-json\/wp\/v2\/pages"}],"about":[{"href":"https:\/\/pacta.biz\/detective\/wp-json\/wp\/v2\/types\/page"}],"author":[{"embeddable":true,"href":"https:\/\/pacta.biz\/detective\/wp-json\/wp\/v2\/users\/1"}],"replies":[{"embeddable":true,"href":"https:\/\/pacta.biz\/detective\/wp-json\/wp\/v2\/comments?post=2414"}],"version-history":[{"count":0,"href":"https:\/\/pacta.biz\/detective\/wp-json\/wp\/v2\/pages\/2414\/revisions"}],"wp:attachment":[{"href":"https:\/\/pacta.biz\/detective\/wp-json\/wp\/v2\/media?parent=2414"}],"curies":[{"name":"wp","href":"https:\/\/api.w.org\/{rel}","templated":true}]}}