{"id":2384,"date":"2022-12-03T16:08:50","date_gmt":"2022-12-03T15:08:50","guid":{"rendered":"https:\/\/pacta.biz\/detective\/theorie-du-complot\/"},"modified":"2022-12-03T16:08:50","modified_gmt":"2022-12-03T15:08:50","slug":"theorie-du-complot","status":"publish","type":"page","link":"https:\/\/pacta.biz\/detective\/theorie-du-complot\/","title":{"rendered":"Th\u00e9orie du complot"},"content":{"rendered":"<p>Chamb\u00e9ry, Bouches-du-Rh\u00f4ne, comment <strong>choisir un consultant en cybercriminalit\u00e9<\/strong> ? Enqu\u00eate pour D\u00e9lits de diffamation, contr\u00f4le d&#8217;un travail non d\u00e9clar\u00e9, investigation pour les affaires priv\u00e9es et commerciales, vol et coulage de marchandises, nos partenaires d\u00e9tectives priv\u00e9s vous accompagnent. Th\u00e9orie du complot, vol et coulage de marchandises, d\u00e9couvrez les services Judicialis \u00ae.<\/p>\n<p>Th\u00e9orie du complot, perte d&#8217;actifs incorporels strat\u00e9giques, le consultant en cybercriminalit\u00e9 prend en charge vos affaires dans le d\u00e9partement Bouches-du-Rh\u00f4ne, \u00e0 Auch, Creil, Saumur ou la r\u00e9gion Alpes-Maritimes\u00a0 (06) Bouches-du-Rh\u00f4ne\u00a0 (13) Var\u00a0 (83).<\/p>\n<p><img decoding=\"async\" src=\"https:\/\/pacta.biz\/detective\/wp-content\/uploads\/sites\/20\/2022\/12\/site-alain-stevens-pacta-com.jpg\" alt=\"Th\u00e9orie du complot - Consultant en cybercriminalit\u00e9\" \/><\/p>\n<p>Lectoure<\/p>\n<h2>Consultant en cybers\u00e9curit\u00e9 Pyr\u00e9n\u00e9es-Orientales (66)<\/h2>\n<p>A Villeurbanne, un d\u00e9tective partenaire Vigifraude vous propose des enqu\u00eates pour enqu\u00eates administratives et financi\u00e8res et vols domestiques, pour votre avocat sp\u00e9cialis\u00e9 en collectivit\u00e9s locales. contr\u00f4le d&#8217;un travail non d\u00e9clar\u00e9, investigation pour les affaires priv\u00e9es et commerciales, Vigifraude \u00ae vous propose des solutions.<\/p>\n<p>Le caract\u00e8re international des infractions en question &#8211; par exemple celles commises au moyen de l&#8217;Internet &#8211; se heurte \u00e0 la territorialit\u00e9 des institutions nationales de r\u00e9pression.<\/p>\n<h3>D\u00e9lits de diffamation Lectoure<\/h3>\n<p>Nous intervenons pour des affaires de <a href=\"https:\/\/cybercrime.pacta.com\/cyberrenseignement\/\">cyberrenseignement<\/a>.<\/p>\n<p>SERVICE NATIONAL DES ENQUETES SCN PARIS \u00cele-de-France  : T\u00e9l\u00e9doc 062 59 Boulevard Vincent Auriol, 75703 PARIS Cedex 13. T\u00e9l : 01.44.97.31.10. Fax : 01.44.97.07.78 Mail : sne@dgccrf.finances.gouv.fr. Gps : 48.835142,2.369157 Vous avez besoin d&#8217;un d\u00e9tective en r\u00e9gion Pyr\u00e9n\u00e9es-Orientales (66) pour une d\u00e9tournement de client\u00e8le ? D\u00e9couvrez les services Pacta \u00ae 360 Investigation.<\/p>\n<h2>Consultant en cybercriminalit\u00e9 87 &#8211; Haute-Vienne<\/h2>\n<p>Vous avez un litige en cybercriminalit\u00e9 dans le d\u00e9partement 11 &#8211; Aude ou 60 &#8211; Oise &#8211; Hauts-de-France ?<\/p>\n<p><img decoding=\"async\" src=\"https:\/\/pacta.biz\/detective\/wp-content\/uploads\/sites\/20\/2022\/12\/alains-stevens-8-conseils-informatique-consultant-cybercrime-7.jpg\" alt=\"D\u00e9lits de diffamation - Consultant en cybercriminalit\u00e9\" \/><\/p>\n<p>Sans restreindre la marge de manoeuvre qu&#8217;ont les Parties pour interpr\u00e9ter ce concept dans leur droit interne, cette expression peut renvoyer \u00e0 un comportement qui n&#8217;est couvert ni par des exceptions l\u00e9gales, excuses et faits justificatifs \u00e9tablis, ni par des principes de droit interne pertinents.<\/p>\n<h3>Voiture connect\u00e9e Anduze<\/h3>\n<p>D\u00e9couvrez nos services pour <a href=\"https:\/\/cybercrime.pacta.com\/introduction-frauduleuse-de-donnees\/\">introduction frauduleuse de donn\u00e9es<\/a>.<\/p>\n<p>L&#8217;utilisation des outils standard pr\u00e9vus dans les protocoles et programmes de communication courants n&#8217;est pas en soi &#8216;sans droit&#8217;, en particulier lorsque le d\u00e9tenteur du droit d&#8217;acc\u00e8s au syst\u00e8me vis\u00e9 est r\u00e9put\u00e9 avoir accept\u00e9 cette utilisation, comme dans le cas des &#8216;cookies&#8217; en s&#8217;abstenant de refuser la premi\u00e8re livraison ou de l&#8217;\u00e9liminer.<\/p>\n<h2>Piratage de num\u00e9ro de carte bancaire : D\u00e9tective priv\u00e9 cybercriminalit\u00e9 et d\u00e9tection d&#8217;\u00e9coute<\/h2>\n<p>Vous \u00eates charg\u00e9 d&#8217;enqu\u00eate \u00e0 titre lib\u00e9ral, sportif professionnel, vous avez besoin d&#8217;un audit Web sur scottoption.com, intercontinentalmarkets.com, cryptos-house.com, infinite-company.com ? Nous proposons des solutions, avec des d\u00e9tectives en r\u00e9gion \u00cele-de-France. Comparution imm\u00e9diate : Proc\u00e9dure par laquelle l&#8217;auteur d&#8217;une infraction est traduit, \u00e0  l&#8217;issue de sa garde \u00e0  vue, devant le tribunal correctionnel, pour y \u00eatre jug\u00e9.<\/p>\n<p>scottoption.com : demandez un devis pour un audit Web. Le REPC pr\u00e9voit qu&#8217;il y aura un accord entre les \u00c9tats membres sur l&#8217;approche en cinq \u00e9tapes au cours des prochains mois. Il importe de formaliser un tel accord pour garantir son application effective.<\/p>\n<h3>Social engineering Bourbonnais (Moulins)<\/h3>\n<p>euro-cryptos.com, goldwinmarket.com, quels sont les avis et t\u00e9moignages ? Un consultant en cybercriminalit\u00e9 enqu\u00eate pour les affaires de <a href=\"https:\/\/cybercrime.pacta.com\/creation-de-faux-sites-internet\/\">cr\u00e9ation de faux sites internet<\/a>.<\/p>\n<p>La Commission continuera \u00e0 en contr\u00f4ler l&#8217;application, avec l&#8217;aide des \u00c9tats membres, les entreprises et des utilisateurs, afin de garantir que les initiatives correspondantes sont efficaces, transparentes et \u00e9quilibr\u00e9es; Plus de 30 % des entreprises ont \u00e9t\u00e9 victimes d&#8217;une fraude av\u00e9r\u00e9e en 2016.<\/p>\n<p>lacavepatrimoniale.com : nous pouvons r\u00e9aliser un audit Web. Demandez un devis de d\u00e9tective priv\u00e9 pour une investigation ou des renseignements sur les entreprises.<\/p>\n<p>L&#8217;option de politique g\u00e9n\u00e9rale n\u00b0 1 impliquerait que la Commission assure le suivi des projets actuels de l&#8217;Union et des structures internationales en mati\u00e8re de lutte contre la cybercriminalit\u00e9;. Une base de donn\u00e9es diffus\u00e9e sur internet donne acc\u00e8s \u00e0 des mots de passe pirat\u00e9s de trois millions de comptes \u00e9lectroniques suisses.<\/p>\n<h4>Audit Vigifraude \u00ae sur boursolev.com et euro-cryptos.com<\/h4>\n<p>netfinancediams.com : que penser de ce site ? Vous avez besoin d&#8217;un devis pour une investigation sur <a href=\"https:\/\/cybercrime.pacta.com\/guerre-numerique\/\">guerre num\u00e9rique<\/a> ?<\/p>\n<p><img decoding=\"async\" src=\"https:\/\/pacta.biz\/detective\/wp-content\/uploads\/sites\/20\/2022\/12\/site-alain-stevens-pacta-com-1.jpg\" alt=\"Social engineering - Consultant en cybercriminalit\u00e9\" \/><\/p>\n<p>Au paragraphe 1.d), l&#8217;expression &#8216;se procurer ou procurer \u00e0 autrui&#8217; doit s&#8217;entendre du fait d&#8217;obtenir activement de la pornographie enfantine, par exemple par t\u00e9l\u00e9chargement. Vol de donn\u00e9es sensibles, atteinte \u00e0 la r\u00e9putation de l&#8217;entreprise, perturbation de l&#8217;activit\u00e9, comment prot\u00e9ger votre entreprise ?<\/p>\n<p>Demandez un devis si vous souhaitez une enqu\u00eate informatique pour <a href=\"https:\/\/cybercrime.pacta.com\/tracking\/\">tracking<\/a>.<\/p>\n","protected":false},"excerpt":{"rendered":"<div class=\"mh-excerpt\"><p>Chamb\u00e9ry, Bouches-du-Rh\u00f4ne, comment choisir un consultant en cybercriminalit\u00e9 ? Enqu\u00eate pour D\u00e9lits de diffamation, contr\u00f4le d&#8217;un travail non d\u00e9clar\u00e9, investigation pour les affaires priv\u00e9es et <a class=\"mh-excerpt-more\" href=\"https:\/\/pacta.biz\/detective\/theorie-du-complot\/\" title=\"Th\u00e9orie du complot\">[&#8230;]<\/a><\/p>\n<\/div>","protected":false},"author":1,"featured_media":0,"parent":0,"menu_order":0,"comment_status":"open","ping_status":"open","template":"","meta":{"_bbp_topic_count":0,"_bbp_reply_count":0,"_bbp_total_topic_count":0,"_bbp_total_reply_count":0,"_bbp_voice_count":0,"_bbp_anonymous_reply_count":0,"_bbp_topic_count_hidden":0,"_bbp_reply_count_hidden":0,"_bbp_forum_subforum_count":0,"footnotes":""},"class_list":["post-2384","page","type-page","status-publish","hentry"],"_links":{"self":[{"href":"https:\/\/pacta.biz\/detective\/wp-json\/wp\/v2\/pages\/2384","targetHints":{"allow":["GET"]}}],"collection":[{"href":"https:\/\/pacta.biz\/detective\/wp-json\/wp\/v2\/pages"}],"about":[{"href":"https:\/\/pacta.biz\/detective\/wp-json\/wp\/v2\/types\/page"}],"author":[{"embeddable":true,"href":"https:\/\/pacta.biz\/detective\/wp-json\/wp\/v2\/users\/1"}],"replies":[{"embeddable":true,"href":"https:\/\/pacta.biz\/detective\/wp-json\/wp\/v2\/comments?post=2384"}],"version-history":[{"count":0,"href":"https:\/\/pacta.biz\/detective\/wp-json\/wp\/v2\/pages\/2384\/revisions"}],"wp:attachment":[{"href":"https:\/\/pacta.biz\/detective\/wp-json\/wp\/v2\/media?parent=2384"}],"curies":[{"name":"wp","href":"https:\/\/api.w.org\/{rel}","templated":true}]}}