{"id":2360,"date":"2022-12-03T16:08:46","date_gmt":"2022-12-03T15:08:46","guid":{"rendered":"https:\/\/pacta.biz\/detective\/surveillance-du-net\/"},"modified":"2022-12-03T16:08:46","modified_gmt":"2022-12-03T15:08:46","slug":"surveillance-du-net","status":"publish","type":"page","link":"https:\/\/pacta.biz\/detective\/surveillance-du-net\/","title":{"rendered":"Surveillance du Net"},"content":{"rendered":"<p>Vesoul, Aisne, comment <strong>choisir un consultant en cybercriminalit\u00e9<\/strong> ? Enqu\u00eate pour Arnaque FOVI, audits de s\u00e9curit\u00e9, missions confidentielles, recherche des d\u00e9biteurs, nos partenaires d\u00e9tectives priv\u00e9s vous accompagnent. Surveillance du Net, recherche des d\u00e9biteurs, d\u00e9couvrez les services Judicialis \u00ae.<\/p>\n<p>Surveillance du Net, tentatives d&#8217;escroquerie, le consultant en cybercriminalit\u00e9 prend en charge vos affaires dans le d\u00e9partement Aisne, \u00e0 Bernay, Feurs, Salon-de-Provence ou la r\u00e9gion Hauts de Seine (92) Seine Saint Denis (93) Val de Marne (94).<\/p>\n<p><img decoding=\"async\" src=\"https:\/\/pacta.biz\/detective\/wp-content\/uploads\/sites\/20\/2022\/12\/site-alain-stevens-pacta-com.jpg\" alt=\"Surveillance du Net - Consultant en cybercriminalit\u00e9\" \/><\/p>\n<p>Lorient<\/p>\n<h2>Consultant en cybers\u00e9curit\u00e9 Vend\u00e9e (85)<\/h2>\n<p>A Montpellier, un d\u00e9tective partenaire Vigifraude vous propose des enqu\u00eates pour malveillance et recherche g\u00e9n\u00e9alogique, pour votre avocat sp\u00e9cialis\u00e9 en droit des \u00e9trangers en france. audits de s\u00e9curit\u00e9, missions confidentielles, Vigifraude \u00ae vous propose des solutions.<\/p>\n<p>La R\u00e9solution n\u00b0 2 est adopt\u00e9e \u00e0 la 23e Conf\u00e9rence des Ministres europ\u00e9ens de la justice (Londres, juin 2000).<\/p>\n<h3>Arnaque FOVI Lorient<\/h3>\n<p>Nous intervenons pour des affaires de <a href=\"https:\/\/cybercrime.pacta.com\/diffamation-sur-facebook\/\">diffamation sur facebook<\/a>.<\/p>\n<p>ENCCRF SCN HERAULT Occitanie : 45, place Ernest Granier BP60, 34935 MONTPELLIER CEDEX 9. T\u00e9l : 04 99 52 74 00. Fax : 04.99.52.74.50 Mail : enccrf34@dgccrf.finances.gouv.fr. Gps : 43.602208,3.900449 Vous avez besoin d&#8217;un d\u00e9tective en r\u00e9gion Vend\u00e9e (85) pour des divorces ? D\u00e9couvrez les services Pacta \u00ae 360 Investigation.<\/p>\n<h2>Consultant en cybercriminalit\u00e9 85 &#8211; Vend\u00e9e<\/h2>\n<p>Vous avez un litige en cybercriminalit\u00e9 dans le d\u00e9partement 57 &#8211; Moselle ou 63 &#8211; Puy-de-D\u00f4me &#8211; Auvergne-Rh\u00f4ne-Alpes ?<\/p>\n<p><img decoding=\"async\" src=\"https:\/\/pacta.biz\/detective\/wp-content\/uploads\/sites\/20\/2022\/12\/alains-stevens-8-conseils-informatique-consultant-cybercrime-7.jpg\" alt=\"Arnaque FOVI - Consultant en cybercriminalit\u00e9\" \/><\/p>\n<p>Les infractions p\u00e9nales d\u00e9finies aux articles 2 \u00e0 6 ont pour but de prot\u00e9ger la confidentialit\u00e9, l&#8217;int\u00e9grit\u00e9 et la disponibilit\u00e9 des syst\u00e8mes ou donn\u00e9es informatiques.<\/p>\n<h3>Protection de l&#8217;entreprise Villeparisis<\/h3>\n<p>D\u00e9couvrez nos services pour <a href=\"https:\/\/cybercrime.pacta.com\/cyber-attaques\/\">cyber-attaques<\/a>.<\/p>\n<p>Les int\u00e9r\u00eats juridiques prot\u00e9g\u00e9s sont l&#8217;int\u00e9grit\u00e9 et le bon fonctionnement ou le bon usage de donn\u00e9es ou programmes informatiques enregistr\u00e9s.<\/p>\n<h2>Injure publique commis sur internet : D\u00e9tective priv\u00e9 cybercriminalit\u00e9 et atteinte \u00e0 l&#8217;intimit\u00e9 de la vie priv\u00e9e<\/h2>\n<p>Vous \u00eates enseignant, psychosociologue, vous avez besoin d&#8217;un audit Web sur pro-binary.com, groupebinary.com, cryptos-house.com, epargne-agricole.com ? Nous proposons des solutions, avec des d\u00e9tectives en r\u00e9gion Midi-Pyr\u00e9n\u00e9es. Acte de notori\u00e9t\u00e9 : Acte \u00e9tabli par un notaire ou, dans certains cas strictement pr\u00e9cis\u00e9s par le greffier en chef du tribunal d&#8217;instance du lieu d&#8217;ouverture de la succession, qui \u00e9tablit la preuve de la qualit\u00e9 d&#8217;h\u00e9ritiers jusqu&#8217;\u00e0  preuve contraire, laquelle peut \u00eatre rapport\u00e9e par tous moyens.<\/p>\n<p>pro-binary.com : demandez un devis pour un audit Web. Le montant total des avantages a \u00e9t\u00e9 estim\u00e9 au triple du co\u00fbt du programme.<\/p>\n<h3>D\u00e9sinformation Anjou (Angers)<\/h3>\n<p>paiement-bitcoin.com, etrade-securities.com, quels sont les avis et t\u00e9moignages ? Un consultant en cybercriminalit\u00e9 enqu\u00eate pour les affaires de <a href=\"https:\/\/cybercrime.pacta.com\/web-profond\/\">web profond<\/a>.<\/p>\n<p>La Commission a suivi les travaux du Conseil de l&#8217;Europe consacr\u00e9s \u00e0 la convention sur la cybercriminalit\u00e9, qui retient, dans sa version actuelle, quatre cat\u00e9gories d&#8217;infractions p\u00e9nales : infractions li\u00e9es aux atteintes \u00e0 la propri\u00e9t\u00e9 intellectuelle et aux droits voisins. Les vols de donn\u00e9es ont \u00e9t\u00e9 les plus importants recens\u00e9s cette ann\u00e9e.<\/p>\n<p>france-diamants.com : nous pouvons r\u00e9aliser un audit Web. Demandez un devis de d\u00e9tective priv\u00e9 pour des marques et brevets ou un vol et coulage de marchandises.<\/p>\n<p>Pour atteindre ces objectifs, il y a lieu de combiner diff\u00e9rentes mesures. Qu&#8217;est-ce que la fraude bancaire ?<\/p>\n<h4>Audit Vigifraude \u00ae sur attractivetrade.com et paiement-bitcoin.com<\/h4>\n<p>vino-capital.com : que penser de ce site ? Vous avez besoin d&#8217;un devis pour une investigation sur <a href=\"https:\/\/cybercrime.pacta.com\/violation-de-propriete-intellectuelle\/\">violation de propri\u00e9t\u00e9 intellectuelle<\/a> ?<\/p>\n<p><img decoding=\"async\" src=\"https:\/\/pacta.biz\/detective\/wp-content\/uploads\/sites\/20\/2022\/12\/site-alain-stevens-pacta-com-1.jpg\" alt=\"D\u00e9sinformation - Consultant en cybercriminalit\u00e9\" \/><\/p>\n<p>En sus de l&#8217;exigence g\u00e9n\u00e9rale de l&#8217;intention, il doit exister l&#8217;intention sp\u00e9cifique (c&#8217;est-\u00e0-dire directe) d&#8217;utiliser le dispositif pour commettre l&#8217;une ou l&#8217;autre des infractions vis\u00e9es aux articles 2 \u00e0 5 de la Convention. Lorsqu&#8217;un vol ou une perte de renseignements personnels est constat\u00e9, la situation doit \u00eatre prise au s\u00e9rieux<\/p>\n<p>Demandez un devis si vous souhaitez une enqu\u00eate informatique pour <a href=\"https:\/\/cybercrime.pacta.com\/coinbase\/\">coinbase<\/a>.<\/p>\n","protected":false},"excerpt":{"rendered":"<div class=\"mh-excerpt\"><p>Vesoul, Aisne, comment choisir un consultant en cybercriminalit\u00e9 ? Enqu\u00eate pour Arnaque FOVI, audits de s\u00e9curit\u00e9, missions confidentielles, recherche des d\u00e9biteurs, nos partenaires d\u00e9tectives priv\u00e9s <a class=\"mh-excerpt-more\" href=\"https:\/\/pacta.biz\/detective\/surveillance-du-net\/\" title=\"Surveillance du Net\">[&#8230;]<\/a><\/p>\n<\/div>","protected":false},"author":1,"featured_media":0,"parent":0,"menu_order":0,"comment_status":"open","ping_status":"open","template":"","meta":{"_bbp_topic_count":0,"_bbp_reply_count":0,"_bbp_total_topic_count":0,"_bbp_total_reply_count":0,"_bbp_voice_count":0,"_bbp_anonymous_reply_count":0,"_bbp_topic_count_hidden":0,"_bbp_reply_count_hidden":0,"_bbp_forum_subforum_count":0,"footnotes":""},"class_list":["post-2360","page","type-page","status-publish","hentry"],"_links":{"self":[{"href":"https:\/\/pacta.biz\/detective\/wp-json\/wp\/v2\/pages\/2360","targetHints":{"allow":["GET"]}}],"collection":[{"href":"https:\/\/pacta.biz\/detective\/wp-json\/wp\/v2\/pages"}],"about":[{"href":"https:\/\/pacta.biz\/detective\/wp-json\/wp\/v2\/types\/page"}],"author":[{"embeddable":true,"href":"https:\/\/pacta.biz\/detective\/wp-json\/wp\/v2\/users\/1"}],"replies":[{"embeddable":true,"href":"https:\/\/pacta.biz\/detective\/wp-json\/wp\/v2\/comments?post=2360"}],"version-history":[{"count":0,"href":"https:\/\/pacta.biz\/detective\/wp-json\/wp\/v2\/pages\/2360\/revisions"}],"wp:attachment":[{"href":"https:\/\/pacta.biz\/detective\/wp-json\/wp\/v2\/media?parent=2360"}],"curies":[{"name":"wp","href":"https:\/\/api.w.org\/{rel}","templated":true}]}}