{"id":2357,"date":"2022-12-03T16:08:46","date_gmt":"2022-12-03T15:08:46","guid":{"rendered":"https:\/\/pacta.biz\/detective\/surveillance-data\/"},"modified":"2022-12-03T16:08:46","modified_gmt":"2022-12-03T15:08:46","slug":"surveillance-data","status":"publish","type":"page","link":"https:\/\/pacta.biz\/detective\/surveillance-data\/","title":{"rendered":"Surveillance Data"},"content":{"rendered":"<p>Lons-le-saunier, Doubs, comment <strong>choisir un consultant en cybercriminalit\u00e9<\/strong> ? Enqu\u00eate pour cyber espionage, concurrence d\u00e9loyale dans les entreprises et comportement illicite, fugues de mineurs, recherche de biens et d\u2019actifs, nos partenaires d\u00e9tectives priv\u00e9s vous accompagnent. Surveillance Data, recherche de biens et d\u2019actifs, d\u00e9couvrez les services Judicialis \u00ae.<\/p>\n<p>Surveillance Data, vol de plans, le consultant en cybercriminalit\u00e9 prend en charge vos affaires dans le d\u00e9partement Doubs, \u00e0 Beauvais, Corancy, Sarlat-la-Can\u00e9da ou la r\u00e9gion Loiret (45) Centre Val de Loire.<\/p>\n<p><img decoding=\"async\" src=\"https:\/\/pacta.biz\/detective\/wp-content\/uploads\/sites\/20\/2022\/12\/site-alain-stevens-pacta-com.jpg\" alt=\"Surveillance Data - Consultant en cybercriminalit\u00e9\" \/><\/p>\n<p>Limoux<\/p>\n<h2>Consultant en cybers\u00e9curit\u00e9 Val-d&#8217;Oise (95)<\/h2>\n<p>A Lyon, un d\u00e9tective partenaire Vigifraude vous propose des enqu\u00eates pour maltraitance humaine ou animale et recueil de t\u00e9moignages, pour votre avocat sp\u00e9cialis\u00e9 en droit de l&#8217;environnement. concurrence d\u00e9loyale dans les entreprises et comportement illicite, fugues de mineurs, Vigifraude \u00ae vous propose des solutions.<\/p>\n<p>La Section 2 du chapitre II, questions de droit proc\u00e9dural \u00e9nonce ensuite les pouvoirs de proc\u00e9dure suivants comme l&#8217;injonction de produire ; perquisition et saisie de donn\u00e9es informatiques stock\u00e9es.<\/p>\n<h3>cyber espionage Limoux<\/h3>\n<p>Nous intervenons pour des affaires de <a href=\"https:\/\/cybercrime.pacta.com\/fuite-de-donnees\/\">fuite de donn\u00e9es<\/a>.<\/p>\n<p>DDPP DE L&#8217;AIN Direction d\u00e9partementale AIN Auvergne-Rh\u00f4ne-Alpes : 9, rue de la Grenouill\u00e8re CS 10411, 01012 BOURG-EN-BRESSE . T\u00e9l : 04 74 42 09 00. Fax : 04 74 42 09 60 Mail : ddpp@ain.gouv.fr. Gps : 46.209579,5.226861 Vous avez besoin d&#8217;un d\u00e9tective en r\u00e9gion Val-d&#8217;Oise (95) pour un divorce ? D\u00e9couvrez les services Pacta \u00ae 360 Investigation.<\/p>\n<h2>Consultant en cybercriminalit\u00e9 08 &#8211; Ardennes<\/h2>\n<p>Vous avez un litige en cybercriminalit\u00e9 dans le d\u00e9partement 74 &#8211; Haute-Savoie ou 15 &#8211; Cantal &#8211; Auvergne-Rh\u00f4ne-Alpes ?<\/p>\n<p><img decoding=\"async\" src=\"https:\/\/pacta.biz\/detective\/wp-content\/uploads\/sites\/20\/2022\/12\/alains-stevens-8-conseils-informatique-consultant-cybercrime-7.jpg\" alt=\"cyber espionage - Consultant en cybercriminalit\u00e9\" \/><\/p>\n<p>La d\u00e9finition laisse aux l\u00e9gislateurs nationaux la capacit\u00e9 d&#8217;introduire des diff\u00e9renciations dans la protection juridique des donn\u00e9es relatives au trafic, en fonction de leur sensibilit\u00e9.<\/p>\n<h3>Hacking Toulouse<\/h3>\n<p>D\u00e9couvrez nos services pour <a href=\"https:\/\/cybercrime.pacta.com\/code-informatique\/\">code informatique<\/a>.<\/p>\n<p>Le texte d&#8217;une disposition reprend pour l&#8217;essentiel celui de l&#8217;infraction d&#8217;interception non autoris\u00e9e&#8217; figurant dans le Recommandation (89) 9.<\/p>\n<h2>Injure publique commis sur internet : D\u00e9tective priv\u00e9 cybercriminalit\u00e9 et disparition volontaire<\/h2>\n<p>Vous \u00eates g\u00e9n\u00e9alogiste, psychomotricien, vous avez besoin d&#8217;un audit Web sur markets-investment.com, igm-financial.com, stscrypto.com\/fr\/, https:\/\/le-vin.info ? Nous proposons des solutions, avec des d\u00e9tectives en r\u00e9gion Occitanie. Centre de placement imm\u00e9diat (CPI) : Structure d&#8217;h\u00e9bergement collectif destin\u00e9e \u00e0  accueillir en urgence des mineurs de 13 \u00e0  18 ans dont les situations ne peuvent pas \u00eatre \u00e9valu\u00e9es selon les modalit\u00e9s habituelles.<\/p>\n<p>markets-investment.com : demandez un devis pour un audit Web. Ces co\u00fbts comprenaient ceux des mesures pr\u00e9ventives telles que la s\u00e9curit\u00e9 priv\u00e9e (environ 9 %); les cons\u00e9quences, telles que l&#8217;incidence sur les victimes du pr\u00e9judice subi, des souffrances endur\u00e9es et de la d\u00e9gradation du cadre de vie (environ 71 %); ainsi que les mesures prises pour rem\u00e9dier \u00e0 ces probl\u00e8mes, telles que les d\u00e9penses de fonctionnement dans le domaine du maintien de l&#8217;ordre, des tribunaux et des sanctions (environ 20 %). Brand, Sam &#038; Price, Richard (2000). The Economic and Social Costs of Crime. Londres: direction de la recherche, du d\u00e9veloppement et des statistiques du minist\u00e8re de l&#8217;int\u00e9rieur.<\/p>\n<h3>Traitement ill\u00e9gal de donn\u00e9es Comt\u00e9 de Foix (Foix)<\/h3>\n<p>paiement-bitcoin.com, epargnefacile.com, quels sont les avis et t\u00e9moignages ? Un consultant en cybercriminalit\u00e9 enqu\u00eate pour les affaires de <a href=\"https:\/\/cybercrime.pacta.com\/scamming\/\">scamming<\/a>.<\/p>\n<p>C&#8217;est d&#8217;autant plus important si on consid\u00e8re l&#8217;\u00e9ventail de plus en plus large des activit\u00e9s que l&#8217;on peut mener \u00e0 partir d&#8217;un m\u00eame terminal. Lacunes dans la formation des collaborateurs, absence de plan d&#8217;urgence, les entreprises sont expos\u00e9es.<\/p>\n<p>diampatrimoine.com : nous pouvons r\u00e9aliser un audit Web. Demandez un devis de d\u00e9tective priv\u00e9 pour des enqu\u00eates priv\u00e9es et commerciales ou un vol de documents.<\/p>\n<p>L&#8217;adoption de mesures de mise en \u0153uvre ad\u00e9quates pourrait avoir une tr\u00e8s forte incidence. De nouveaux textes constituent le nouveau cadre de publication d&#8217;informations non financi\u00e8res.<\/p>\n<h4>Audit Vigifraude \u00ae sur banks-capitals.com et paiement-bitcoin.com<\/h4>\n<p>vianco-cheptel.com : que penser de ce site ? Vous avez besoin d&#8217;un devis pour une investigation sur <a href=\"https:\/\/cybercrime.pacta.com\/infractions-specifiques-aux-technologies-de-l-information-et-de-la-communication\/\">infractions sp\u00e9cifiques aux technologies de l&#8217;information et de la communication<\/a> ?<\/p>\n<p><img decoding=\"async\" src=\"https:\/\/pacta.biz\/detective\/wp-content\/uploads\/sites\/20\/2022\/12\/site-alain-stevens-pacta-com-1.jpg\" alt=\"Traitement ill\u00e9gal de donn\u00e9es - Consultant en cybercriminalit\u00e9\" \/><\/p>\n<p>Les articles intitul\u00e9s &#8220;Falsification informatique&#8221; et &#8220;Fraude informatique&#8221; se rapportent \u00e0 certaines infractions informatiques. En cas de cybercriminalit\u00e9, des mesures ad\u00e9quates doivent \u00eatre d\u00e9ploy\u00e9es dans les meilleurs d\u00e9lais.<\/p>\n<p>Demandez un devis si vous souhaitez une enqu\u00eate informatique pour <a href=\"https:\/\/cybercrime.pacta.com\/e-reputation\/\">e-reputation<\/a>.<\/p>\n","protected":false},"excerpt":{"rendered":"<div class=\"mh-excerpt\"><p>Lons-le-saunier, Doubs, comment choisir un consultant en cybercriminalit\u00e9 ? Enqu\u00eate pour cyber espionage, concurrence d\u00e9loyale dans les entreprises et comportement illicite, fugues de mineurs, recherche <a class=\"mh-excerpt-more\" href=\"https:\/\/pacta.biz\/detective\/surveillance-data\/\" title=\"Surveillance Data\">[&#8230;]<\/a><\/p>\n<\/div>","protected":false},"author":1,"featured_media":0,"parent":0,"menu_order":0,"comment_status":"open","ping_status":"open","template":"","meta":{"_bbp_topic_count":0,"_bbp_reply_count":0,"_bbp_total_topic_count":0,"_bbp_total_reply_count":0,"_bbp_voice_count":0,"_bbp_anonymous_reply_count":0,"_bbp_topic_count_hidden":0,"_bbp_reply_count_hidden":0,"_bbp_forum_subforum_count":0,"footnotes":""},"class_list":["post-2357","page","type-page","status-publish","hentry"],"_links":{"self":[{"href":"https:\/\/pacta.biz\/detective\/wp-json\/wp\/v2\/pages\/2357","targetHints":{"allow":["GET"]}}],"collection":[{"href":"https:\/\/pacta.biz\/detective\/wp-json\/wp\/v2\/pages"}],"about":[{"href":"https:\/\/pacta.biz\/detective\/wp-json\/wp\/v2\/types\/page"}],"author":[{"embeddable":true,"href":"https:\/\/pacta.biz\/detective\/wp-json\/wp\/v2\/users\/1"}],"replies":[{"embeddable":true,"href":"https:\/\/pacta.biz\/detective\/wp-json\/wp\/v2\/comments?post=2357"}],"version-history":[{"count":0,"href":"https:\/\/pacta.biz\/detective\/wp-json\/wp\/v2\/pages\/2357\/revisions"}],"wp:attachment":[{"href":"https:\/\/pacta.biz\/detective\/wp-json\/wp\/v2\/media?parent=2357"}],"curies":[{"name":"wp","href":"https:\/\/api.w.org\/{rel}","templated":true}]}}