{"id":2356,"date":"2022-12-03T16:08:46","date_gmt":"2022-12-03T15:08:46","guid":{"rendered":"https:\/\/pacta.biz\/detective\/surinformation\/"},"modified":"2022-12-03T16:08:46","modified_gmt":"2022-12-03T15:08:46","slug":"surinformation","status":"publish","type":"page","link":"https:\/\/pacta.biz\/detective\/surinformation\/","title":{"rendered":"Surinformation"},"content":{"rendered":"<p>Poitiers, Creuse, comment <strong>choisir un consultant en cybercriminalit\u00e9<\/strong> ? Enqu\u00eate pour Piratage, constatation pour l&#8217;\u00e9valuation de la pension alimentaire, faux avis sur internet, recherche de preuves, nos partenaires d\u00e9tectives priv\u00e9s vous accompagnent. Surinformation, recherche de preuves, d\u00e9couvrez les services Judicialis \u00ae.<\/p>\n<p>Surinformation, piratage de num\u00e9ro de carte bancaire, le consultant en cybercriminalit\u00e9 prend en charge vos affaires dans le d\u00e9partement Creuse, \u00e0 Barcelonnette, Deauville, P\u00e9rigueux ou la r\u00e9gion Val d\u2019Oise (95) \u00cele de France.<\/p>\n<p><img decoding=\"async\" src=\"https:\/\/pacta.biz\/detective\/wp-content\/uploads\/sites\/20\/2022\/12\/site-alain-stevens-pacta-com.jpg\" alt=\"Surinformation - Consultant en cybercriminalit\u00e9\" \/><\/p>\n<p>Mirepoix<\/p>\n<h2>Consultant en cybers\u00e9curit\u00e9 Haute-Sa\u00f4ne (70)<\/h2>\n<p>A Courbevoie, un d\u00e9tective partenaire Vigifraude vous propose des enqu\u00eates pour enqu\u00eates et recherches en tous domaines et recherche d\u2019h\u00e9ritier, pour votre avocat sp\u00e9cialis\u00e9 en fiscalit\u00e9 des particuliers. constatation pour l&#8217;\u00e9valuation de la pension alimentaire, faux avis sur internet, Vigifraude \u00ae vous propose des solutions.<\/p>\n<p>La propagation r\u00e9cente \u00e0 travers le monde de virus informatiques dommageables t\u00e9moigne bien de cette nouvelle r\u00e9alit\u00e9.<\/p>\n<h3>Piratage Mirepoix<\/h3>\n<p>Nous intervenons pour des affaires de <a href=\"https:\/\/cybercrime.pacta.com\/cracking\/\">cracking<\/a>.<\/p>\n<p>DDPP DE L&#8217;HERAULT Direction d\u00e9partementale HERAULT Occitanie  : ZAC ALCO Rue Serge Lifar CS 87377, 34184 MONTPELLIER CEDEX 4. T\u00e9l : 04 99 74 31 50. Fax : 04 99 74 31 60 Mail : ddpp@herault.gouv.fr. Gps : 43.62019,3.839327 Vous avez besoin d&#8217;un d\u00e9tective en r\u00e9gion Haute-Sa\u00f4ne (70) pour des conflits de voisinage ? D\u00e9couvrez les services Pacta \u00ae 360 Investigation.<\/p>\n<h2>Consultant en cybercriminalit\u00e9 42 &#8211; Loire<\/h2>\n<p>Vous avez un litige en cybercriminalit\u00e9 dans le d\u00e9partement 19 &#8211; Corr\u00e8ze ou 83 &#8211; Var &#8211; Provence-Alpes-C\u00f4te d&#8217;Azur ?<\/p>\n<p><img decoding=\"async\" src=\"https:\/\/pacta.biz\/detective\/wp-content\/uploads\/sites\/20\/2022\/12\/alains-stevens-8-conseils-informatique-consultant-cybercrime-7.jpg\" alt=\"Piratage - Consultant en cybercriminalit\u00e9\" \/><\/p>\n<p>Les infractions regroup\u00e9es dans le titre 2 (fraude et falsification informatiques) ont \u00e9t\u00e9 ajout\u00e9es comme suite aux suggestions faites dans le cadre des principes directeurs \u00e9labor\u00e9s en liaison avec la Recommandation no. R (89) 9 du Conseil de l&#8217;Europe.<\/p>\n<h3>R\u00e9silience Thonon-les-Bains<\/h3>\n<p>D\u00e9couvrez nos services pour <a href=\"https:\/\/cybercrime.pacta.com\/modification-frauduleuse-de-donnees\/\">modification frauduleuse de donn\u00e9es<\/a>.<\/p>\n<p>Les activit\u00e9s ordinaires inh\u00e9rentes \u00e0 la conception des r\u00e9seaux ou les pratiques ordinaires d&#8217;exploitation ou de commerce sont commises \u00ab avec droit \u00bb.<\/p>\n<h2>Saturation de serveurs : D\u00e9tective priv\u00e9 cybercriminalit\u00e9 et divorce<\/h2>\n<p>Vous \u00eates agent priv\u00e9 de recherches, sp\u00e9l\u00e9ologue, vous avez besoin d&#8217;un audit Web sur optionprim.com, fxobank.com, interactivecoins.com, duvanel-conseil.com ? Nous proposons des solutions, avec des d\u00e9tectives en r\u00e9gion Centre-Val de Loire. Comp\u00e9tence : Une juridiction est comp\u00e9tente selon la nature de l&#8217;affaire (dans certains cas selon son importance financi\u00e8re) et selon son territoire (ressort g\u00e9ographique).<\/p>\n<p>optionprim.com : demandez un devis pour un audit Web. Cela a des r\u00e9percussions sur les politiques de pr\u00e9vention, notamment celles qui visent davantage \u00e0 combattre le fl\u00e9au ordinaire que constitue cette forme de criminalit\u00e9 qu&#8217;\u00e0 r\u00e9duire le nombre de d\u00e9lits \u00absusceptibles de faire la une des journaux\u00bb, qui rel\u00e8vent le plus souvent du crime organis\u00e9.<\/p>\n<h3>Surveillance Data Angoumois (Angoul\u00eame)<\/h3>\n<p>cryptofrancecapital.com, cobtrading.com, quels sont les avis et t\u00e9moignages ? Un consultant en cybercriminalit\u00e9 enqu\u00eate pour les affaires de <a href=\"https:\/\/cybercrime.pacta.com\/medias-sociaux\/\">m\u00e9dias sociaux<\/a>.<\/p>\n<p>Ce travail est confi\u00e9 aux services de recherches en mati\u00e8re de criminalit\u00e9 informatique, charg\u00e9s de d\u00e9velopper et d&#8217;utiliser des protocoles et des proc\u00e9dures scientifiques pour rechercher des preuves informatiques, analyser et pr\u00e9server l&#8217;authenticit\u00e9 des donn\u00e9es qui ont \u00e9t\u00e9 r\u00e9cup\u00e9r\u00e9es. De nouveaux textes constituent le nouveau cadre de publication d&#8217;informations non financi\u00e8res.<\/p>\n<p>infinitediamond.com : nous pouvons r\u00e9aliser un audit Web. Demandez un devis de d\u00e9tective priv\u00e9 pour la propri\u00e9t\u00e9 intellectuelle ou une recherche de banque.<\/p>\n<p>Les options de politique g\u00e9n\u00e9rale ont \u00e9t\u00e9 \u00e9valu\u00e9es au regard des crit\u00e8res suivants : co\u00fbts pour les administrations publiques. La responsabilit\u00e9 sociale est l&#8217;essence m\u00eame de qui nous sommes au sein de notre entreprise.<\/p>\n<h4>Audit Vigifraude \u00ae sur bankandbinary.com et cryptofrancecapital.com<\/h4>\n<p>winecfm.com : que penser de ce site ? Vous avez besoin d&#8217;un devis pour une investigation sur <a href=\"https:\/\/cybercrime.pacta.com\/recherche-d-information\/\">recherche d&#8217;information<\/a> ?<\/p>\n<p><img decoding=\"async\" src=\"https:\/\/pacta.biz\/detective\/wp-content\/uploads\/sites\/20\/2022\/12\/site-alain-stevens-pacta-com-1.jpg\" alt=\"Surveillance Data - Consultant en cybercriminalit\u00e9\" \/><\/p>\n<p>Le paragraphe 1.e) \u00e9rige en infraction p\u00e9nale le fait de poss\u00e9der de la pornographie enfantine dans un syst\u00e8me informatique ou dans un moyen de stockage de donn\u00e9es informatiques, comme une disquette ou un disque optique compact. Vols en entreprise : quelles sanctions pour le salari\u00e9 ?<\/p>\n<p>Demandez un devis si vous souhaitez une enqu\u00eate informatique pour <a href=\"https:\/\/cybercrime.pacta.com\/monnaie-virtuelle\/\">monnaie virtuelle<\/a>.<\/p>\n","protected":false},"excerpt":{"rendered":"<div class=\"mh-excerpt\"><p>Poitiers, Creuse, comment choisir un consultant en cybercriminalit\u00e9 ? Enqu\u00eate pour Piratage, constatation pour l&#8217;\u00e9valuation de la pension alimentaire, faux avis sur internet, recherche de <a class=\"mh-excerpt-more\" href=\"https:\/\/pacta.biz\/detective\/surinformation\/\" title=\"Surinformation\">[&#8230;]<\/a><\/p>\n<\/div>","protected":false},"author":1,"featured_media":0,"parent":0,"menu_order":0,"comment_status":"open","ping_status":"open","template":"","meta":{"_bbp_topic_count":0,"_bbp_reply_count":0,"_bbp_total_topic_count":0,"_bbp_total_reply_count":0,"_bbp_voice_count":0,"_bbp_anonymous_reply_count":0,"_bbp_topic_count_hidden":0,"_bbp_reply_count_hidden":0,"_bbp_forum_subforum_count":0,"footnotes":""},"class_list":["post-2356","page","type-page","status-publish","hentry"],"_links":{"self":[{"href":"https:\/\/pacta.biz\/detective\/wp-json\/wp\/v2\/pages\/2356","targetHints":{"allow":["GET"]}}],"collection":[{"href":"https:\/\/pacta.biz\/detective\/wp-json\/wp\/v2\/pages"}],"about":[{"href":"https:\/\/pacta.biz\/detective\/wp-json\/wp\/v2\/types\/page"}],"author":[{"embeddable":true,"href":"https:\/\/pacta.biz\/detective\/wp-json\/wp\/v2\/users\/1"}],"replies":[{"embeddable":true,"href":"https:\/\/pacta.biz\/detective\/wp-json\/wp\/v2\/comments?post=2356"}],"version-history":[{"count":0,"href":"https:\/\/pacta.biz\/detective\/wp-json\/wp\/v2\/pages\/2356\/revisions"}],"wp:attachment":[{"href":"https:\/\/pacta.biz\/detective\/wp-json\/wp\/v2\/media?parent=2356"}],"curies":[{"name":"wp","href":"https:\/\/api.w.org\/{rel}","templated":true}]}}