{"id":2352,"date":"2022-12-03T16:08:42","date_gmt":"2022-12-03T15:08:42","guid":{"rendered":"https:\/\/pacta.biz\/detective\/spear-phishing\/"},"modified":"2022-12-03T16:08:42","modified_gmt":"2022-12-03T15:08:42","slug":"spear-phishing","status":"publish","type":"page","link":"https:\/\/pacta.biz\/detective\/spear-phishing\/","title":{"rendered":"Spear phishing"},"content":{"rendered":"<p>Bourg-en-bresse, Gers, comment <strong>choisir un consultant en cybercriminalit\u00e9<\/strong> ? Enqu\u00eate pour Contrefa\u00e7on de logiciels, d\u00e9marque inconnue, entente illicite, r\u00e9alisation d&#8217;audits de s\u00fbret\u00e9, nos partenaires d\u00e9tectives priv\u00e9s vous accompagnent. Spear phishing, r\u00e9alisation d&#8217;audits de s\u00fbret\u00e9, d\u00e9couvrez les services Judicialis \u00ae.<\/p>\n<p>Spear phishing, atteintes aux syst\u00e8mes de traitement automatis\u00e9s de donn\u00e9es, le consultant en cybercriminalit\u00e9 prend en charge vos affaires dans le d\u00e9partement Gers, \u00e0 Calais, Evreux, Saint-Flour ou la r\u00e9gion Champagne-ArdenneArdennes (08) Aube (10) Marne (51) Haute-Marne (52).<\/p>\n<p><img decoding=\"async\" src=\"https:\/\/pacta.biz\/detective\/wp-content\/uploads\/sites\/20\/2022\/12\/site-alain-stevens-pacta-com.jpg\" alt=\"Spear phishing - Consultant en cybercriminalit\u00e9\" \/><\/p>\n<p>M\u00e9rignac<\/p>\n<h2>Consultant en cybers\u00e9curit\u00e9 Seine-Saint-Denis (93)<\/h2>\n<p>A Vitry-sur-Seine, un d\u00e9tective partenaire Vigifraude vous propose des enqu\u00eates pour paiement de pensions et recherche d\u2019h\u00e9ritiers ou d\u2019ayants droit, pour votre avocat sp\u00e9cialis\u00e9 en droit de la coop\u00e9ration agricole. d\u00e9marque inconnue, entente illicite, Vigifraude \u00ae vous propose des solutions.<\/p>\n<p>Le chapitre III contient les dispositions relatives \u00e0 l&#8217;entraide dans le domaine de la criminalit\u00e9 classique et informatique ainsi qu&#8217;aux r\u00e8gles d&#8217;extradition.<\/p>\n<h3>Contrefa\u00e7on de logiciels M\u00e9rignac<\/h3>\n<p>Nous intervenons pour des affaires de <a href=\"https:\/\/cybercrime.pacta.com\/protection-vie-privee\/\">protection vie priv\u00e9e<\/a>.<\/p>\n<p>DIRECCTE GRAND EST Direction r\u00e9gionale BAS-RHIN Grand-Est : 6 rue Gustave Adolphe Hirn, 67085 STRASBOURG CEDEX. T\u00e9l : 03 88 15 43 00. Fax : 03 88 15 43 43 Mail : ge.direction@direccte.gouv.fr. Gps : 48.576971,7.735265 Vous avez besoin d&#8217;un d\u00e9tective en r\u00e9gion Seine-Saint-Denis (93) pour un audit de s\u00e9curit\u00e9 fiscale ? D\u00e9couvrez les services Pacta \u00ae 360 Investigation.<\/p>\n<h2>Consultant en cybercriminalit\u00e9 16 &#8211; Charente<\/h2>\n<p>Vous avez un litige en cybercriminalit\u00e9 dans le d\u00e9partement 52 &#8211; Haute-Marne ou 57 &#8211; Moselle &#8211; Grand Est ?<\/p>\n<p><img decoding=\"async\" src=\"https:\/\/pacta.biz\/detective\/wp-content\/uploads\/sites\/20\/2022\/12\/alains-stevens-8-conseils-informatique-consultant-cybercrime-7.jpg\" alt=\"Contrefa\u00e7on de logiciels - Consultant en cybercriminalit\u00e9\" \/><\/p>\n<p>Les titres 2 \u00e0 4 traitent d&#8217;autres types d&#8221;infractions informatiques&#8217;, qui jouent un plus grand r\u00f4le dans la pratique et qui consistent \u00e0 utiliser les syst\u00e8mes informatiques et de t\u00e9l\u00e9communications pour attaquer certains int\u00e9r\u00eats juridiques qui, en r\u00e8gle g\u00e9n\u00e9rale, sont d\u00e9j\u00e0 prot\u00e9g\u00e9s par le droit p\u00e9nal contre les attaques men\u00e9es \u00e0 l&#8217;aide de moyens classiques.<\/p>\n<h3>Domaines malveillants Aix-les-Bains<\/h3>\n<p>D\u00e9couvrez nos services pour <a href=\"https:\/\/cybercrime.pacta.com\/escroqueries-sur-internet\/\">escroqueries sur internet<\/a>.<\/p>\n<p>L&#8217;acte d&#8217;interception des donn\u00e9es est justifi\u00e9, par exemple, si la personne qui effectue l&#8217;interception est en droit de le faire.<\/p>\n<h2>Intrusion dans les syst\u00e8mes de paiement : D\u00e9tective priv\u00e9 cybercriminalit\u00e9 et d\u00e9biteurs &#038; solvabilit\u00e9<\/h2>\n<p>Vous \u00eates hydrog\u00e9ologue, sapiteur, vous avez besoin d&#8217;un audit Web sur solution-invest.com, good-option.com, gmt-crypto.com, horizon-patrimoine.com ? Nous proposons des solutions, avec des d\u00e9tectives en r\u00e9gion Midi-Pyr\u00e9n\u00e9es. Acte de proc\u00e9dure : Acte respectant certaines formes pr\u00e9vues par la loi que les parties (le demandeur ou le d\u00e9fendeur), leur repr\u00e9sentant ou les auxiliaires de justice (avocat, avou\u00e9, huissier de justice&#8230;) doivent accomplir afin d&#8217;engager une action en justice (Exemple : assignation), d&#8217;assurer le bon d\u00e9roulement de l&#8217;instance, de la suspendre ou de l&#8217;\u00e9teindre.<\/p>\n<p>solution-invest.com : demandez un devis pour un audit Web. Les d\u00e9linquants d\u00e9tournent et maltraitent les nouveaux produits, services et syst\u00e8mes ou en font un usage abusif.<\/p>\n<h3>Dangers d&#8217;Internet Orl\u00e9anais (Orl\u00e9ans)<\/h3>\n<p>bforinvest.com, horus-ltd.com, quels sont les avis et t\u00e9moignages ? Un consultant en cybercriminalit\u00e9 enqu\u00eate pour les affaires de <a href=\"https:\/\/cybercrime.pacta.com\/fraude\/\">fraude<\/a>.<\/p>\n<p>Dans le cadre du programme communautaire Daphne, Childnet International m\u00e8ne actuellement un projet directement li\u00e9 \u00e0 Une question (&#8220;International Hotline Providers in Europe Forum&#8221;). Il faut une bonne coop\u00e9ration entre directions financi\u00e8res, juridiques, directions s\u00e9curit\u00e9 et informatique pour bien lutter contre le cybercriminalit\u00e9.<\/p>\n<p>financial-exchange.com : nous pouvons r\u00e9aliser un audit Web. Demandez un devis de d\u00e9tective priv\u00e9 pour des enqu\u00eates et recherches en tous domaines ou une recherche d\u2019adresses.<\/p>\n<p>La cr\u00e9ation de nouvelles structures informelles pour la coop\u00e9ration entre les services r\u00e9pressifs ou entre le public et le priv\u00e9 au niveau de l&#8217;Union pourrait \u00eatre une bonne id\u00e9e \u00e0 long terme, mais toutes les parties int\u00e9ress\u00e9es semblent d&#8217;avis que les structures actuelles suffisent, m\u00eame s&#8217;il est urgent d&#8217;en accro\u00eetre l&#8217;efficacit\u00e9. Existe-t&#8217;il un lien entre les diff\u00e9rents types de fraudes ?<\/p>\n<h4>Audit Vigifraude \u00ae sur banque-investissement.com et bforinvest.com<\/h4>\n<p>2r-capitallimited.com : que penser de ce site ? Vous avez besoin d&#8217;un devis pour une investigation sur <a href=\"https:\/\/cybercrime.pacta.com\/surveillance-du-net\/\">surveillance du net<\/a> ?<\/p>\n<p><img decoding=\"async\" src=\"https:\/\/pacta.biz\/detective\/wp-content\/uploads\/sites\/20\/2022\/12\/site-alain-stevens-pacta-com-1.jpg\" alt=\"Dangers d'Internet - Consultant en cybercriminalit\u00e9\" \/><\/p>\n<p>L&#8217;expression &#8216;mati\u00e8re pornographique&#8217; figurant au paragraphe 2 doit \u00eatre interpr\u00e9t\u00e9e conform\u00e9ment aux normes de droit interne concernant la classification du mat\u00e9riel comme obsc\u00e8ne, incompatible avec les moeurs publiques ou ayant \u00e0 un autre titre un effet pervers. Quelle importance accorder \u00e0 la pr\u00e9vention dans le risque en cybercriminalit\u00e9 ?<\/p>\n<p>Demandez un devis si vous souhaitez une enqu\u00eate informatique pour <a href=\"https:\/\/cybercrime.pacta.com\/injure-publique-commise-sur-internet\/\">injure publique commis sur internet<\/a>.<\/p>\n","protected":false},"excerpt":{"rendered":"<div class=\"mh-excerpt\"><p>Bourg-en-bresse, Gers, comment choisir un consultant en cybercriminalit\u00e9 ? Enqu\u00eate pour Contrefa\u00e7on de logiciels, d\u00e9marque inconnue, entente illicite, r\u00e9alisation d&#8217;audits de s\u00fbret\u00e9, nos partenaires d\u00e9tectives <a class=\"mh-excerpt-more\" href=\"https:\/\/pacta.biz\/detective\/spear-phishing\/\" title=\"Spear phishing\">[&#8230;]<\/a><\/p>\n<\/div>","protected":false},"author":1,"featured_media":0,"parent":0,"menu_order":0,"comment_status":"open","ping_status":"open","template":"","meta":{"_bbp_topic_count":0,"_bbp_reply_count":0,"_bbp_total_topic_count":0,"_bbp_total_reply_count":0,"_bbp_voice_count":0,"_bbp_anonymous_reply_count":0,"_bbp_topic_count_hidden":0,"_bbp_reply_count_hidden":0,"_bbp_forum_subforum_count":0,"footnotes":""},"class_list":["post-2352","page","type-page","status-publish","hentry"],"_links":{"self":[{"href":"https:\/\/pacta.biz\/detective\/wp-json\/wp\/v2\/pages\/2352","targetHints":{"allow":["GET"]}}],"collection":[{"href":"https:\/\/pacta.biz\/detective\/wp-json\/wp\/v2\/pages"}],"about":[{"href":"https:\/\/pacta.biz\/detective\/wp-json\/wp\/v2\/types\/page"}],"author":[{"embeddable":true,"href":"https:\/\/pacta.biz\/detective\/wp-json\/wp\/v2\/users\/1"}],"replies":[{"embeddable":true,"href":"https:\/\/pacta.biz\/detective\/wp-json\/wp\/v2\/comments?post=2352"}],"version-history":[{"count":0,"href":"https:\/\/pacta.biz\/detective\/wp-json\/wp\/v2\/pages\/2352\/revisions"}],"wp:attachment":[{"href":"https:\/\/pacta.biz\/detective\/wp-json\/wp\/v2\/media?parent=2352"}],"curies":[{"name":"wp","href":"https:\/\/api.w.org\/{rel}","templated":true}]}}