{"id":2344,"date":"2022-12-03T16:08:42","date_gmt":"2022-12-03T15:08:42","guid":{"rendered":"https:\/\/pacta.biz\/detective\/smartphones\/"},"modified":"2022-12-03T16:08:42","modified_gmt":"2022-12-03T15:08:42","slug":"smartphones","status":"publish","type":"page","link":"https:\/\/pacta.biz\/detective\/smartphones\/","title":{"rendered":"Smartphones"},"content":{"rendered":"<p>M\u00e2con, Pas-de-calais, comment <strong>choisir un consultant en cybercriminalit\u00e9<\/strong> ? Enqu\u00eate pour Falsification de donn\u00e9es, divulgation de donn\u00e9es sensibles, enqu\u00eate de patrimoine, proc\u00e9dure de divorce, nos partenaires d\u00e9tectives priv\u00e9s vous accompagnent. Smartphones, proc\u00e9dure de divorce, d\u00e9couvrez les services Judicialis \u00ae.<\/p>\n<p>Smartphones, cyberbullying, le consultant en cybercriminalit\u00e9 prend en charge vos affaires dans le d\u00e9partement Pas-de-calais, \u00e0 Annonay, Foix, Saint-Louis ou la r\u00e9gion R\u00e9gions d\u2019outre-mer : Guadeloupe Martinique Guyane La R\u00e9union Mayotte.<\/p>\n<p><img decoding=\"async\" src=\"https:\/\/pacta.biz\/detective\/wp-content\/uploads\/sites\/20\/2022\/12\/site-alain-stevens-pacta-com.jpg\" alt=\"Smartphones - Consultant en cybercriminalit\u00e9\" \/><\/p>\n<p>Les Ulis<\/p>\n<h2>Consultant en cybers\u00e9curit\u00e9 Paris (75)<\/h2>\n<p>A Limoges, un d\u00e9tective partenaire Vigifraude vous propose des enqu\u00eates pour enqu\u00eates patrimoniales et vol interne, pour votre avocat sp\u00e9cialis\u00e9 en droit de l\u2019arbitrage. divulgation de donn\u00e9es sensibles, enqu\u00eate de patrimoine, Vigifraude \u00ae vous propose des solutions.<\/p>\n<p>L&#8217;information et la communication circulent plus facilement que jamais \u00e0 travers le monde.<\/p>\n<h3>Falsification de donn\u00e9es Les Ulis<\/h3>\n<p>Nous intervenons pour des affaires de <a href=\"https:\/\/cybercrime.pacta.com\/risque-cyber\/\">risque cyber<\/a>.<\/p>\n<p>DDPP DE LA CHARENTE MARITIME Direction d\u00e9partementale CHARENTE-MARITIME Nouvelle-Aquitaine  : Cit\u00e9 administrative Duperr\u00e9 5 place des Cordeliers CS 40263, 17012 La Rochelle Cedex 1. T\u00e9l : 05 46 68 60 00. Fax : 05 46 68 06 93 Mail : ddpp@charente-maritime.gouv.fr. Gps : 46.162877,-1.145514 Vous avez besoin d&#8217;un d\u00e9tective en r\u00e9gion Paris (75) pour une baisse du chiffre d&#8217;affaires ? D\u00e9couvrez les services Pacta \u00ae 360 Investigation.<\/p>\n<h2>Consultant en cybercriminalit\u00e9 15 &#8211; Cantal<\/h2>\n<p>Vous avez un litige en cybercriminalit\u00e9 dans le d\u00e9partement 55 &#8211; Meuse ou 59 &#8211; Nord &#8211; Hauts-de-France ?<\/p>\n<p><img decoding=\"async\" src=\"https:\/\/pacta.biz\/detective\/wp-content\/uploads\/sites\/20\/2022\/12\/alains-stevens-8-conseils-informatique-consultant-cybercrime-7.jpg\" alt=\"Falsification de donn\u00e9es - Consultant en cybercriminalit\u00e9\" \/><\/p>\n<p>Les donn\u00e9es sont des auxiliaires de la communication elle-m\u00eame.<\/p>\n<h3>Perte de cr\u00e9dibilit\u00e9 Thouars<\/h3>\n<p>D\u00e9couvrez nos services pour <a href=\"https:\/\/cybercrime.pacta.com\/reproduction-frauduleuse-de-donnees\/\">reproduction frauduleuse de donn\u00e9es<\/a>.<\/p>\n<p>De plus, l&#8217;entrave doit \u00eatre &#8220;grave&#8221; pour donner lieu \u00e0 une sanction p\u00e9nale.<\/p>\n<h2>Vol de plans : D\u00e9tective priv\u00e9 cybercriminalit\u00e9 et d\u00e9tection de mat\u00e9riels d\u2019\u00e9coute<\/h2>\n<p>Vous \u00eates economiste-conseil, mandataire judiciaire \u00e0 la protection des majeurs, vous avez besoin d&#8217;un audit Web sur lepartenairefinancier.com, financial-futures-ltd.com, acheter-des-bitcoins.com, divinum-europe.com ? Nous proposons des solutions, avec des d\u00e9tectives en r\u00e9gion Rh\u00f4ne-Alpes. Assignation : Acte de proc\u00e9dure qui permet \u00e0  une personne (le demandeur) d&#8217;informer son adversaire (le d\u00e9fendeur) qu&#8217;elle engage un proc\u00e8s contre lui et l&#8217;appelle \u00e0  compara\u00eetre devant une juridiction.<\/p>\n<p>lepartenairefinancier.com : demandez un devis pour un audit Web. \u00c0 cause de la faiblesse des ressources financi\u00e8res et humaines, la n\u00e9cessaire planification \u00e0 long terme est souvent remplac\u00e9e par une strat\u00e9gie \u00e0 court terme et l&#8217;ex\u00e9cution correcte de projets de pr\u00e9vention ne recueille qu&#8217;une attention insuffisante.<\/p>\n<h3>Abus de confiance Maine (Le Mans)<\/h3>\n<p>secureriches.com\/bitcointraderc, goptions.com, quels sont les avis et t\u00e9moignages ? Un consultant en cybercriminalit\u00e9 enqu\u00eate pour les affaires de <a href=\"https:\/\/cybercrime.pacta.com\/espionnage-de-societes\/\">espionnage de soci\u00e9t\u00e9s<\/a>.<\/p>\n<p>Interception des communications : quels sont les textes ? Lacunes dans la formation des collaborateurs, absence de plan d&#8217;urgence, les entreprises sont expos\u00e9es.<\/p>\n<p>financialpartners-ltd.com : nous pouvons r\u00e9aliser un audit Web. Demandez un devis de d\u00e9tective priv\u00e9 pour des enqu\u00eates civiles et commerciales ou une solvabilit\u00e9.<\/p>\n<p>Cela n&#8217;est toutefois vrai qu&#8217;\u00e0 court terme. Organiser la lutte contre la fraude, tant externe qu&#8217;interne, c&#8217;est vital.<\/p>\n<h4>Audit Vigifraude \u00ae sur atos-limited.co.uk et secureriches.com\/bitcointraderc<\/h4>\n<p>world-coin.eu : que penser de ce site ? Vous avez besoin d&#8217;un devis pour une investigation sur <a href=\"https:\/\/cybercrime.pacta.com\/tor\/\">tor<\/a> ?<\/p>\n<p><img decoding=\"async\" src=\"https:\/\/pacta.biz\/detective\/wp-content\/uploads\/sites\/20\/2022\/12\/site-alain-stevens-pacta-com-1.jpg\" alt=\"Abus de confiance - Consultant en cybercriminalit\u00e9\" \/><\/p>\n<p>La &#8216;mise \u00e0 disposition&#8217; d\u00e9signe l&#8217;action consistant \u00e0 mettre des dispositifs en ligne pour qu&#8217;ils soient utilis\u00e9s par autrui. Dans les proc\u00e9dures de liquidation judiciaire, une entreprise peut engager une poursuite \u00e0 l&#8217;encontre de sa banque.<\/p>\n<p>Demandez un devis si vous souhaitez une enqu\u00eate informatique pour <a href=\"https:\/\/cybercrime.pacta.com\/piratage-de-comptes-bancaires-ou-de-moyens-de-paiement\/\">piratage de comptes bancaires ou de moyens de paiement<\/a>.<\/p>\n","protected":false},"excerpt":{"rendered":"<div class=\"mh-excerpt\"><p>M\u00e2con, Pas-de-calais, comment choisir un consultant en cybercriminalit\u00e9 ? Enqu\u00eate pour Falsification de donn\u00e9es, divulgation de donn\u00e9es sensibles, enqu\u00eate de patrimoine, proc\u00e9dure de divorce, nos <a class=\"mh-excerpt-more\" href=\"https:\/\/pacta.biz\/detective\/smartphones\/\" title=\"Smartphones\">[&#8230;]<\/a><\/p>\n<\/div>","protected":false},"author":1,"featured_media":0,"parent":0,"menu_order":0,"comment_status":"open","ping_status":"open","template":"","meta":{"_bbp_topic_count":0,"_bbp_reply_count":0,"_bbp_total_topic_count":0,"_bbp_total_reply_count":0,"_bbp_voice_count":0,"_bbp_anonymous_reply_count":0,"_bbp_topic_count_hidden":0,"_bbp_reply_count_hidden":0,"_bbp_forum_subforum_count":0,"footnotes":""},"class_list":["post-2344","page","type-page","status-publish","hentry"],"_links":{"self":[{"href":"https:\/\/pacta.biz\/detective\/wp-json\/wp\/v2\/pages\/2344","targetHints":{"allow":["GET"]}}],"collection":[{"href":"https:\/\/pacta.biz\/detective\/wp-json\/wp\/v2\/pages"}],"about":[{"href":"https:\/\/pacta.biz\/detective\/wp-json\/wp\/v2\/types\/page"}],"author":[{"embeddable":true,"href":"https:\/\/pacta.biz\/detective\/wp-json\/wp\/v2\/users\/1"}],"replies":[{"embeddable":true,"href":"https:\/\/pacta.biz\/detective\/wp-json\/wp\/v2\/comments?post=2344"}],"version-history":[{"count":0,"href":"https:\/\/pacta.biz\/detective\/wp-json\/wp\/v2\/pages\/2344\/revisions"}],"wp:attachment":[{"href":"https:\/\/pacta.biz\/detective\/wp-json\/wp\/v2\/media?parent=2344"}],"curies":[{"name":"wp","href":"https:\/\/api.w.org\/{rel}","templated":true}]}}