{"id":2303,"date":"2022-12-03T16:08:34","date_gmt":"2022-12-03T15:08:34","guid":{"rendered":"https:\/\/pacta.biz\/detective\/protection-des-donnees-a-caractere-personnel\/"},"modified":"2022-12-03T16:08:34","modified_gmt":"2022-12-03T15:08:34","slug":"protection-des-donnees-a-caractere-personnel","status":"publish","type":"page","link":"https:\/\/pacta.biz\/detective\/protection-des-donnees-a-caractere-personnel\/","title":{"rendered":"Protection des donn\u00e9es \u00e0 caract\u00e8re personnel"},"content":{"rendered":"<p>Vesoul, Creuse, comment <strong>choisir un consultant en cybercriminalit\u00e9<\/strong> ? Enqu\u00eate pour Sites utiles, d\u00e9bauchage massif, d\u00e9poussi\u00e9rage, vol de voiture, nos partenaires d\u00e9tectives priv\u00e9s vous accompagnent. Protection des donn\u00e9es \u00e0 caract\u00e8re personnel, vol de voiture, d\u00e9couvrez les services Judicialis \u00ae.<\/p>\n<p>Protection des donn\u00e9es \u00e0 caract\u00e8re personnel, hame\u00e7onnage, le consultant en cybercriminalit\u00e9 prend en charge vos affaires dans le d\u00e9partement Creuse, \u00e0 Bagnoles-de-l&#8217;Orne, Flers, Port-la-Nouvelle ou la r\u00e9gion Occitanie : Languedoc Roussillon-Midi\u00a0Pyr\u00e9n\u00e9es.<\/p>\n<p><img decoding=\"async\" src=\"https:\/\/pacta.biz\/detective\/wp-content\/uploads\/sites\/20\/2022\/12\/site-alain-stevens-pacta-com.jpg\" alt=\"Protection des donn\u00e9es \u00e0 caract\u00e8re personnel - Consultant en cybercriminalit\u00e9\" \/><\/p>\n<p>Lorient<\/p>\n<h2>Consultant en cybers\u00e9curit\u00e9 Corr\u00e8ze (19)<\/h2>\n<p>A Clermont-Ferrand, un d\u00e9tective partenaire Vigifraude vous propose des enqu\u00eates pour menaces num\u00e9riques et relations humaines, pour votre avocat sp\u00e9cialis\u00e9 en droit des mines. d\u00e9bauchage massif, d\u00e9poussi\u00e9rage, Vigifraude \u00ae vous propose des solutions.<\/p>\n<p>La Convention comprend donc quatre chapitres dont I  : Emploi des termes<\/p>\n<h3>Sites utiles Lorient<\/h3>\n<p>Nous intervenons pour des affaires de <a href=\"https:\/\/cybercrime.pacta.com\/adware\/\">adware<\/a>.<\/p>\n<p>Service Commun des Laboratoires SCN PARIS \u00cele-de-France : 59 boulevard Vincent Auriol, 75703 PARIS CEDEX 13. T\u00e9l : 01 44 87 17 17 Mail : . Gps : 48.835142,2.369157 Vous avez besoin d&#8217;un d\u00e9tective en r\u00e9gion Corr\u00e8ze (19) pour un contr\u00f4le de salari\u00e9s ind\u00e9licats ? D\u00e9couvrez les services Pacta \u00ae 360 Investigation.<\/p>\n<h2>Consultant en cybercriminalit\u00e9 78 &#8211; Yvelines<\/h2>\n<p>Vous avez un litige en cybercriminalit\u00e9 dans le d\u00e9partement 07 &#8211; Ard\u00e8che ou 17 &#8211; Charente-Maritime &#8211; Nouvelle-Aquitaine ?<\/p>\n<p><img decoding=\"async\" src=\"https:\/\/pacta.biz\/detective\/wp-content\/uploads\/sites\/20\/2022\/12\/alains-stevens-8-conseils-informatique-consultant-cybercrime-7.jpg\" alt=\"Sites utiles - Consultant en cybercriminalit\u00e9\" \/><\/p>\n<p>L&#8217;interdiction p\u00e9nale de l&#8217;acc\u00e8s non autoris\u00e9 permet d&#8217;accorder tr\u00e8s t\u00f4t, au syst\u00e8me et aux donn\u00e9es en tant que tels, une protection suppl\u00e9mentaire contre les risques susvis\u00e9s.<\/p>\n<h3>Engagement de la responsabilit\u00e9 des dirigeants Abbeville<\/h3>\n<p>D\u00e9couvrez nos services pour <a href=\"https:\/\/cybercrime.pacta.com\/rancongiciel\/\">ran\u00e7ongiciel<\/a>.<\/p>\n<p>L&#8217;introduction de codes malveillants tels que des virus ou des chevaux de Troie rel\u00e8ve donc des dispositions de ce paragraphe, de m\u00eame que la modification des donn\u00e9es qui r\u00e9sulte de cet acte.<\/p>\n<h2>Engagement de la responsabilit\u00e9 des dirigeants : D\u00e9tective priv\u00e9 cybercriminalit\u00e9 et contrefa\u00e7ons de produits et de marchandises<\/h2>\n<p>Vous \u00eates contr\u00f4le de c\u00e9r\u00e9ales et semences, traducteur, vous avez besoin d&#8217;un audit Web sur option-world.com, etrade-securities.com, admiral-markets.com, eminage.com ? Nous proposons des solutions, avec des d\u00e9tectives en r\u00e9gion Centre. Arr\u00eat\u00e9 : D\u00e9cision \u00e9manant d&#8217;une autorit\u00e9 administrative : ministre, pr\u00e9fet, maire.<\/p>\n<p>option-world.com : demandez un devis pour un audit Web. Les programmes correctement mis en oeuvre qui n&#8217;atteignent pas leur objectif, mais qui contribuent \u00e0 faire conna\u00eetre les causes de cet \u00e9chec, devraient \u00eatre r\u00e9compens\u00e9s en tant que succ\u00e8s.<\/p>\n<h3>Espionnage de soci\u00e9t\u00e9s Franche-Comt\u00e9 (Besan\u00e7on)<\/h3>\n<p>tradabank.com, ebinaires.biz, quels sont les avis et t\u00e9moignages ? Un consultant en cybercriminalit\u00e9 enqu\u00eate pour les affaires de <a href=\"https:\/\/cybercrime.pacta.com\/cybersecurite\/\">cybers\u00e9curit\u00e9<\/a>.<\/p>\n<p>Il est \u00e9galement n\u00e9cessaire de consentir des investissements plus importants dans ce domaine, tant en ce qui concerne la modernisation des syst\u00e8mes informatiques qu&#8217;en mati\u00e8re de formation du personnel, afin que les autorit\u00e9s douani\u00e8res parviennent \u00e0 une plus grande efficacit\u00e9 dans l&#8217;ex\u00e9cution de leurs t\u00e2ches. Qui est responsable en cas de falsification d&#8217;une carte de paiement ?<\/p>\n<p>fx-vantage.com : nous pouvons r\u00e9aliser un audit Web. Demandez un devis de d\u00e9tective priv\u00e9 pour des enqu\u00eates pour les particuliers et les professionnels ou des recherches diverses.<\/p>\n<p>Option de politique g\u00e9n\u00e9rale n\u00b0 4 : Il a \u00e9t\u00e9 estim\u00e9 que cette option comportait plusieurs mesures strat\u00e9giques tr\u00e8s pertinentes. En suisse, plus de 3 millions d&#8217;adresses mail et des mots de passe sont accessibles sur internet.<\/p>\n<h4>Audit Vigifraude \u00ae sur bclbrokers.com et tradabank.com<\/h4>\n<p>rjlitten.com : que penser de ce site ? Vous avez besoin d&#8217;un devis pour une investigation sur <a href=\"https:\/\/cybercrime.pacta.com\/secret-des-affaires\/\">secret des affaires<\/a> ?<\/p>\n<p><img decoding=\"async\" src=\"https:\/\/pacta.biz\/detective\/wp-content\/uploads\/sites\/20\/2022\/12\/site-alain-stevens-pacta-com-1.jpg\" alt=\"Espionnage de soci\u00e9t\u00e9s - Consultant en cybercriminalit\u00e9\" \/><\/p>\n<p>L&#8217;expression &#8216;comportement sexuellement explicite&#8217; d\u00e9signe au moins l&#8217;un ou l&#8217;autre des comportements r\u00e9els ou simul\u00e9s comme l&#8217;exhibition lascive des parties g\u00e9nitales ou de la r\u00e9gion pubienne d&#8217;un mineur. Lacunes dans la formation des collaborateurs, absence de plan d&#8217;urgence, les entreprises sont expos\u00e9es.<\/p>\n<p>Demandez un devis si vous souhaitez une enqu\u00eate informatique pour <a href=\"https:\/\/cybercrime.pacta.com\/politique-de-securite\/\">politique de s\u00e9curit\u00e9<\/a>.<\/p>\n","protected":false},"excerpt":{"rendered":"<div class=\"mh-excerpt\"><p>Vesoul, Creuse, comment choisir un consultant en cybercriminalit\u00e9 ? Enqu\u00eate pour Sites utiles, d\u00e9bauchage massif, d\u00e9poussi\u00e9rage, vol de voiture, nos partenaires d\u00e9tectives priv\u00e9s vous accompagnent. <a class=\"mh-excerpt-more\" href=\"https:\/\/pacta.biz\/detective\/protection-des-donnees-a-caractere-personnel\/\" title=\"Protection des donn\u00e9es \u00e0 caract\u00e8re personnel\">[&#8230;]<\/a><\/p>\n<\/div>","protected":false},"author":1,"featured_media":0,"parent":0,"menu_order":0,"comment_status":"open","ping_status":"open","template":"","meta":{"_bbp_topic_count":0,"_bbp_reply_count":0,"_bbp_total_topic_count":0,"_bbp_total_reply_count":0,"_bbp_voice_count":0,"_bbp_anonymous_reply_count":0,"_bbp_topic_count_hidden":0,"_bbp_reply_count_hidden":0,"_bbp_forum_subforum_count":0,"footnotes":""},"class_list":["post-2303","page","type-page","status-publish","hentry"],"_links":{"self":[{"href":"https:\/\/pacta.biz\/detective\/wp-json\/wp\/v2\/pages\/2303","targetHints":{"allow":["GET"]}}],"collection":[{"href":"https:\/\/pacta.biz\/detective\/wp-json\/wp\/v2\/pages"}],"about":[{"href":"https:\/\/pacta.biz\/detective\/wp-json\/wp\/v2\/types\/page"}],"author":[{"embeddable":true,"href":"https:\/\/pacta.biz\/detective\/wp-json\/wp\/v2\/users\/1"}],"replies":[{"embeddable":true,"href":"https:\/\/pacta.biz\/detective\/wp-json\/wp\/v2\/comments?post=2303"}],"version-history":[{"count":0,"href":"https:\/\/pacta.biz\/detective\/wp-json\/wp\/v2\/pages\/2303\/revisions"}],"wp:attachment":[{"href":"https:\/\/pacta.biz\/detective\/wp-json\/wp\/v2\/media?parent=2303"}],"curies":[{"name":"wp","href":"https:\/\/api.w.org\/{rel}","templated":true}]}}