{"id":2271,"date":"2022-12-03T16:08:26","date_gmt":"2022-12-03T15:08:26","guid":{"rendered":"https:\/\/pacta.biz\/detective\/ordre-public\/"},"modified":"2022-12-03T16:08:26","modified_gmt":"2022-12-03T15:08:26","slug":"ordre-public","status":"publish","type":"page","link":"https:\/\/pacta.biz\/detective\/ordre-public\/","title":{"rendered":"Ordre public"},"content":{"rendered":"<p>Alen\u00e7on, Morbihan, comment <strong>choisir un consultant en cybercriminalit\u00e9<\/strong> ? Enqu\u00eate pour Politique de s\u00e9curit\u00e9, contr\u00f4le d\u2019emploi du temps, non-respect d&#8217;une clause de non concurrence, recherche d\u2019h\u00e9ritiers pour les notaires, nos partenaires d\u00e9tectives priv\u00e9s vous accompagnent. Ordre public, recherche d\u2019h\u00e9ritiers pour les notaires, d\u00e9couvrez les services Judicialis \u00ae.<\/p>\n<p>Ordre public, vol d&#8217;actifs incorporels strat\u00e9giques, le consultant en cybercriminalit\u00e9 prend en charge vos affaires dans le d\u00e9partement Morbihan, \u00e0 Chamonix-Mont-Blanc, Eymoutiers, Objat ou la r\u00e9gion Alsace Bas-Rhin (67) Haut-Rhin au Sud (68).<\/p>\n<p><img decoding=\"async\" src=\"https:\/\/pacta.biz\/detective\/wp-content\/uploads\/sites\/20\/2022\/12\/site-alain-stevens-pacta-com.jpg\" alt=\"Ordre public - Consultant en cybercriminalit\u00e9\" \/><\/p>\n<p>Melun<\/p>\n<h2>Consultant en cybers\u00e9curit\u00e9 Seine-Saint-Denis (93)<\/h2>\n<p>A Montpellier, un d\u00e9tective partenaire Vigifraude vous propose des enqu\u00eates pour infid\u00e9lit\u00e9 et travail au noir, pour votre avocat sp\u00e9cialis\u00e9 en fiscalit\u00e9 immobili\u00e8re. contr\u00f4le d\u2019emploi du temps, non-respect d&#8217;une clause de non concurrence, Vigifraude \u00ae vous propose des solutions.<\/p>\n<p>Le chapitre IV contient les clauses finales qui &#8211; \u00e0 quelques exceptions pr\u00e8s &#8211; reprennent les dispositions types des trait\u00e9s du Conseil de l&#8217;Europe.<\/p>\n<h3>Politique de s\u00e9curit\u00e9 Melun<\/h3>\n<p>Nous intervenons pour des affaires de <a href=\"https:\/\/cybercrime.pacta.com\/detournement-de-fonds\/\">d\u00e9tournement de fonds<\/a>.<\/p>\n<p>DIECCTE DE LA REUNION &#8211; P\u00f4le C P\u00f4le REUNION R\u00e9union  : RUE DU BOIS DE NEFLE 12, LOTISSEMENT LEMERLE, 97488 SAINT-DENIS CEDEX. T\u00e9l : 02 62 90 21 41. Fax : 02 62 21 09 97 Mail : 974.polec@dieccte.gouv.fr. Gps : -20.889108,55.456417 Vous avez besoin d&#8217;un d\u00e9tective en r\u00e9gion Seine-Saint-Denis (93) pour un d\u00e9nigrement commercial ? D\u00e9couvrez les services Pacta \u00ae 360 Investigation.<\/p>\n<h2>Consultant en cybercriminalit\u00e9 68 &#8211; Haut-Rhin<\/h2>\n<p>Vous avez un litige en cybercriminalit\u00e9 dans le d\u00e9partement 67 &#8211; Bas-Rhin ou 54 &#8211; Meurthe-et-Moselle &#8211; Grand Est ?<\/p>\n<p><img decoding=\"async\" src=\"https:\/\/pacta.biz\/detective\/wp-content\/uploads\/sites\/20\/2022\/12\/alains-stevens-8-conseils-informatique-consultant-cybercrime-7.jpg\" alt=\"Politique de s\u00e9curit\u00e9 - Consultant en cybercriminalit\u00e9\" \/><\/p>\n<p>La parade ne saurait \u00eatre compl\u00e8te sans la menace et l&#8217;application de mesures de droit p\u00e9nal.<\/p>\n<h3>Cyber\u00e9thique S\u00e8te<\/h3>\n<p>D\u00e9couvrez nos services pour <a href=\"https:\/\/cybercrime.pacta.com\/spams\/\">spams<\/a>.<\/p>\n<p>Par &#8216;suppression&#8217; des donn\u00e9es informatiques, on entend tout acte \u00e0 la suite duquel ces donn\u00e9es ne sont pas ou plus accessibles \u00e0 la personne ayant acc\u00e8s \u00e0 l&#8217;ordinateur ou au support sur lequel les donn\u00e9es \u00e9taient stock\u00e9es. Le terme &#8216;alt\u00e9ration&#8217; signifie la modification de donn\u00e9es existantes.<\/p>\n<h2>Atteinte \u00e0 l&#8217;e-r\u00e9putation : D\u00e9tective priv\u00e9 cybercriminalit\u00e9 et concurrence d\u00e9loyale dans les entreprises<\/h2>\n<p>Vous \u00eates huissier de justice, ost\u00e9opathe, vous avez besoin d&#8217;un audit Web sur londonbrokersoptions.com, goldwinmarket.com, admiral-markets.com, land.premium-diamond.com ? Nous proposons des solutions, avec des d\u00e9tectives en r\u00e9gion Pays de la Loire. Biens communs : En principe, ils sont partag\u00e9s par moiti\u00e9 apr\u00e8s la dissolution de la communaut\u00e9 des \u00e9poux. Exemple : en cas de divorce.<\/p>\n<p>londonbrokersoptions.com : demandez un devis pour un audit Web. Les discussions au sein du REPC ont surtout port\u00e9 sur la strat\u00e9gie dite \u00aben cinq \u00e9tapes\u00bb. Il s&#8217;agit des \u00abcinq \u00e9tapes\u00bb \u00e0 parcourir pour la description et l&#8217;\u00e9valuation de chaque projet\/mesure de pr\u00e9vention .<\/p>\n<h3>Kits d\u2019hame\u00e7onnage \u00cele-de-France (Paris)<\/h3>\n<p>kryptofx.com, byrix.com, quels sont les avis et t\u00e9moignages ? Un consultant en cybercriminalit\u00e9 enqu\u00eate pour les affaires de <a href=\"https:\/\/cybercrime.pacta.com\/cyberguerre-economique\/\">cyberguerre \u00e9conomique<\/a>.<\/p>\n<p>Conform\u00e9ment aux directives communautaires sur la protection des donn\u00e9es \u00e0 caract\u00e8re personnel, et plus pr\u00e9cis\u00e9ment au principe g\u00e9n\u00e9ral de limitation des transferts \u00e0 une finalit\u00e9 sp\u00e9cifique \u00e9nonc\u00e9 dans la directive 95\/46\/CE et aux dispositions particuli\u00e8res contenues dans la directive 97\/66\/CE, les donn\u00e9es relatives au trafic doivent \u00eatre effac\u00e9es ou rendues anonymes d\u00e8s que le service de t\u00e9l\u00e9communications a \u00e9t\u00e9 fourni, sauf lorsqu&#8217;elles sont n\u00e9cessaires \u00e0 des fins de facturation. La fraude fiscale \u00e9voluant en permanence, la lutte contre les diff\u00e9rentes formes de fraudes fiscales1 doit sans cesse s&#8217;adapter.<\/p>\n<p>gold-heritage.com : nous pouvons r\u00e9aliser un audit Web. Demandez un devis de d\u00e9tective priv\u00e9 pour une intelligence \u00e9conomique ou une recherche d&#8217;employeur.<\/p>\n<p>Durant la phase initiale de consultations, il est apparu que les donn\u00e9es et les statistiques \u00e9taient insuffisantes, une des raisons principales pour lesquelles la Commission a command\u00e9 en 2006 une \u00e9tude externe qui constitue la principale base de la pr\u00e9sente analyse d&#8217;impact. Pour que la division s\u00e9curit\u00e9 interne puisse mener ses enqu\u00eates dans tous les domaines, ses effectifs devraient \u00eatre doubl\u00e9s par rapport \u00e0 leur \u00e9tat actuel, et vous avez besoin d&#8217;un d\u00e9tective.<\/p>\n<h4>Audit Vigifraude \u00ae sur bocapital.com et kryptofx.com<\/h4>\n<p>morganandjohnson.com : que penser de ce site ? Vous avez besoin d&#8217;un devis pour une investigation sur <a href=\"https:\/\/cybercrime.pacta.com\/donnees-massives\/\">donn\u00e9es massives<\/a> ?<\/p>\n<p><img decoding=\"async\" src=\"https:\/\/pacta.biz\/detective\/wp-content\/uploads\/sites\/20\/2022\/12\/site-alain-stevens-pacta-com-1.jpg\" alt=\"Kits d\u2019hame\u00e7onnage - Consultant en cybercriminalit\u00e9\" \/><\/p>\n<p>La solution consistant \u00e0 inclure tous les dispositifs, m\u00eame ceux dont la production et la diffusion sont licites, a \u00e9galement \u00e9t\u00e9 \u00e9cart\u00e9e. Quelle est la finalit\u00e9 \u00e9conomique fondamentale de l&#8217;entreprise?<\/p>\n<p>Demandez un devis si vous souhaitez une enqu\u00eate informatique pour <a href=\"https:\/\/cybercrime.pacta.com\/piratage-de-boite-mails\/\">piratage de bo\u00eete mails<\/a>.<\/p>\n","protected":false},"excerpt":{"rendered":"<div class=\"mh-excerpt\"><p>Alen\u00e7on, Morbihan, comment choisir un consultant en cybercriminalit\u00e9 ? Enqu\u00eate pour Politique de s\u00e9curit\u00e9, contr\u00f4le d\u2019emploi du temps, non-respect d&#8217;une clause de non concurrence, recherche <a class=\"mh-excerpt-more\" href=\"https:\/\/pacta.biz\/detective\/ordre-public\/\" title=\"Ordre public\">[&#8230;]<\/a><\/p>\n<\/div>","protected":false},"author":1,"featured_media":0,"parent":0,"menu_order":0,"comment_status":"open","ping_status":"open","template":"","meta":{"_bbp_topic_count":0,"_bbp_reply_count":0,"_bbp_total_topic_count":0,"_bbp_total_reply_count":0,"_bbp_voice_count":0,"_bbp_anonymous_reply_count":0,"_bbp_topic_count_hidden":0,"_bbp_reply_count_hidden":0,"_bbp_forum_subforum_count":0,"footnotes":""},"class_list":["post-2271","page","type-page","status-publish","hentry"],"_links":{"self":[{"href":"https:\/\/pacta.biz\/detective\/wp-json\/wp\/v2\/pages\/2271","targetHints":{"allow":["GET"]}}],"collection":[{"href":"https:\/\/pacta.biz\/detective\/wp-json\/wp\/v2\/pages"}],"about":[{"href":"https:\/\/pacta.biz\/detective\/wp-json\/wp\/v2\/types\/page"}],"author":[{"embeddable":true,"href":"https:\/\/pacta.biz\/detective\/wp-json\/wp\/v2\/users\/1"}],"replies":[{"embeddable":true,"href":"https:\/\/pacta.biz\/detective\/wp-json\/wp\/v2\/comments?post=2271"}],"version-history":[{"count":0,"href":"https:\/\/pacta.biz\/detective\/wp-json\/wp\/v2\/pages\/2271\/revisions"}],"wp:attachment":[{"href":"https:\/\/pacta.biz\/detective\/wp-json\/wp\/v2\/media?parent=2271"}],"curies":[{"name":"wp","href":"https:\/\/api.w.org\/{rel}","templated":true}]}}