{"id":2261,"date":"2022-12-03T16:08:26","date_gmt":"2022-12-03T15:08:26","guid":{"rendered":"https:\/\/pacta.biz\/detective\/medias-sociaux\/"},"modified":"2022-12-03T16:08:26","modified_gmt":"2022-12-03T15:08:26","slug":"medias-sociaux","status":"publish","type":"page","link":"https:\/\/pacta.biz\/detective\/medias-sociaux\/","title":{"rendered":"M\u00e9dias sociaux"},"content":{"rendered":"<p>Ajaccio, Charente-maritime, comment <strong>choisir un consultant en cybercriminalit\u00e9<\/strong> ? Enqu\u00eate pour Violation de donn\u00e9es personnelles, contr\u00f4le emploi du temps, fr\u00e9quentations douteuses sur mineurs, recherche de personne disparue, nos partenaires d\u00e9tectives priv\u00e9s vous accompagnent. M\u00e9dias sociaux, recherche de personne disparue, d\u00e9couvrez les services Judicialis \u00ae.<\/p>\n<p>M\u00e9dias sociaux, d\u00e9nigrement, le consultant en cybercriminalit\u00e9 prend en charge vos affaires dans le d\u00e9partement Charente-maritime, \u00e0 Beauzelle, Cosne-Cours-sur-Loire, Saint-L\u00e9onard-de-Noblat ou la r\u00e9gion Hauts-de-France :Nord Pas de Calais-Picardie.<\/p>\n<p><img decoding=\"async\" src=\"https:\/\/pacta.biz\/detective\/wp-content\/uploads\/sites\/20\/2022\/12\/site-alain-stevens-pacta-com.jpg\" alt=\"M\u00e9dias sociaux - Consultant en cybercriminalit\u00e9\" \/><\/p>\n<p>Les Rousses<\/p>\n<h2>Consultant en cybers\u00e9curit\u00e9 Finist\u00e8re (29)<\/h2>\n<p>A Poitiers, un d\u00e9tective partenaire Vigifraude vous propose des enqu\u00eates pour enqu\u00eates civiles et commerciales et t\u00e9moignages, pour votre avocat sp\u00e9cialis\u00e9 en droit commercial, des affaires et de la concurrence. contr\u00f4le emploi du temps, fr\u00e9quentations douteuses sur mineurs, Vigifraude \u00ae vous propose des solutions.<\/p>\n<p>La Section 2 du chapitre II, questions de droit proc\u00e9dural \u00e9nonce ensuite les pouvoirs de proc\u00e9dure suivants comme la collecte en temps r\u00e9el des donn\u00e9es relatives au trafic.<\/p>\n<h3>Violation de donn\u00e9es personnelles Les Rousses<\/h3>\n<p>Nous intervenons pour des affaires de <a href=\"https:\/\/cybercrime.pacta.com\/protection-de-l-information\/\">protection de l&#8217;information<\/a>.<\/p>\n<p>Cabinet Direction G\u00e9n\u00e9rale PARIS \u00cele-de-France  : teledoc 073 59 boulevard Vincent Auriol, 75703 PARIS CEDEX 13. T\u00e9l : 01.44.97.31.81. Fax : 01.44.97.30.36 Mail : cabinet@dgccrf.finances.gouv.fr. Gps : 48.835142,2.369157 Vous avez besoin d&#8217;un d\u00e9tective en r\u00e9gion Finist\u00e8re (29) pour une alcool\u00e9mie ? D\u00e9couvrez les services Pacta \u00ae 360 Investigation.<\/p>\n<h2>Consultant en cybercriminalit\u00e9 95 &#8211; Val-d&#8217;Oise<\/h2>\n<p>Vous avez un litige en cybercriminalit\u00e9 dans le d\u00e9partement 55 &#8211; Meuse ou 71 &#8211; Sa\u00f4ne-et-Loire &#8211; Bourgogne-Franche-Comt\u00e9 ?<\/p>\n<p><img decoding=\"async\" src=\"https:\/\/pacta.biz\/detective\/wp-content\/uploads\/sites\/20\/2022\/12\/alains-stevens-8-conseils-informatique-consultant-cybercrime-7.jpg\" alt=\"Violation de donn\u00e9es personnelles - Consultant en cybercriminalit\u00e9\" \/><\/p>\n<p>La collecte de donn\u00e9es relatives au traficne r\u00e9v\u00e8le pas le contenu de la communication, jug\u00e9 plus sensible.<\/p>\n<h3>Maquillage virtuel Toul<\/h3>\n<p>D\u00e9couvrez nos services pour <a href=\"https:\/\/cybercrime.pacta.com\/social-engineering\/\">social engineering<\/a>.<\/p>\n<p>Les logiciels d&#8217;acc\u00e8s \u00e0 l&#8217;Internet sont l\u00e9gitimes et ne sont donc pas p\u00e9nalis\u00e9es par le pr\u00e9sent article.<\/p>\n<h2>Escroquerie : D\u00e9tective priv\u00e9 cybercriminalit\u00e9 et d\u00e9tection d&#8217;\u00e9coute<\/h2>\n<p>Vous \u00eates assistant technique, r\u00e9dacteur, vous avez besoin d&#8217;un audit Web sur invest-option.com, finpari.com, paiement-bitcoin.com, investir-cheptel.com ? Nous proposons des solutions, avec des d\u00e9tectives en r\u00e9gion Alsace. Action civile : Cette action peut \u00eatre exerc\u00e9e, au choix des victimes, soit en m\u00eame temps que l&#8217;action publique devant les juridictions p\u00e9nales, soit s\u00e9par\u00e9ment devant les juridictions civiles.<\/p>\n<p>invest-option.com : demandez un devis pour un audit Web. [13] Voir l&#8217;article 1er, paragraphe 3, de la d\u00e9cision du Conseil du 28 mai 2001 instituant un R\u00e9seau europ\u00e9en de pr\u00e9vention de la criminalit\u00e9, JO L 153 du 8.6.2001, p. 1.<\/p>\n<h3>Vid\u00e9oprotection Flandre fran\u00e7aise et Hainaut fran\u00e7ais (Lille, conseil souverain \u00e0 Douai)<\/h3>\n<p>01crypto.com, colonus-hedging.com, quels sont les avis et t\u00e9moignages ? Un consultant en cybercriminalit\u00e9 enqu\u00eate pour les affaires de <a href=\"https:\/\/cybercrime.pacta.com\/maquillage-virtuel\/\">maquillage virtuel<\/a>.<\/p>\n<p>Un forum tient des r\u00e9unions pl\u00e9ni\u00e8res trois ou quatre fois par an et dispose d&#8217;un certain nombre de groupes de travail permanents. Qui est responsable en cas de piratage, de perte d&#8217;une carte de paiement ?<\/p>\n<p>franceconsultingvin.com : nous pouvons r\u00e9aliser un audit Web. Demandez un devis de d\u00e9tective priv\u00e9 pour des fuites d&#8217;informations sensibles ou une v\u00e9rification de cv.<\/p>\n<p>L&#8217;adoption de mesures de mise en \u0153uvre ad\u00e9quates pourrait avoir une tr\u00e8s forte incidence. Qu&#8217;est-ce qu&#8217;une fraude astucieuse et comment y faire face ?<\/p>\n<h4>Audit Vigifraude \u00ae sur binoa.com et 01crypto.com<\/h4>\n<p>tradition-bovin.com : que penser de ce site ? Vous avez besoin d&#8217;un devis pour une investigation sur <a href=\"https:\/\/cybercrime.pacta.com\/cyberstrategie\/\">cyberstrat\u00e9gie<\/a> ?<\/p>\n<p><img decoding=\"async\" src=\"https:\/\/pacta.biz\/detective\/wp-content\/uploads\/sites\/20\/2022\/12\/site-alain-stevens-pacta-com-1.jpg\" alt=\"Vid\u00e9oprotection - Consultant en cybercriminalit\u00e9\" \/><\/p>\n<p>Les manipulations informatiques frauduleuses sont incrimin\u00e9es si elles occasionnent directement \u00e0 autrui un pr\u00e9judice \u00e9conomique ou mat\u00e9riel et si le d\u00e9linquant a agi dans l&#8217;intention d&#8217;obtenir un avantage \u00e9conomique ill\u00e9gitime pour lui-m\u00eame ou pour autrui. \u00catre chef d&#8217;entreprise n&#8217;est pas une profession sans risques.<\/p>\n<p>Demandez un devis si vous souhaitez une enqu\u00eate informatique pour <a href=\"https:\/\/cybercrime.pacta.com\/cyber-intimidation\/\">cyber-intimidation<\/a>.<\/p>\n","protected":false},"excerpt":{"rendered":"<div class=\"mh-excerpt\"><p>Ajaccio, Charente-maritime, comment choisir un consultant en cybercriminalit\u00e9 ? Enqu\u00eate pour Violation de donn\u00e9es personnelles, contr\u00f4le emploi du temps, fr\u00e9quentations douteuses sur mineurs, recherche de <a class=\"mh-excerpt-more\" href=\"https:\/\/pacta.biz\/detective\/medias-sociaux\/\" title=\"M\u00e9dias sociaux\">[&#8230;]<\/a><\/p>\n<\/div>","protected":false},"author":1,"featured_media":0,"parent":0,"menu_order":0,"comment_status":"open","ping_status":"open","template":"","meta":{"_bbp_topic_count":0,"_bbp_reply_count":0,"_bbp_total_topic_count":0,"_bbp_total_reply_count":0,"_bbp_voice_count":0,"_bbp_anonymous_reply_count":0,"_bbp_topic_count_hidden":0,"_bbp_reply_count_hidden":0,"_bbp_forum_subforum_count":0,"footnotes":""},"class_list":["post-2261","page","type-page","status-publish","hentry"],"_links":{"self":[{"href":"https:\/\/pacta.biz\/detective\/wp-json\/wp\/v2\/pages\/2261","targetHints":{"allow":["GET"]}}],"collection":[{"href":"https:\/\/pacta.biz\/detective\/wp-json\/wp\/v2\/pages"}],"about":[{"href":"https:\/\/pacta.biz\/detective\/wp-json\/wp\/v2\/types\/page"}],"author":[{"embeddable":true,"href":"https:\/\/pacta.biz\/detective\/wp-json\/wp\/v2\/users\/1"}],"replies":[{"embeddable":true,"href":"https:\/\/pacta.biz\/detective\/wp-json\/wp\/v2\/comments?post=2261"}],"version-history":[{"count":0,"href":"https:\/\/pacta.biz\/detective\/wp-json\/wp\/v2\/pages\/2261\/revisions"}],"wp:attachment":[{"href":"https:\/\/pacta.biz\/detective\/wp-json\/wp\/v2\/media?parent=2261"}],"curies":[{"name":"wp","href":"https:\/\/api.w.org\/{rel}","templated":true}]}}