{"id":2228,"date":"2022-12-03T16:08:18","date_gmt":"2022-12-03T15:08:18","guid":{"rendered":"https:\/\/pacta.biz\/detective\/insecurite-numerique\/"},"modified":"2022-12-03T16:08:18","modified_gmt":"2022-12-03T15:08:18","slug":"insecurite-numerique","status":"publish","type":"page","link":"https:\/\/pacta.biz\/detective\/insecurite-numerique\/","title":{"rendered":"Ins\u00e9curit\u00e9 num\u00e9rique"},"content":{"rendered":"<p>Strasbourg, Allier, comment <strong>choisir un consultant en cybercriminalit\u00e9<\/strong> ? Enqu\u00eate pour Dark Web, divulgation de donn\u00e9es sensibles, d\u00e9tection de mat\u00e9riels d\u2019\u00e9coute, sous-location illicite, nos partenaires d\u00e9tectives priv\u00e9s vous accompagnent. Ins\u00e9curit\u00e9 num\u00e9rique, sous-location illicite, d\u00e9couvrez les services Judicialis \u00ae.<\/p>\n<p>Ins\u00e9curit\u00e9 num\u00e9rique, actes de nature raciste ou x\u00e9nophobe, le consultant en cybercriminalit\u00e9 prend en charge vos affaires dans le d\u00e9partement Allier, \u00e0 Bretagne, Foix, Pithiviers ou la r\u00e9gion Lorraine Meurthe-et-Moselle (54) Meuse (55) Moselle (57) Vosges (88.<\/p>\n<p><img decoding=\"async\" src=\"https:\/\/pacta.biz\/detective\/wp-content\/uploads\/sites\/20\/2022\/12\/site-alain-stevens-pacta-com.jpg\" alt=\"Ins\u00e9curit\u00e9 num\u00e9rique - Consultant en cybercriminalit\u00e9\" \/><\/p>\n<p>Neuville-de-Poitou<\/p>\n<h2>Consultant en cybers\u00e9curit\u00e9 Ni\u00e8vre (58)<\/h2>\n<p>A Le Mans, un d\u00e9tective partenaire Vigifraude vous propose des enqu\u00eates pour non-respect des r\u00e8gles de s\u00e9curit\u00e9 au travail et surveillance et filature, pour votre avocat sp\u00e9cialis\u00e9 en copropri\u00e9t\u00e9. divulgation de donn\u00e9es sensibles, d\u00e9tection de mat\u00e9riels d\u2019\u00e9coute, Vigifraude \u00ae vous propose des solutions.<\/p>\n<p>Un instrument de lutte contre ces nouveaux ph\u00e9nom\u00e8nes devrait non seulement pr\u00e9voir des mesures de coop\u00e9ration internationale.<\/p>\n<h3>Dark Web Neuville-de-Poitou<\/h3>\n<p>Nous intervenons pour des affaires de <a href=\"https:\/\/cybercrime.pacta.com\/donnees-privees\/\">donn\u00e9es priv\u00e9es<\/a>.<\/p>\n<p>DDCSPP DE SAVOIE Direction d\u00e9partementale SAVOIE Auvergne-Rh\u00f4ne-Alpes : 321 Chemin des Moulins B.P. 91113, 73011 CHAMBERY CEDEX. T\u00e9l : 04 56 11 06 09. Fax : 04 56 11 06 25 Mail : ddcspp@savoie.gouv.fr. Gps : 45.570279,5.928172 Vous avez besoin d&#8217;un d\u00e9tective en r\u00e9gion Ni\u00e8vre (58) pour un d\u00e9nigrement ou diffamation ? D\u00e9couvrez les services Pacta \u00ae 360 Investigation.<\/p>\n<h2>Consultant en cybercriminalit\u00e9 30 &#8211; Gard<\/h2>\n<p>Vous avez un litige en cybercriminalit\u00e9 dans le d\u00e9partement 09 &#8211; Ari\u00e8ge ou 67 &#8211; Bas-Rhin &#8211; Grand Est ?<\/p>\n<p><img decoding=\"async\" src=\"https:\/\/pacta.biz\/detective\/wp-content\/uploads\/sites\/20\/2022\/12\/alains-stevens-8-conseils-informatique-consultant-cybercrime-7.jpg\" alt=\"Dark Web - Consultant en cybercriminalit\u00e9\" \/><\/p>\n<p>Toutes les infractions \u00e9num\u00e9r\u00e9es dans la Convention doivent \u00eatre commises de fa\u00e7on &#8220;intentionnelle&#8221; pour que la responsabilit\u00e9 p\u00e9nale soit engag\u00e9e. Dans certains cas, un \u00e9l\u00e9ment intentionnel sp\u00e9cifique suppl\u00e9mentaire fait partie int\u00e9grante de l&#8217;infraction.<\/p>\n<h3>Jeux d&#8217;argent en ligne Vichy<\/h3>\n<p>D\u00e9couvrez nos services pour <a href=\"https:\/\/cybercrime.pacta.com\/saturation-de-sites-internet\/\">saturation de sites internet<\/a>.<\/p>\n<p>L&#8217;entrave doit r\u00e9sulter de l&#8217;introduction, du transfert, de l&#8217;endommagement, de l&#8217;effacement, de l&#8217;alt\u00e9ration ou de la suppression de donn\u00e9es informatiques.<\/p>\n<h2>Atteintes aux syst\u00e8mes de traitement automatis\u00e9 de donn\u00e9es : D\u00e9tective priv\u00e9 cybercriminalit\u00e9 et arr\u00eat maladie de complaisance<\/h2>\n<p>Vous \u00eates g\u00e9ographe, psychosociologue, vous avez besoin d&#8217;un audit Web sur obmarkets.com, igm-markets.com, euro-cryptos.com, invest-wine.fr ? Nous proposons des solutions, avec des d\u00e9tectives en r\u00e9gion Basse-Normandie. Commission de surendettement des particuliers : Commission administrative implant\u00e9e dans chaque d\u00e9partement et charg\u00e9e d&#8217;examiner les demandes des particuliers qui sont dans l&#8217;impossibilit\u00e9 de faire face \u00e0  l&#8217;ensemble de leurs dettes non professionnelles.<\/p>\n<p>obmarkets.com : demandez un devis pour un audit Web. Les autorit\u00e9s de financement devraient attirer l&#8217;attention de celles qui assurent la mise en oeuvre des programmes de pr\u00e9vention sur les bonnes et meilleures pratiques existantes et sur les possibilit\u00e9s de les appliquer.<\/p>\n<h3>Sites malveillants Bretagne (Rennes)<\/h3>\n<p>positiva-ad.com, gftrades.com, quels sont les avis et t\u00e9moignages ? Un consultant en cybercriminalit\u00e9 enqu\u00eate pour les affaires de <a href=\"https:\/\/cybercrime.pacta.com\/piratage-de-comptes-bancaires-ou-de-moyens-de-paiement\/\">piratage de comptes bancaires ou de moyens de paiement<\/a>.<\/p>\n<p>Il faudra aussi, pour chacun de ces composants, une protection appropri\u00e9e, qui variera en fonction de la partie de l&#8217;espace de nom de domaine et de la client\u00e8le \u00e0 laquelle le service est fourni. Un mineur ne peut donc pas \u00eatre sanctionn\u00e9 aussi durement qu&#8217;un majeur.<\/p>\n<p>diamonstore.com : nous pouvons r\u00e9aliser un audit Web. Demandez un devis de d\u00e9tective priv\u00e9 pour une malveillance informatique ou la s\u00e9curit\u00e9 \u00e9conomique.<\/p>\n<p>Vu l&#8217;importance des r\u00e9percussions connexes, il conviendrait \u00e9galement de clarifier le r\u00f4le de la Commission \u00e0 cet \u00e9gard. Un d\u00e9tective intervient directement aupr\u00e8s des entreprises qu&#8217;il conseille.<\/p>\n<h4>Audit Vigifraude \u00ae sur binary-limited.com et positiva-ad.com<\/h4>\n<p>wine-of-excellence.com : que penser de ce site ? Vous avez besoin d&#8217;un devis pour une investigation sur <a href=\"https:\/\/cybercrime.pacta.com\/tracking\/\">tracking<\/a> ?<\/p>\n<p><img decoding=\"async\" src=\"https:\/\/pacta.biz\/detective\/wp-content\/uploads\/sites\/20\/2022\/12\/site-alain-stevens-pacta-com-1.jpg\" alt=\"Sites malveillants - Consultant en cybercriminalit\u00e9\" \/><\/p>\n<p>Il a \u00e9t\u00e9 convenu que la tromperie quant \u00e0 l&#8217;authenticit\u00e9 se rapporte au minimum \u00e0 l&#8217;\u00e9metteur des donn\u00e9es, ind\u00e9pendamment de l&#8217;exactitude ou de la v\u00e9racit\u00e9 du contenu de ces donn\u00e9es. Les Parties peuvent aller plus loin et pr\u00e9voir que le terme &#8216;authentique&#8217; s&#8217;applique aussi aux donn\u00e9es. En cas de difficult\u00e9s, les associ\u00e9s de SARL perdront uniquement les apports qu&#8217;ils ont effectu\u00e9s \u00e0 la SARL.<\/p>\n<p>Demandez un devis si vous souhaitez une enqu\u00eate informatique pour <a href=\"https:\/\/cybercrime.pacta.com\/criminal-skimming\/\">criminal skimming<\/a>.<\/p>\n","protected":false},"excerpt":{"rendered":"<div class=\"mh-excerpt\"><p>Strasbourg, Allier, comment choisir un consultant en cybercriminalit\u00e9 ? Enqu\u00eate pour Dark Web, divulgation de donn\u00e9es sensibles, d\u00e9tection de mat\u00e9riels d\u2019\u00e9coute, sous-location illicite, nos partenaires <a class=\"mh-excerpt-more\" href=\"https:\/\/pacta.biz\/detective\/insecurite-numerique\/\" title=\"Ins\u00e9curit\u00e9 num\u00e9rique\">[&#8230;]<\/a><\/p>\n<\/div>","protected":false},"author":1,"featured_media":0,"parent":0,"menu_order":0,"comment_status":"open","ping_status":"open","template":"","meta":{"_bbp_topic_count":0,"_bbp_reply_count":0,"_bbp_total_topic_count":0,"_bbp_total_reply_count":0,"_bbp_voice_count":0,"_bbp_anonymous_reply_count":0,"_bbp_topic_count_hidden":0,"_bbp_reply_count_hidden":0,"_bbp_forum_subforum_count":0,"footnotes":""},"class_list":["post-2228","page","type-page","status-publish","hentry"],"_links":{"self":[{"href":"https:\/\/pacta.biz\/detective\/wp-json\/wp\/v2\/pages\/2228","targetHints":{"allow":["GET"]}}],"collection":[{"href":"https:\/\/pacta.biz\/detective\/wp-json\/wp\/v2\/pages"}],"about":[{"href":"https:\/\/pacta.biz\/detective\/wp-json\/wp\/v2\/types\/page"}],"author":[{"embeddable":true,"href":"https:\/\/pacta.biz\/detective\/wp-json\/wp\/v2\/users\/1"}],"replies":[{"embeddable":true,"href":"https:\/\/pacta.biz\/detective\/wp-json\/wp\/v2\/comments?post=2228"}],"version-history":[{"count":0,"href":"https:\/\/pacta.biz\/detective\/wp-json\/wp\/v2\/pages\/2228\/revisions"}],"wp:attachment":[{"href":"https:\/\/pacta.biz\/detective\/wp-json\/wp\/v2\/media?parent=2228"}],"curies":[{"name":"wp","href":"https:\/\/api.w.org\/{rel}","templated":true}]}}