{"id":2206,"date":"2022-12-03T16:08:15","date_gmt":"2022-12-03T15:08:15","guid":{"rendered":"https:\/\/pacta.biz\/detective\/guerre-psychologique\/"},"modified":"2022-12-03T16:08:15","modified_gmt":"2022-12-03T15:08:15","slug":"guerre-psychologique","status":"publish","type":"page","link":"https:\/\/pacta.biz\/detective\/guerre-psychologique\/","title":{"rendered":"Guerre psychologique"},"content":{"rendered":"<p>La rochelle, Maine-et-loire, comment <strong>choisir un consultant en cybercriminalit\u00e9<\/strong> ? Enqu\u00eate pour Atteinte \u00e0 l&#8217;e-r\u00e9putation, contre-espionnage industriel et commercial, non-respect des r\u00e8gles de s\u00e9curit\u00e9 au travail, pension alimentaire, nos partenaires d\u00e9tectives priv\u00e9s vous accompagnent. Guerre psychologique, pension alimentaire, d\u00e9couvrez les services Judicialis \u00ae.<\/p>\n<p>Guerre psychologique, modification frauduleuse de donn\u00e9es, le consultant en cybercriminalit\u00e9 prend en charge vos affaires dans le d\u00e9partement Maine-et-loire, \u00e0 Bach, Evry, Saint-Flour ou la r\u00e9gion Auvergne Allier\u00a0 (03) Cantal (15) Haute Loire (43).<\/p>\n<p><img decoding=\"async\" src=\"https:\/\/pacta.biz\/detective\/wp-content\/uploads\/sites\/20\/2022\/12\/site-alain-stevens-pacta-com.jpg\" alt=\"Guerre psychologique - Consultant en cybercriminalit\u00e9\" \/><\/p>\n<p>Marmande<\/p>\n<h2>Consultant en cybers\u00e9curit\u00e9 Yonne (89)<\/h2>\n<p>A Versailles, un d\u00e9tective partenaire Vigifraude vous propose des enqu\u00eates pour preuves et recherche de personnes disparues, pour votre avocat sp\u00e9cialis\u00e9 en droit des nouvelles technologies, de l\u2019informatique et de la communication. contre-espionnage industriel et commercial, non-respect des r\u00e8gles de s\u00e9curit\u00e9 au travail, Vigifraude \u00ae vous propose des solutions.<\/p>\n<p>Le Comit\u00e9  pourra formuler des suggestions concernant d&#8217;autres questions \u00e0 examiner en tenant compte de l&#8217;\u00e9volution technique.&#8221;<\/p>\n<h3>Atteinte \u00e0 l&#8217;e-r\u00e9putation Marmande<\/h3>\n<p>Nous intervenons pour des affaires de <a href=\"https:\/\/cybercrime.pacta.com\/internet-of-things\/\">internet of things<\/a>.<\/p>\n<p>SERVICE NATIONAL DES ENQUETES SCN PARIS \u00cele-de-France  : T\u00e9l\u00e9doc 062 59 Boulevard Vincent Auriol, 75703 PARIS Cedex 13. T\u00e9l : 01.44.97.31.10. Fax : 01.44.97.07.78 Mail : sne@dgccrf.finances.gouv.fr. Gps : 48.835142,2.369157 Vous avez besoin d&#8217;un d\u00e9tective en r\u00e9gion Yonne (89) pour un d\u00e9poussi\u00e9rage ? D\u00e9couvrez les services Pacta \u00ae 360 Investigation.<\/p>\n<h2>Consultant en cybercriminalit\u00e9 85 &#8211; Vend\u00e9e<\/h2>\n<p>Vous avez un litige en cybercriminalit\u00e9 dans le d\u00e9partement 86 &#8211; Vienne ou 59 &#8211; Nord &#8211; Hauts-de-France ?<\/p>\n<p><img decoding=\"async\" src=\"https:\/\/pacta.biz\/detective\/wp-content\/uploads\/sites\/20\/2022\/12\/alains-stevens-8-conseils-informatique-consultant-cybercrime-7.jpg\" alt=\"Atteinte \u00e0 l'e-r\u00e9putation - Consultant en cybercriminalit\u00e9\" \/><\/p>\n<p>Par \u00ab origine \u00bb, on entend un num\u00e9ro de t\u00e9l\u00e9phone, une adresse IP ou un moyen similaire d&#8217;identifier un dispositif de communication auquel un prestataire de services fournit des.<\/p>\n<h3>D\u00e9nigrement en ligne Troyes<\/h3>\n<p>D\u00e9couvrez nos services pour <a href=\"https:\/\/cybercrime.pacta.com\/atteintes-aux-droits-de-la-personne-lies-aux-fichiers-ou-traitement-informatiques\/\">atteintes aux droits de la personne li\u00e9s aux fichiers ou traitement informatiques<\/a>.<\/p>\n<p>Le terme &#8220;entrave&#8221; se rapporte \u00e0 des actions qui portent atteinte au bon fonctionnement du syst\u00e8me informatique.<\/p>\n<h2>Propri\u00e9t\u00e9 intellectuelle : D\u00e9tective priv\u00e9 cybercriminalit\u00e9 et baisse du chiffre d&#8217;affaires<\/h2>\n<p>Vous \u00eates charg\u00e9 d&#8217;enqu\u00eate \u00e0 titre lib\u00e9ral, noteur, vous avez besoin d&#8217;un audit Web sur pocketoption.com, globaltrader365.net, cryptocash24.com, infoscrypto.com ? Nous proposons des solutions, avec des d\u00e9tectives en r\u00e9gion Provence-Alpes-C\u00f4te d&#8217;Azur. \u00e9tablissement p\u00e9nitentiaire pour mineurs (EPM) :  Chaque mineur est encadr\u00e9 par un \u00e9ducateur de la PJJ et un surveillant p\u00e9nitentiaire.<\/p>\n<p>pocketoption.com : demandez un devis pour un audit Web. D&#8217;un point de vue pr\u00e9ventif, il y a donc \u00e9galement lieu de se concentrer sur ce domaine important.<\/p>\n<h3>Cybermalfaiteurs Dauphin\u00e9 (Grenoble)<\/h3>\n<p>cryptosone.com, geoption.com, quels sont les avis et t\u00e9moignages ? Un consultant en cybercriminalit\u00e9 enqu\u00eate pour les affaires de <a href=\"https:\/\/cybercrime.pacta.com\/traitement-illegal-de-donnees-a-caractere-personnel\/\">traitement ill\u00e9gal de donn\u00e9es \u00e0 caract\u00e8re personnel<\/a>.<\/p>\n<p>Dans le cadre du forum europ\u00e9en propos\u00e9 (voir point 6.4 de la pr\u00e9sente communication), la Commission invitera toutes les parties concern\u00e9es \u00e0 proc\u00e9der, en priorit\u00e9, \u00e0 un examen approfondi de la question complexe de la conservation des donn\u00e9es relatives au trafic en vue de trouver en commun des solutions appropri\u00e9es, \u00e9quilibr\u00e9es et proportionn\u00e9es, qui respectent int\u00e9gralement les droits fondamentaux au respect de la vie priv\u00e9e et \u00e0 la protection des donn\u00e9es. La fraude externe et la fraude interne sont souvent li\u00e9es.<\/p>\n<p>infoscrypto.com : nous pouvons r\u00e9aliser un audit Web. Demandez un devis de d\u00e9tective priv\u00e9 pour une proc\u00e9dure de divorce ou une veille technologique.<\/p>\n<p>Option de politique g\u00e9n\u00e9rale n\u00b0 2 : La conclusion \u00e9tait que cette option ne pouvait faire l&#8217;objet que d&#8217;une mise en \u0153uvre tr\u00e8s minutieuse et de longue haleine. Existe-t&#8217;il un lien entre les diff\u00e9rents types de fraudes ?<\/p>\n<h4>Audit Vigifraude \u00ae sur binarylowcost.com et cryptosone.com<\/h4>\n<p>private-diamond.com\/fr : que penser de ce site ? Vous avez besoin d&#8217;un devis pour une investigation sur <a href=\"https:\/\/cybercrime.pacta.com\/securite-numerique\/\">s\u00e9curit\u00e9 num\u00e9rique<\/a> ?<\/p>\n<p><img decoding=\"async\" src=\"https:\/\/pacta.biz\/detective\/wp-content\/uploads\/sites\/20\/2022\/12\/site-alain-stevens-pacta-com-1.jpg\" alt=\"Cybermalfaiteurs - Consultant en cybercriminalit\u00e9\" \/><\/p>\n<p>Dans certains cas, il peut s&#8217;agir d&#8217;images alt\u00e9r\u00e9es, telles que des images morphis\u00e9es de personnes physiques, voire d&#8217;images totalement fabriqu\u00e9es par l&#8217;ordinateur. Le vol interne, c&#8217;est un probl\u00e8me important pour les entreprises.<\/p>\n<p>Demandez un devis si vous souhaitez une enqu\u00eate informatique pour <a href=\"https:\/\/cybercrime.pacta.com\/securite-informatique\/\">s\u00e9curit\u00e9 informatique<\/a>.<\/p>\n","protected":false},"excerpt":{"rendered":"<div class=\"mh-excerpt\"><p>La rochelle, Maine-et-loire, comment choisir un consultant en cybercriminalit\u00e9 ? Enqu\u00eate pour Atteinte \u00e0 l&#8217;e-r\u00e9putation, contre-espionnage industriel et commercial, non-respect des r\u00e8gles de s\u00e9curit\u00e9 au <a class=\"mh-excerpt-more\" href=\"https:\/\/pacta.biz\/detective\/guerre-psychologique\/\" title=\"Guerre psychologique\">[&#8230;]<\/a><\/p>\n<\/div>","protected":false},"author":1,"featured_media":0,"parent":0,"menu_order":0,"comment_status":"open","ping_status":"open","template":"","meta":{"_bbp_topic_count":0,"_bbp_reply_count":0,"_bbp_total_topic_count":0,"_bbp_total_reply_count":0,"_bbp_voice_count":0,"_bbp_anonymous_reply_count":0,"_bbp_topic_count_hidden":0,"_bbp_reply_count_hidden":0,"_bbp_forum_subforum_count":0,"footnotes":""},"class_list":["post-2206","page","type-page","status-publish","hentry"],"_links":{"self":[{"href":"https:\/\/pacta.biz\/detective\/wp-json\/wp\/v2\/pages\/2206","targetHints":{"allow":["GET"]}}],"collection":[{"href":"https:\/\/pacta.biz\/detective\/wp-json\/wp\/v2\/pages"}],"about":[{"href":"https:\/\/pacta.biz\/detective\/wp-json\/wp\/v2\/types\/page"}],"author":[{"embeddable":true,"href":"https:\/\/pacta.biz\/detective\/wp-json\/wp\/v2\/users\/1"}],"replies":[{"embeddable":true,"href":"https:\/\/pacta.biz\/detective\/wp-json\/wp\/v2\/comments?post=2206"}],"version-history":[{"count":0,"href":"https:\/\/pacta.biz\/detective\/wp-json\/wp\/v2\/pages\/2206\/revisions"}],"wp:attachment":[{"href":"https:\/\/pacta.biz\/detective\/wp-json\/wp\/v2\/media?parent=2206"}],"curies":[{"name":"wp","href":"https:\/\/api.w.org\/{rel}","templated":true}]}}