{"id":2202,"date":"2022-12-03T16:08:15","date_gmt":"2022-12-03T15:08:15","guid":{"rendered":"https:\/\/pacta.biz\/detective\/guerre-d-image\/"},"modified":"2022-12-03T16:08:15","modified_gmt":"2022-12-03T15:08:15","slug":"guerre-d-image","status":"publish","type":"page","link":"https:\/\/pacta.biz\/detective\/guerre-d-image\/","title":{"rendered":"Guerre d&#8217;image"},"content":{"rendered":"<p>Troyes, Manche, comment <strong>choisir un consultant en cybercriminalit\u00e9<\/strong> ? Enqu\u00eate pour Vuln\u00e9rabilit\u00e9s informationnelles, alcool\u00e9mie, d\u00e9tournement d&#8217;h\u00e9ritage, vol interne, nos partenaires d\u00e9tectives priv\u00e9s vous accompagnent. Guerre d&#8217;image, vol interne, d\u00e9couvrez les services Judicialis \u00ae.<\/p>\n<p>Guerre d&#8217;image, atteinte \u00e0 un syst\u00e8me de traitement automatis\u00e9 de donn\u00e9es, le consultant en cybercriminalit\u00e9 prend en charge vos affaires dans le d\u00e9partement Manche, \u00e0 Argenton-sur-Creuse, Forbach, Poix-Terron ou la r\u00e9gion R\u00e9gions d\u2019outre-mer : Guadeloupe Martinique Guyane La R\u00e9union Mayotte.<\/p>\n<p><img decoding=\"async\" src=\"https:\/\/pacta.biz\/detective\/wp-content\/uploads\/sites\/20\/2022\/12\/site-alain-stevens-pacta-com.jpg\" alt=\"Guerre d'image - Consultant en cybercriminalit\u00e9\" \/><\/p>\n<p>Montlu\u00e7on<\/p>\n<h2>Consultant en cybers\u00e9curit\u00e9 Vaucluse (84)<\/h2>\n<p>A Montpellier, un d\u00e9tective partenaire Vigifraude vous propose des enqu\u00eates pour entente illicite et vol interne, pour votre avocat sp\u00e9cialis\u00e9 en fiscalit\u00e9 de l&#8217;activit\u00e9 professionnelle. alcool\u00e9mie, d\u00e9tournement d&#8217;h\u00e9ritage, Vigifraude \u00ae vous propose des solutions.<\/p>\n<p>La Section 2 du chapitre II, questions de droit proc\u00e9dural \u00e9nonce ensuite les pouvoirs de proc\u00e9dure suivants comme l&#8217;interception de donn\u00e9es relatives au contenu. Le chapitre II s&#8217;ach\u00e8ve sur des dispositions relatives \u00e0 la comp\u00e9tence.<\/p>\n<h3>Vuln\u00e9rabilit\u00e9s informationnelles Montlu\u00e7on<\/h3>\n<p>Nous intervenons pour des affaires de <a href=\"https:\/\/cybercrime.pacta.com\/infractions-specifiques-aux-technologies-de-l-information-et-de-la-communication\/\">infractions sp\u00e9cifiques aux technologies de l&#8217;information et de la communication<\/a>.<\/p>\n<p>Service de l&#8217;informatique SCN PARIS \u00cele-de-France  : T\u00e9l\u00e9doc 221 59 boulevard Vincent Auriol, 75703 PARIS CEDEX 13. T\u00e9l : 01.44.97.24.44. Fax : 01.44.97.30.35 Mail : SICCRF@dgccrf.finances.gouv.fr. Gps : 48.835142,2.369157 Vous avez besoin d&#8217;un d\u00e9tective en r\u00e9gion Vaucluse (84) pour un d\u00e9nigrement ? D\u00e9couvrez les services Pacta \u00ae 360 Investigation.<\/p>\n<h2>Consultant en cybercriminalit\u00e9 10 &#8211; Aube<\/h2>\n<p>Vous avez un litige en cybercriminalit\u00e9 dans le d\u00e9partement 01 &#8211; Ain ou 05 &#8211; Hautes-Alpes &#8211; Provence-Alpes-C\u00f4te d&#8217;Azur ?<\/p>\n<p><img decoding=\"async\" src=\"https:\/\/pacta.biz\/detective\/wp-content\/uploads\/sites\/20\/2022\/12\/alains-stevens-8-conseils-informatique-consultant-cybercrime-7.jpg\" alt=\"Vuln\u00e9rabilit\u00e9s informationnelles - Consultant en cybercriminalit\u00e9\" \/><\/p>\n<p>La proc\u00e9dure ordinaire de collecte et de divulgation de donn\u00e9es informatiques risque d&#8217;\u00eatre insuffisante.<\/p>\n<h3>Dangers d&#8217;Internet Vars<\/h3>\n<p>D\u00e9couvrez nos services pour <a href=\"https:\/\/cybercrime.pacta.com\/paiement-sans-contact\/\">paiement sans contact<\/a>.<\/p>\n<p>Une disposition vise \u00e0 p\u00e9naliser l&#8217;entrave intentionnelle \u00e0 l&#8217;usage l\u00e9gitime de syst\u00e8mes informatiques, y compris de syst\u00e8mes de t\u00e9l\u00e9communications, en utilisant ou en influen\u00e7ant des donn\u00e9es informatiques.<\/p>\n<h2>Diffusion de contenus illicites : D\u00e9tective priv\u00e9 cybercriminalit\u00e9 et contr\u00f4le de travail non d\u00e9clar\u00e9<\/h2>\n<p>Vous \u00eates accompagnateur de moyenne montagne, plasticien conseil, vous avez besoin d&#8217;un audit Web sur swiss-banque.com, generaldebank.com, crypto-eco.com, diampatrimoine.com ? Nous proposons des solutions, avec des d\u00e9tectives en r\u00e9gion Bourgogne-Franche-Comt\u00e9. Autorit\u00e9 parentale : L&#8217;autorit\u00e9 parentale comporte notamment le droit et le devoir de prot\u00e9ger l&#8217;enfant, de le nourrir, de l&#8217;h\u00e9berger, d&#8217;assurer son \u00e9ducation, de veiller \u00e0  sa sant\u00e9, sa s\u00e9curit\u00e9 et sa moralit\u00e9.<\/p>\n<p>swiss-banque.com : demandez un devis pour un audit Web. Dans de nombreux \u00c9tats membres de l&#8217;Union, le nombre de cambriolages domestiques conna\u00eet un recul remarquable.<\/p>\n<h3>Blanchiment d&#8217;argent et corruption Comt\u00e9 de Foix (Foix)<\/h3>\n<p>mycrypto24.com, financial-futures-ltd.com, quels sont les avis et t\u00e9moignages ? Un consultant en cybercriminalit\u00e9 enqu\u00eate pour les affaires de <a href=\"https:\/\/cybercrime.pacta.com\/robots\/\">robots<\/a>.<\/p>\n<p>Les droits fondamentaux au respect de la vie priv\u00e9e et \u00e0 la protection des donn\u00e9es sont, en outre, inscrits dans la Charte des droits fondamentaux de l&#8217;Union europ\u00e9enne. En cybercriminalit\u00e9, le risque z\u00e9ro n&#8217;existe pas.<\/p>\n<p>fr.investdiamond.com : nous pouvons r\u00e9aliser un audit Web. Demandez un devis de d\u00e9tective priv\u00e9 pour une d\u00e9tournement de marchandises ou des statuts sociaux.<\/p>\n<p>Cette option pourrait avoir des r\u00e9percussions tr\u00e8s importantes, mais vu la faible probabilit\u00e9 que de r\u00e9els progr\u00e8s soient accomplis \u00e0 court terme, elle est al\u00e9atoire \u00e0 court terme. Les outils de lutte contre la fraude reposent sur des moteurs de r\u00e8gles.<\/p>\n<h4>Audit Vigifraude \u00ae sur barclaysbroker.com et mycrypto24.com<\/h4>\n<p>vin-sur-vin.net : que penser de ce site ? Vous avez besoin d&#8217;un devis pour une investigation sur <a href=\"https:\/\/cybercrime.pacta.com\/intrusion-dans-les-reseaux-informatiques\/\">intrusion dans les r\u00e9seaux informatiques<\/a> ?<\/p>\n<p><img decoding=\"async\" src=\"https:\/\/pacta.biz\/detective\/wp-content\/uploads\/sites\/20\/2022\/12\/site-alain-stevens-pacta-com-1.jpg\" alt=\"Blanchiment d'argent et corruption - Consultant en cybercriminalit\u00e9\" \/><\/p>\n<p>Si les infractions existantes couvrent d\u00e9j\u00e0 des comportements, il n&#8217;est n\u00e9cessaire, ni de modifier ces incriminations, ni de d\u00e9finir de nouvelles infractions. Dans les affaires de cybercrime, on peut retrouver le skimming (fausse carte), le vol des donn\u00e9es personnelles.<\/p>\n<p>Demandez un devis si vous souhaitez une enqu\u00eate informatique pour <a href=\"https:\/\/cybercrime.pacta.com\/cybercrime\/\">cybercrime<\/a>.<\/p>\n","protected":false},"excerpt":{"rendered":"<div class=\"mh-excerpt\"><p>Troyes, Manche, comment choisir un consultant en cybercriminalit\u00e9 ? Enqu\u00eate pour Vuln\u00e9rabilit\u00e9s informationnelles, alcool\u00e9mie, d\u00e9tournement d&#8217;h\u00e9ritage, vol interne, nos partenaires d\u00e9tectives priv\u00e9s vous accompagnent. Guerre <a class=\"mh-excerpt-more\" href=\"https:\/\/pacta.biz\/detective\/guerre-d-image\/\" title=\"Guerre d&#8217;image\">[&#8230;]<\/a><\/p>\n<\/div>","protected":false},"author":1,"featured_media":0,"parent":0,"menu_order":0,"comment_status":"open","ping_status":"open","template":"","meta":{"_bbp_topic_count":0,"_bbp_reply_count":0,"_bbp_total_topic_count":0,"_bbp_total_reply_count":0,"_bbp_voice_count":0,"_bbp_anonymous_reply_count":0,"_bbp_topic_count_hidden":0,"_bbp_reply_count_hidden":0,"_bbp_forum_subforum_count":0,"footnotes":""},"class_list":["post-2202","page","type-page","status-publish","hentry"],"_links":{"self":[{"href":"https:\/\/pacta.biz\/detective\/wp-json\/wp\/v2\/pages\/2202","targetHints":{"allow":["GET"]}}],"collection":[{"href":"https:\/\/pacta.biz\/detective\/wp-json\/wp\/v2\/pages"}],"about":[{"href":"https:\/\/pacta.biz\/detective\/wp-json\/wp\/v2\/types\/page"}],"author":[{"embeddable":true,"href":"https:\/\/pacta.biz\/detective\/wp-json\/wp\/v2\/users\/1"}],"replies":[{"embeddable":true,"href":"https:\/\/pacta.biz\/detective\/wp-json\/wp\/v2\/comments?post=2202"}],"version-history":[{"count":0,"href":"https:\/\/pacta.biz\/detective\/wp-json\/wp\/v2\/pages\/2202\/revisions"}],"wp:attachment":[{"href":"https:\/\/pacta.biz\/detective\/wp-json\/wp\/v2\/media?parent=2202"}],"curies":[{"name":"wp","href":"https:\/\/api.w.org\/{rel}","templated":true}]}}