{"id":2186,"date":"2022-12-03T16:08:11","date_gmt":"2022-12-03T15:08:11","guid":{"rendered":"https:\/\/pacta.biz\/detective\/fraude-identitaire\/"},"modified":"2022-12-03T16:08:11","modified_gmt":"2022-12-03T15:08:11","slug":"fraude-identitaire","status":"publish","type":"page","link":"https:\/\/pacta.biz\/detective\/fraude-identitaire\/","title":{"rendered":"Fraude identitaire"},"content":{"rendered":"<p>Basse-terre, Yvelines, comment <strong>choisir un consultant en cybercriminalit\u00e9<\/strong> ? Enqu\u00eate pour Crime \u00e9conomique, diffamation et d\u00e9nigrement, malveillance informatique, recherche d&#8217;informations, nos partenaires d\u00e9tectives priv\u00e9s vous accompagnent. Fraude identitaire, recherche d&#8217;informations, d\u00e9couvrez les services Judicialis \u00ae.<\/p>\n<p>Fraude identitaire, atteintes \u00e0 l&#8217;e-r\u00e9putation des entreprises, le consultant en cybercriminalit\u00e9 prend en charge vos affaires dans le d\u00e9partement Yvelines, \u00e0 Chasseneuil-du-Poitou, Etretat, Quiberon ou la r\u00e9gion Rh\u00f4ne (69) Savoie (73) Haute-Savoie (74) Auvergne-Rh\u00f4ne-Alpes.<\/p>\n<p><img decoding=\"async\" src=\"https:\/\/pacta.biz\/detective\/wp-content\/uploads\/sites\/20\/2022\/12\/site-alain-stevens-pacta-com.jpg\" alt=\"Fraude identitaire - Consultant en cybercriminalit\u00e9\" \/><\/p>\n<p>Navenne<\/p>\n<h2>Consultant en cybers\u00e9curit\u00e9 Deux-S\u00e8vres (79)<\/h2>\n<p>A Marseille, un d\u00e9tective partenaire Vigifraude vous propose des enqu\u00eates pour missions confidentielles et \u00e9valuation de la pension alimentaire, pour votre avocat sp\u00e9cialis\u00e9 en fiscalit\u00e9 de l&#8217;activit\u00e9 professionnelle. diffamation et d\u00e9nigrement, malveillance informatique, Vigifraude \u00ae vous propose des solutions.<\/p>\n<p>\u00c9tant donn\u00e9 que les r\u00e9seaux informatiques ignorent les fronti\u00e8res, un effort international concert\u00e9 s&#8217;impose pour faire face \u00e0 de tels abus.<\/p>\n<h3>Crime \u00e9conomique Navenne<\/h3>\n<p>Nous intervenons pour des affaires de <a href=\"https:\/\/cybercrime.pacta.com\/guerre-numerique\/\">guerre num\u00e9rique<\/a>.<\/p>\n<p>DDPP DE MEURTHE-ET-MOSELLE Direction d\u00e9partementale MEURTHE-ET-MOSELLE Grand-Est  : Cit\u00e9 administrative &#8211; b\u00c3\u00a2t. P1 45, rue Sainte Catherine C.S. n\u00c2\u00b0 84303, 54043 NANCY cedex . T\u00e9l : 03 57.29.16.20. Fax : 03 57.29.16.60 Mail : ddpp@meurthe-et-moselle.gouv.fr. Gps : 48.695554,6.186226 Vous avez besoin d&#8217;un d\u00e9tective en r\u00e9gion Deux-S\u00e8vres (79) pour un comportement illicite ? D\u00e9couvrez les services Pacta \u00ae 360 Investigation.<\/p>\n<h2>Consultant en cybercriminalit\u00e9 79 &#8211; Deux-S\u00e8vres<\/h2>\n<p>Vous avez un litige en cybercriminalit\u00e9 dans le d\u00e9partement 78 &#8211; Yvelines ou 82 &#8211; Tarn-et-Garonne &#8211; Occitanie ?<\/p>\n<p><img decoding=\"async\" src=\"https:\/\/pacta.biz\/detective\/wp-content\/uploads\/sites\/20\/2022\/12\/alains-stevens-8-conseils-informatique-consultant-cybercrime-7.jpg\" alt=\"Crime \u00e9conomique - Consultant en cybercriminalit\u00e9\" \/><\/p>\n<p>Au point (i) de la d\u00e9finition, il est pr\u00e9cis\u00e9 que l&#8217;expression d\u00e9signe notamment les entit\u00e9s publiques et priv\u00e9es qui offrent aux utilisateurs la possibilit\u00e9 de communiquer entre eux.<\/p>\n<h3>Manipulation Verdun<\/h3>\n<p>D\u00e9couvrez nos services pour <a href=\"https:\/\/cybercrime.pacta.com\/cybermalfaiteurs\/\">cybermalfaiteurs<\/a>.<\/p>\n<p>Le paragraphe 2 autorise les Parties \u00e0 faire une r\u00e9serve concernant l&#8217;infraction, dans la mesure o\u00f9 elles peuvent exiger que le comportement doit entra\u00eener un pr\u00e9judice grave.<\/p>\n<h2>Fraudes informatiques : D\u00e9tective priv\u00e9 cybercriminalit\u00e9 et d\u00e9tection de cam\u00e9ra espion<\/h2>\n<p>Vous \u00eates administrateur judiciaire, v\u00e9t\u00e9rinaire, vous avez besoin d&#8217;un audit Web sur mytradeoption.com, empireoption.com, futur-solution.com, maison-vin.com ? Nous proposons des solutions, avec des d\u00e9tectives en r\u00e9gion Occitanie. Cas de force majeure : \u00e9v\u00e9nement (impr\u00e9vu, insurmontable et ind\u00e9pendant de la volont\u00e9 d&#8217;une personne) susceptible de la d\u00e9gager de sa responsabilit\u00e9 juridique ou de la d\u00e9lier de ses engagements. Exemple : catastrophe naturelle comme un tremblement de terre ou une inondation.<\/p>\n<p>mytradeoption.com : demandez un devis pour un audit Web. Dans de nombreux \u00c9tats membres de l&#8217;Union, le nombre de cambriolages domestiques conna\u00eet un recul remarquable.<\/p>\n<h3>S\u00e9curit\u00e9 des sites Internet Nivernais (Nevers)<\/h3>\n<p>ecoin-stock.com, flexioptions.com, quels sont les avis et t\u00e9moignages ? Un consultant en cybercriminalit\u00e9 enqu\u00eate pour les affaires de <a href=\"https:\/\/cybercrime.pacta.com\/escroquerie-fovi\/\">escroquerie fovi<\/a>.<\/p>\n<p>Le respect de ces conditions et de ces principes serait d&#8217;autant plus important pour les mesures qui impliquent la conservation syst\u00e9matique des donn\u00e9es sur une large fraction de la population. C&#8217;est souvent le chef d&#8217;entreprise qui est vis\u00e9 lorsque les d\u00e9clarations fiscales  sont remises en cause.<\/p>\n<p>hyscopatrimoine.com : nous pouvons r\u00e9aliser un audit Web. Demandez un devis de d\u00e9tective priv\u00e9 pour des fraudes diverses ou une v\u00e9rification d&#8217;emploi du temps.<\/p>\n<p>Le risque qu&#8217;elle comporte est que les nouvelles structures de r\u00e9seau obtiennent peu de r\u00e9sultats tangibles. Vous avez besoin de r\u00e9ponses efficaces pour lutter contre la fraude en entreprise.<\/p>\n<h4>Audit Vigifraude \u00ae sur bankingbinary.com et ecoin-stock.com<\/h4>\n<p>nfinancial-partners.com : que penser de ce site ? Vous avez besoin d&#8217;un devis pour une investigation sur <a href=\"https:\/\/cybercrime.pacta.com\/securite-des-sites-internet\/\">s\u00e9curit\u00e9 des sites internet<\/a> ?<\/p>\n<p><img decoding=\"async\" src=\"https:\/\/pacta.biz\/detective\/wp-content\/uploads\/sites\/20\/2022\/12\/site-alain-stevens-pacta-com-1.jpg\" alt=\"S\u00e9curit\u00e9 des sites Internet - Consultant en cybercriminalit\u00e9\" \/><\/p>\n<p>Des infractions consistent pour l&#8217;essentiel en des manipulations \u00e0 l&#8217;entr\u00e9e du syst\u00e8me, c&#8217;est-\u00e0-dire en introduisant dans l&#8217;ordinateur des donn\u00e9es inexactes. Le chiffrement des donn\u00e9es les rend inutilisables sans le paiement d&#8217;une ran\u00e7on.<\/p>\n<p>Demandez un devis si vous souhaitez une enqu\u00eate informatique pour <a href=\"https:\/\/cybercrime.pacta.com\/piratage-de-numero-de-carte-bancaire\/\">piratage de num\u00e9ro de carte bancaire<\/a>.<\/p>\n","protected":false},"excerpt":{"rendered":"<div class=\"mh-excerpt\"><p>Basse-terre, Yvelines, comment choisir un consultant en cybercriminalit\u00e9 ? Enqu\u00eate pour Crime \u00e9conomique, diffamation et d\u00e9nigrement, malveillance informatique, recherche d&#8217;informations, nos partenaires d\u00e9tectives priv\u00e9s vous <a class=\"mh-excerpt-more\" href=\"https:\/\/pacta.biz\/detective\/fraude-identitaire\/\" title=\"Fraude identitaire\">[&#8230;]<\/a><\/p>\n<\/div>","protected":false},"author":1,"featured_media":0,"parent":0,"menu_order":0,"comment_status":"open","ping_status":"open","template":"","meta":{"_bbp_topic_count":0,"_bbp_reply_count":0,"_bbp_total_topic_count":0,"_bbp_total_reply_count":0,"_bbp_voice_count":0,"_bbp_anonymous_reply_count":0,"_bbp_topic_count_hidden":0,"_bbp_reply_count_hidden":0,"_bbp_forum_subforum_count":0,"footnotes":""},"class_list":["post-2186","page","type-page","status-publish","hentry"],"_links":{"self":[{"href":"https:\/\/pacta.biz\/detective\/wp-json\/wp\/v2\/pages\/2186","targetHints":{"allow":["GET"]}}],"collection":[{"href":"https:\/\/pacta.biz\/detective\/wp-json\/wp\/v2\/pages"}],"about":[{"href":"https:\/\/pacta.biz\/detective\/wp-json\/wp\/v2\/types\/page"}],"author":[{"embeddable":true,"href":"https:\/\/pacta.biz\/detective\/wp-json\/wp\/v2\/users\/1"}],"replies":[{"embeddable":true,"href":"https:\/\/pacta.biz\/detective\/wp-json\/wp\/v2\/comments?post=2186"}],"version-history":[{"count":0,"href":"https:\/\/pacta.biz\/detective\/wp-json\/wp\/v2\/pages\/2186\/revisions"}],"wp:attachment":[{"href":"https:\/\/pacta.biz\/detective\/wp-json\/wp\/v2\/media?parent=2186"}],"curies":[{"name":"wp","href":"https:\/\/api.w.org\/{rel}","templated":true}]}}