{"id":2163,"date":"2022-12-03T16:08:07","date_gmt":"2022-12-03T15:08:07","guid":{"rendered":"https:\/\/pacta.biz\/detective\/escroquerie-fovi\/"},"modified":"2022-12-03T16:08:07","modified_gmt":"2022-12-03T15:08:07","slug":"escroquerie-fovi","status":"publish","type":"page","link":"https:\/\/pacta.biz\/detective\/escroquerie-fovi\/","title":{"rendered":"Escroquerie FOVI"},"content":{"rendered":"<p>Versailles, Hautes-alpes, comment <strong>choisir un consultant en cybercriminalit\u00e9<\/strong> ? Enqu\u00eate pour Cr\u00e9ation de faux sites Internet, affaires sectaires, menaces num\u00e9riques, remont\u00e9e de fili\u00e8res clandestines, nos partenaires d\u00e9tectives priv\u00e9s vous accompagnent. Escroquerie FOVI, remont\u00e9e de fili\u00e8res clandestines, d\u00e9couvrez les services Judicialis \u00ae.<\/p>\n<p>Escroquerie FOVI, jeux et paris en ligne, le consultant en cybercriminalit\u00e9 prend en charge vos affaires dans le d\u00e9partement Hautes-alpes, \u00e0 Cauterets, Fondettes, Saint-Germain-en-Laye ou la r\u00e9gion Midi-Pyr\u00e9n\u00e9es Ari\u00e8ge (09) Aveyron (12) Haute-Garonne (31) Gers (32) Lot (46).<\/p>\n<p><img decoding=\"async\" src=\"https:\/\/pacta.biz\/detective\/wp-content\/uploads\/sites\/20\/2022\/12\/site-alain-stevens-pacta-com.jpg\" alt=\"Escroquerie FOVI - Consultant en cybercriminalit\u00e9\" \/><\/p>\n<p>Lun\u00e9ville<\/p>\n<h2>Consultant en cybers\u00e9curit\u00e9 Ard\u00e8che (07)<\/h2>\n<p>A Orl\u00e9ans, un d\u00e9tective partenaire Vigifraude vous propose des enqu\u00eates pour probl\u00e8mes professionnels et travail au noir, pour votre avocat sp\u00e9cialis\u00e9 en mesures conservatoires. affaires sectaires, menaces num\u00e9riques, Vigifraude \u00ae vous propose des solutions.<\/p>\n<p>La Convention vise pour l&#8217;essentiel \u00e0 fournir au droit p\u00e9nal proc\u00e9dural national les pouvoirs n\u00e9cessaires \u00e0 l&#8217;instruction et \u00e0 la poursuite d&#8217;infractions de ce type ainsi que d&#8217;autres infractions commises au moyen d&#8217;un syst\u00e8me informatique ou dans le cadre desquelles des preuves existent sous forme \u00e9lectronique.<\/p>\n<h3>Cr\u00e9ation de faux sites Internet Lun\u00e9ville<\/h3>\n<p>Nous intervenons pour des affaires de <a href=\"https:\/\/cybercrime.pacta.com\/intelligence-artificielle\/\">intelligence artificielle<\/a>.<\/p>\n<p>DDPP DES YVELINES Direction d\u00e9partementale YVELINES \u00cele-de-France : 30, RUE JEAN MERMOZ, 78035 VERSAILLES CEDEX. T\u00e9l : 01 30 84 10 00. Fax : 01 39 49 43 69 Mail : ddpp@yvelines.gouv.fr. Gps : 48.796008,2.139399 Vous avez besoin d&#8217;un d\u00e9tective en r\u00e9gion Ard\u00e8che (07) pour une contrefa\u00e7on ? D\u00e9couvrez les services Pacta \u00ae 360 Investigation.<\/p>\n<h2>Consultant en cybercriminalit\u00e9 12 &#8211; Aveyron<\/h2>\n<p>Vous avez un litige en cybercriminalit\u00e9 dans le d\u00e9partement 80 &#8211; Somme ou 10 &#8211; Aube &#8211; Grand Est ?<\/p>\n<p><img decoding=\"async\" src=\"https:\/\/pacta.biz\/detective\/wp-content\/uploads\/sites\/20\/2022\/12\/alains-stevens-8-conseils-informatique-consultant-cybercrime-7.jpg\" alt=\"Cr\u00e9ation de faux sites Internet - Consultant en cybercriminalit\u00e9\" \/><\/p>\n<p>Le comit\u00e9 de r\u00e9daction a examin\u00e9 la possibilit\u00e9 d&#8217;inclure d&#8217;autres infractions se rapportant au contenu, telles que la diffusion de propagande raciste par le biais de syst\u00e8mes informatiques.<\/p>\n<h3>Infractions sp\u00e9cifiques \u00e0 l&#8217;utilisation des moyens de cryptologie Allonnes<\/h3>\n<p>D\u00e9couvrez nos services pour <a href=\"https:\/\/cybercrime.pacta.com\/insecurite-economique\/\">ins\u00e9curit\u00e9 \u00e9conomique<\/a>.<\/p>\n<p>La modification des donn\u00e9es aux fins d&#8217;assurer la protection des communications (chiffrement, par exemple) est consid\u00e9r\u00e9e comme assurant la protection l\u00e9gitime de la vie priv\u00e9e et, de ce fait, comme \u00e9tant r\u00e9alis\u00e9es de fa\u00e7on l\u00e9gitime.<\/p>\n<h2>Pertes commerciales : D\u00e9tective priv\u00e9 cybercriminalit\u00e9 et 892 \u20ac<\/h2>\n<p>Vous \u00eates g\u00e9om\u00e8tre-expert, r\u00e9p\u00e9titeur, vous avez besoin d&#8217;un audit Web sur markets-investment.com, f-generalsecurities.com, agencecentraledescryptomonnaies.com, infoscrypto.com ? Nous proposons des solutions, avec des d\u00e9tectives en r\u00e9gion Centre-Val de Loire. D\u00e9tenu : Personne incarc\u00e9r\u00e9e sur d\u00e9cision de Justice dans un \u00e9tablissement p\u00e9nitentiaire.<\/p>\n<p>markets-investment.com : demandez un devis pour un audit Web. D&#8217;ailleurs, vous pouvez aussi lire ce document : Farrington, D.P. &#038; Welsh, B.C. (2002). Improved street lighting and crime prevention. Justice Quarterly, vol. 19, n\u00b0 2, pages 313 \u00e0 342.<\/p>\n<h3>Actes de malveillance Bretagne (Rennes)<\/h3>\n<p>prix-bitcoin.com, globaltrader365.net, quels sont les avis et t\u00e9moignages ? Un consultant en cybercriminalit\u00e9 enqu\u00eate pour les affaires de <a href=\"https:\/\/cybercrime.pacta.com\/guerre-economique\/\">guerre \u00e9conomique<\/a>.<\/p>\n<p>La seconde, en revanche, a formul\u00e9 de vives critiques, tant sous l&#8217;angle des atteintes potentielles aux droits de l&#8217;homme que sous celui du co\u00fbt \u00e9conomique pour les op\u00e9rateurs, ce qui l&#8217;a amen\u00e9e \u00e0 rejeter la proposition du Conseil et \u00e0 inviter la Commission \u00e0 \u00e9laborer une nouvelle proposition d\u00e8s que le trait\u00e9 d&#8217;Amsterdam serait entr\u00e9 en vigueur. L&#8217;entreprise joue un r\u00f4le social de premier ordre, aupr\u00e8s de ses salari\u00e9s et de la soci\u00e9t\u00e9 dans son ensemble.<\/p>\n<p>diamselection.com : nous pouvons r\u00e9aliser un audit Web. Demandez un devis de d\u00e9tective priv\u00e9 pour un espionnage ou une recherche d\u2019informations.<\/p>\n<p>Option de politique g\u00e9n\u00e9rale n\u00b0 3: cr\u00e9ation de r\u00e9seaux informels dans le domaine de la cybercriminalit\u00e9 et de r\u00e9seaux associant le public et le priv\u00e9. On vient de voir que pour lutter contre la fraude, il est n\u00e9cessaire d&#8217;\u00eatre en mesure de la d\u00e9tecter.<\/p>\n<h4>Audit Vigifraude \u00ae sur bankxp.com et prix-bitcoin.com<\/h4>\n<p>optimuminvests.com : que penser de ce site ? Vous avez besoin d&#8217;un devis pour une investigation sur <a href=\"https:\/\/cybercrime.pacta.com\/filoutage\/\">filoutage<\/a> ?<\/p>\n<p><img decoding=\"async\" src=\"https:\/\/pacta.biz\/detective\/wp-content\/uploads\/sites\/20\/2022\/12\/site-alain-stevens-pacta-com-1.jpg\" alt=\"Actes de malveillance - Consultant en cybercriminalit\u00e9\" \/><\/p>\n<p>Lors de la mise en oeuvre de ces articles, les Etats doivent examiner leur droit interne pour d\u00e9terminer s&#8217;il s&#8217;applique \u00e0 des situations impliquant des syst\u00e8mes ou des r\u00e9seaux informatiques. Un contrat garantit le paiement des travaux de r\u00e9paration de l&#8217;ouvrage lorsque la responsabilit\u00e9 du constructeur est engag\u00e9e.<\/p>\n<p>Demandez un devis si vous souhaitez une enqu\u00eate informatique pour <a href=\"https:\/\/cybercrime.pacta.com\/botnet\/\">botnet<\/a>.<\/p>\n","protected":false},"excerpt":{"rendered":"<div class=\"mh-excerpt\"><p>Versailles, Hautes-alpes, comment choisir un consultant en cybercriminalit\u00e9 ? Enqu\u00eate pour Cr\u00e9ation de faux sites Internet, affaires sectaires, menaces num\u00e9riques, remont\u00e9e de fili\u00e8res clandestines, nos <a class=\"mh-excerpt-more\" href=\"https:\/\/pacta.biz\/detective\/escroquerie-fovi\/\" title=\"Escroquerie FOVI\">[&#8230;]<\/a><\/p>\n<\/div>","protected":false},"author":1,"featured_media":0,"parent":0,"menu_order":0,"comment_status":"open","ping_status":"open","template":"","meta":{"_bbp_topic_count":0,"_bbp_reply_count":0,"_bbp_total_topic_count":0,"_bbp_total_reply_count":0,"_bbp_voice_count":0,"_bbp_anonymous_reply_count":0,"_bbp_topic_count_hidden":0,"_bbp_reply_count_hidden":0,"_bbp_forum_subforum_count":0,"footnotes":""},"class_list":["post-2163","page","type-page","status-publish","hentry"],"_links":{"self":[{"href":"https:\/\/pacta.biz\/detective\/wp-json\/wp\/v2\/pages\/2163","targetHints":{"allow":["GET"]}}],"collection":[{"href":"https:\/\/pacta.biz\/detective\/wp-json\/wp\/v2\/pages"}],"about":[{"href":"https:\/\/pacta.biz\/detective\/wp-json\/wp\/v2\/types\/page"}],"author":[{"embeddable":true,"href":"https:\/\/pacta.biz\/detective\/wp-json\/wp\/v2\/users\/1"}],"replies":[{"embeddable":true,"href":"https:\/\/pacta.biz\/detective\/wp-json\/wp\/v2\/comments?post=2163"}],"version-history":[{"count":0,"href":"https:\/\/pacta.biz\/detective\/wp-json\/wp\/v2\/pages\/2163\/revisions"}],"wp:attachment":[{"href":"https:\/\/pacta.biz\/detective\/wp-json\/wp\/v2\/media?parent=2163"}],"curies":[{"name":"wp","href":"https:\/\/api.w.org\/{rel}","templated":true}]}}