{"id":2137,"date":"2022-12-03T16:08:03","date_gmt":"2022-12-03T15:08:03","guid":{"rendered":"https:\/\/pacta.biz\/detective\/droit-de-l-homme\/"},"modified":"2022-12-03T16:08:03","modified_gmt":"2022-12-03T15:08:03","slug":"droit-de-l-homme","status":"publish","type":"page","link":"https:\/\/pacta.biz\/detective\/droit-de-l-homme\/","title":{"rendered":"Droit de l&#8217;homme"},"content":{"rendered":"<p>Strasbourg, Sarthe, comment <strong>choisir un consultant en cybercriminalit\u00e9<\/strong> ? Enqu\u00eate pour Actes de cybermalveillance, contrefa\u00e7ons de produits et de marchandises, enqu\u00eates pr\u00e9-embauche et v\u00e9rifications de cv, travail dissimul\u00e9, v\u00e9rification d&#8217;emploi du temps, nos partenaires d\u00e9tectives priv\u00e9s vous accompagnent. Droit de l&#8217;homme, travail dissimul\u00e9, v\u00e9rification d&#8217;emploi du temps, d\u00e9couvrez les services Judicialis \u00ae.<\/p>\n<p>Droit de l&#8217;homme, introduction frauduleuse de donn\u00e9es, le consultant en cybercriminalit\u00e9 prend en charge vos affaires dans le d\u00e9partement Sarthe, \u00e0 Beauzelle, Ch\u00e2teau-Thierry, Saint-Sulpice-le-Gu\u00e9r\u00e9tois ou la r\u00e9gion Bretagne C\u00f4tes d\u2019Armor\u00a0 (22) Finist\u00e8re\u00a0 (29).<\/p>\n<p><img decoding=\"async\" src=\"https:\/\/pacta.biz\/detective\/wp-content\/uploads\/sites\/20\/2022\/12\/site-alain-stevens-pacta-com.jpg\" alt=\"Droit de l'homme - Consultant en cybercriminalit\u00e9\" \/><\/p>\n<p>Nancy<\/p>\n<h2>Consultant en cybers\u00e9curit\u00e9 Corse-du-Sud (2A)<\/h2>\n<p>A Metz, un d\u00e9tective partenaire Vigifraude vous propose des enqu\u00eates pour enqu\u00eates industrielles et commerciales et recherche d\u2019h\u00e9ritiers ou d\u2019ayants droit, pour votre avocat sp\u00e9cialis\u00e9 en r\u00e9paration du pr\u00e9judice corporel. contrefa\u00e7ons de produits et de marchandises, enqu\u00eates pr\u00e9-embauche et v\u00e9rifications de cv, Vigifraude \u00ae vous propose des solutions.<\/p>\n<p>La Recommandation no. R (89) 9 a certes permis de rapprocher les conceptions nationales touchant certaines formes d&#8217;emploi abusif de l&#8217;ordinateur.<\/p>\n<h3>Actes de cybermalveillance Nancy<\/h3>\n<p>Nous intervenons pour des affaires de <a href=\"https:\/\/cybercrime.pacta.com\/cybermalfaiteurs\/\">cybermalfaiteurs<\/a>.<\/p>\n<p>DDCSPP DU LOT Direction d\u00e9partementale LOT Occitanie  : Cit\u00e9 sociale 304 rue Victor Hugo CS 80228, 46004 CAHORS CEDEX 9. T\u00e9l : 05 65 20 56 00. Fax : 05 65 20 56 50 Mail : ddcspp@lot.gouv.fr. Gps : 44.443283,1.438007 Vous avez besoin d&#8217;un d\u00e9tective en r\u00e9gion Corse-du-Sud (2A) pour un contre-espionnage industriel et commercial ? D\u00e9couvrez les services Pacta \u00ae 360 Investigation.<\/p>\n<h2>Consultant en cybercriminalit\u00e9 14 &#8211; Calvados<\/h2>\n<p>Vous avez un litige en cybercriminalit\u00e9 dans le d\u00e9partement 93 &#8211; Seine-St-Denis ou 37 &#8211; Indre-et-Loire &#8211; Centre-Val de Loire ?<\/p>\n<p><img decoding=\"async\" src=\"https:\/\/pacta.biz\/detective\/wp-content\/uploads\/sites\/20\/2022\/12\/alains-stevens-8-conseils-informatique-consultant-cybercrime-7.jpg\" alt=\"Actes de cybermalveillance - Consultant en cybercriminalit\u00e9\" \/><\/p>\n<p>L&#8217;acc\u00e8s comprend la p\u00e9n\u00e9tration dans l&#8217;int\u00e9gralit\u00e9 ou une partie quelconque d&#8217;un syst\u00e8me informatique (mat\u00e9riel, composantes, donn\u00e9es stock\u00e9es du syst\u00e8me install\u00e9, r\u00e9pertoires, donn\u00e9es relatives au trafic et au contenu).<\/p>\n<h3>Mise \u00e0 disposition de toute donn\u00e9e adapt\u00e9e pour commettre des infractions aux STAD Villefranche-sur-Sa\u00f4ne<\/h3>\n<p>D\u00e9couvrez nos services pour <a href=\"https:\/\/cybercrime.pacta.com\/telechargement-illegal\/\">t\u00e9l\u00e9chargement ill\u00e9gal<\/a>.<\/p>\n<p>L&#8217;utilisation dde certains outils techniques n&#8217;est pas en soi &#8216;sans droit&#8217;.<\/p>\n<h2>Fraudes t\u00e9l\u00e9phoniques : D\u00e9tective priv\u00e9 cybercriminalit\u00e9 et cybercriminalit\u00e9 et cybermalveillance<\/h2>\n<p>Vous \u00eates conseil artistique, urbaniste-am\u00e9nageur, vous avez besoin d&#8217;un audit Web sur mybrokercorp.com, icbc-invest.com, save-coins.com, edison-management.com ? Nous proposons des solutions, avec des d\u00e9tectives en r\u00e9gion Haute-Normandie. Cour de Justice des Communaut\u00e9s Europ\u00e9ennes (C.J.C.E.) : Elle veille au respect du droit communautaire, c&#8217;est-\u00e0 -dire les trait\u00e9s, r\u00e8glements et directives que se sont engag\u00e9s \u00e0  respecter les Etats membres de l&#8217;Union Europ\u00e9enne, tant en ce qui concerne son interpr\u00e9tation que son application.<\/p>\n<p>mybrokercorp.com : demandez un devis pour un audit Web. Les d\u00e9linquants font preuve de comportements r\u00e9pr\u00e9hensibles dans des environnements nouvellement cr\u00e9\u00e9s [24].<\/p>\n<h3>Perte de donn\u00e9es Normandie (Rouen)<\/h3>\n<p>algo-crypto.com, general-broker.com, quels sont les avis et t\u00e9moignages ? Un consultant en cybercriminalit\u00e9 enqu\u00eate pour les affaires de <a href=\"https:\/\/cybercrime.pacta.com\/atteinte-a-la-reputation-des-entreprises\/\">atteinte \u00e0 la r\u00e9putation des entreprises<\/a>.<\/p>\n<p>L&#8217;acc\u00e8s et l&#8217;utilisation anonymes de l&#8217;Internet sont propos\u00e9s par certains fournisseurs de services ou d&#8217;acc\u00e8s, notamment les r\u00e9exp\u00e9diteurs anonymes et les cybercaf\u00e9s. Il faut donner des moyens juridiques nouveaux aux services fiscaux afin de lutter efficacement contre la fraude.<\/p>\n<p>live-crypto.net : nous pouvons r\u00e9aliser un audit Web. Demandez un devis de d\u00e9tective priv\u00e9 pour une d\u00e9tournements financiers ou une recherche de paternit\u00e9.<\/p>\n<p>Durant l&#8217;\u00e9tape pr\u00e9paratoire, la Commission a \u00e9galement analys\u00e9 un certain nombre de mesures l\u00e9gislatives et non l\u00e9gislatives, notamment sous l&#8217;angle d&#8217;\u00e9ventuelles \u00ablacunes\u00bb dans le cadre r\u00e9glementaire existant. Vous voulez lutter contre la fraude ? Mais encore faut-il ensuite avoir des moyens puissants de contr\u00f4le.<\/p>\n<h4>Audit Vigifraude \u00ae sur 24hcapital.com et algo-crypto.com<\/h4>\n<p>1000eclats.com : que penser de ce site ? Vous avez besoin d&#8217;un devis pour une investigation sur <a href=\"https:\/\/cybercrime.pacta.com\/securite-des-systemes-d-information\/\">s\u00e9curit\u00e9 des syst\u00e8mes d&#8217;information<\/a> ?<\/p>\n<p><img decoding=\"async\" src=\"https:\/\/pacta.biz\/detective\/wp-content\/uploads\/sites\/20\/2022\/12\/site-alain-stevens-pacta-com-1.jpg\" alt=\"Perte de donn\u00e9es - Consultant en cybercriminalit\u00e9\" \/><\/p>\n<p>Cette disposition s&#8217;applique aux donn\u00e9es \u00e9quivalant \u00e0 un document public ou priv\u00e9 ayant des effets juridiques. C&#8217;est principalement la fraude \u00e0 la TVA qui est mise en cause en Europe.<\/p>\n<p>Demandez un devis si vous souhaitez une enqu\u00eate informatique pour <a href=\"https:\/\/cybercrime.pacta.com\/pertes-commerciales\/\">pertes commerciales<\/a>.<\/p>\n","protected":false},"excerpt":{"rendered":"<div class=\"mh-excerpt\"><p>Strasbourg, Sarthe, comment choisir un consultant en cybercriminalit\u00e9 ? Enqu\u00eate pour Actes de cybermalveillance, contrefa\u00e7ons de produits et de marchandises, enqu\u00eates pr\u00e9-embauche et v\u00e9rifications de <a class=\"mh-excerpt-more\" href=\"https:\/\/pacta.biz\/detective\/droit-de-l-homme\/\" title=\"Droit de l&#8217;homme\">[&#8230;]<\/a><\/p>\n<\/div>","protected":false},"author":1,"featured_media":0,"parent":0,"menu_order":0,"comment_status":"open","ping_status":"open","template":"","meta":{"_bbp_topic_count":0,"_bbp_reply_count":0,"_bbp_total_topic_count":0,"_bbp_total_reply_count":0,"_bbp_voice_count":0,"_bbp_anonymous_reply_count":0,"_bbp_topic_count_hidden":0,"_bbp_reply_count_hidden":0,"_bbp_forum_subforum_count":0,"footnotes":""},"class_list":["post-2137","page","type-page","status-publish","hentry"],"_links":{"self":[{"href":"https:\/\/pacta.biz\/detective\/wp-json\/wp\/v2\/pages\/2137","targetHints":{"allow":["GET"]}}],"collection":[{"href":"https:\/\/pacta.biz\/detective\/wp-json\/wp\/v2\/pages"}],"about":[{"href":"https:\/\/pacta.biz\/detective\/wp-json\/wp\/v2\/types\/page"}],"author":[{"embeddable":true,"href":"https:\/\/pacta.biz\/detective\/wp-json\/wp\/v2\/users\/1"}],"replies":[{"embeddable":true,"href":"https:\/\/pacta.biz\/detective\/wp-json\/wp\/v2\/comments?post=2137"}],"version-history":[{"count":0,"href":"https:\/\/pacta.biz\/detective\/wp-json\/wp\/v2\/pages\/2137\/revisions"}],"wp:attachment":[{"href":"https:\/\/pacta.biz\/detective\/wp-json\/wp\/v2\/media?parent=2137"}],"curies":[{"name":"wp","href":"https:\/\/api.w.org\/{rel}","templated":true}]}}