{"id":2107,"date":"2022-12-03T16:07:55","date_gmt":"2022-12-03T15:07:55","guid":{"rendered":"https:\/\/pacta.biz\/detective\/cyberterrorisme\/"},"modified":"2022-12-03T16:07:55","modified_gmt":"2022-12-03T15:07:55","slug":"cyberterrorisme","status":"publish","type":"page","link":"https:\/\/pacta.biz\/detective\/cyberterrorisme\/","title":{"rendered":"Cyberterrorisme"},"content":{"rendered":"<p>Clermont-ferrand, Haute-loire, comment <strong>choisir un consultant en cybercriminalit\u00e9<\/strong> ? Enqu\u00eate pour Entrave au fonctionnement du syst\u00e8me, divorces, non-respect de la clause de non concurrence, surveillance informatique, nos partenaires d\u00e9tectives priv\u00e9s vous accompagnent. Cyberterrorisme, surveillance informatique, d\u00e9couvrez les services Judicialis \u00ae.<\/p>\n<p>Cyberterrorisme, contrefa\u00e7on de marque et de droit d&#8217;auteur, le consultant en cybercriminalit\u00e9 prend en charge vos affaires dans le d\u00e9partement Haute-loire, \u00e0 Ax-les-Thermes, Coulon, Quimper ou la r\u00e9gion Grand Est :\u00a0Alsace-Champagne-Ardenne-Lorraine.<\/p>\n<p><img decoding=\"async\" src=\"https:\/\/pacta.biz\/detective\/wp-content\/uploads\/sites\/20\/2022\/12\/site-alain-stevens-pacta-com.jpg\" alt=\"Cyberterrorisme - Consultant en cybercriminalit\u00e9\" \/><\/p>\n<p>Montr\u00e9al<\/p>\n<h2>Consultant en cybers\u00e9curit\u00e9 Tarn (81)<\/h2>\n<p>A Le Havre, un d\u00e9tective partenaire Vigifraude vous propose des enqu\u00eates pour enqu\u00eates diverses et vol de voiture, pour votre avocat sp\u00e9cialis\u00e9 en droit de la consommation. divorces, non-respect de la clause de non concurrence, Vigifraude \u00ae vous propose des solutions.<\/p>\n<p>La question ne se pose plus de savoir si l&#8217;on peut \u00e9tablir une connexion directe : il suffit que les donn\u00e9es soient saisies dans un r\u00e9seau avec une adresse de destination ou mises \u00e0 la disposition de tous ceux qui souhaitent y acc\u00e9der.<\/p>\n<h3>Entrave au fonctionnement du syst\u00e8me Montr\u00e9al<\/h3>\n<p>Nous intervenons pour des affaires de <a href=\"https:\/\/cybercrime.pacta.com\/cyberconflit\/\">cyberconflit<\/a>.<\/p>\n<p>DDPP DE LA CHARENTE MARITIME Direction d\u00e9partementale CHARENTE-MARITIME Nouvelle-Aquitaine  : Cit\u00e9 administrative Duperr\u00e9 5 place des Cordeliers CS 40263, 17012 La Rochelle Cedex 1. T\u00e9l : 05 46 68 60 00. Fax : 05 46 68 06 93 Mail : ddpp@charente-maritime.gouv.fr. Gps : 46.162877,-1.145514 Vous avez besoin d&#8217;un d\u00e9tective en r\u00e9gion Tarn (81) pour un arr\u00eat de travail abusif ? D\u00e9couvrez les services Pacta \u00ae 360 Investigation.<\/p>\n<h2>Consultant en cybercriminalit\u00e9 61 &#8211; Orne<\/h2>\n<p>Vous avez un litige en cybercriminalit\u00e9 dans le d\u00e9partement 63 &#8211; Puy-de-D\u00f4me ou 34 &#8211; H\u00e9rault &#8211; Occitanie ?<\/p>\n<p><img decoding=\"async\" src=\"https:\/\/pacta.biz\/detective\/wp-content\/uploads\/sites\/20\/2022\/12\/alains-stevens-8-conseils-informatique-consultant-cybercrime-7.jpg\" alt=\"Entrave au fonctionnement du syst\u00e8me - Consultant en cybercriminalit\u00e9\" \/><\/p>\n<p>L&#8217;expression \u00ab type du service sous-jacent \u00bb renvoie au type du service utilis\u00e9 au sein du r\u00e9seau : transfert de fichiers, courrier \u00e9lectronique ou messagerie instantan\u00e9e.<\/p>\n<h3>D\u00e9nigrement sur Youtube Valenciennes<\/h3>\n<p>D\u00e9couvrez nos services pour <a href=\"https:\/\/cybercrime.pacta.com\/diffamation-en-ligne\/\">diffamation en ligne<\/a>.<\/p>\n<p>Les Parties peuvent circonscrire l&#8217;infraction \u00e0 l&#8217;acc\u00e8s ill\u00e9gal \u00e0 des syst\u00e8mes informatiques en r\u00e9seaux (y compris les r\u00e9seaux publics fournis par les services de t\u00e9l\u00e9communications et les r\u00e9seaux priv\u00e9s, tels que les intranets ou les extranets.<\/p>\n<h2>Infractions propres aux r\u00e9seaux \u00e9lectroniques : D\u00e9tective priv\u00e9 cybercriminalit\u00e9 et d\u00e9linquance informatique<\/h2>\n<p>Vous \u00eates exploitant de brevet, licence ou marque, r\u00e9dacteur documentaliste, vous avez besoin d&#8217;un audit Web sur nrgbinary.co, cityofbinary.com, solution-invest.com, infoscrypto.com ? Nous proposons des solutions, avec des d\u00e9tectives en r\u00e9gion Bretagne. Acte de notori\u00e9t\u00e9 : Acte dress\u00e9 par le juge d&#8217;instance qui constate la possession d&#8217;\u00e9tat et \u00e9tablit, jusqu&#8217;\u00e0  preuve du contraire, le lien de filiation.<\/p>\n<p>nrgbinary.co : demandez un devis pour un audit Web. La d\u00e9cision du Conseil instituant le R\u00e9seau pr\u00e9voit une \u00e9valuation de son activit\u00e9 dans les trois ann\u00e9es suivant la date de l&#8217;adoption de la d\u00e9cision [31], c&#8217;est-\u00e0-dire avant la fin de 2004. Afin d&#8217;aider le Conseil \u00e0 r\u00e9aliser son \u00e9valuation l&#8217;ann\u00e9e prochaine, la Commission consid\u00e8re que la structure institutionnelle du REPC doit faire l&#8217;objet d&#8217;un examen approfondi. Malgr\u00e9 les r\u00e9sultats obtenus jusqu&#8217;\u00e0 pr\u00e9sent, le fonctionnement du R\u00e9seau doit \u00eatre consid\u00e9rablement am\u00e9lior\u00e9.<\/p>\n<h3>R\u00e9alit\u00e9 augment\u00e9e Berry (Bourges)<\/h3>\n<p>interactifonline.com, igfmarket.com, quels sont les avis et t\u00e9moignages ? Un consultant en cybercriminalit\u00e9 enqu\u00eate pour les affaires de <a href=\"https:\/\/cybercrime.pacta.com\/cryptologie\/\">cryptologie<\/a>.<\/p>\n<p>Dans un grand nombre d&#8217;\u00c9tats membres, la l\u00e9gislation sur l&#8217;interception des communications pr\u00e9voit l&#8217;obligation pour les entreprises des t\u00e9l\u00e9communications (assurant un service public) de donner la possibilit\u00e9 de proc\u00e9der \u00e0 ces \u00e9coutes. Une type de fraude peut causer un pr\u00e9judice financier de quelques milliers \u00e0 quelques millions d&#8217;euros.<\/p>\n<p>divinum-europe.com : nous pouvons r\u00e9aliser un audit Web. Demandez un devis de d\u00e9tective priv\u00e9 pour des probl\u00e8mes sociaux ou une recherche de personnes.<\/p>\n<p>Il convient d&#8217;observer que celle-ci n&#8217;exclut pas la cr\u00e9ation d&#8217;une structure formelle (option 3) ni l&#8217;adoption ult\u00e9rieure d&#8217;une l\u00e9gislation g\u00e9n\u00e9rale (option 2). comment lutter efficacement contre la fraude num\u00e9rique ?<\/p>\n<h4>Audit Vigifraude \u00ae sur abbeystockbroker.com et interactifonline.com<\/h4>\n<p>vinpatrimoine.com : que penser de ce site ? Vous avez besoin d&#8217;un devis pour une investigation sur <a href=\"https:\/\/cybercrime.pacta.com\/megadonnees\/\">m\u00e9gadonn\u00e9es<\/a> ?<\/p>\n<p><img decoding=\"async\" src=\"https:\/\/pacta.biz\/detective\/wp-content\/uploads\/sites\/20\/2022\/12\/site-alain-stevens-pacta-com-1.jpg\" alt=\"R\u00e9alit\u00e9 augment\u00e9e - Consultant en cybercriminalit\u00e9\" \/><\/p>\n<p>La derni\u00e8re phrase de la disposition permet aux Parties, au moment de mettre en oeuvre l&#8217;infraction en droit interne, d&#8217;exiger en plus une intention frauduleuse ou une intention pernicieuse similaire pour que la responsabilit\u00e9 p\u00e9nale puisse \u00eatre engag\u00e9e. Vol de donn\u00e9es sensibles, atteinte \u00e0 la r\u00e9putation de l&#8217;entreprise, perturbation de l&#8217;activit\u00e9, comment prot\u00e9ger votre entreprise ?<\/p>\n<p>Demandez un devis si vous souhaitez une enqu\u00eate informatique pour <a href=\"https:\/\/cybercrime.pacta.com\/cyberespionnage\/\">cyberespionnage<\/a>.<\/p>\n","protected":false},"excerpt":{"rendered":"<div class=\"mh-excerpt\"><p>Clermont-ferrand, Haute-loire, comment choisir un consultant en cybercriminalit\u00e9 ? Enqu\u00eate pour Entrave au fonctionnement du syst\u00e8me, divorces, non-respect de la clause de non concurrence, surveillance <a class=\"mh-excerpt-more\" href=\"https:\/\/pacta.biz\/detective\/cyberterrorisme\/\" title=\"Cyberterrorisme\">[&#8230;]<\/a><\/p>\n<\/div>","protected":false},"author":1,"featured_media":0,"parent":0,"menu_order":0,"comment_status":"open","ping_status":"open","template":"","meta":{"_bbp_topic_count":0,"_bbp_reply_count":0,"_bbp_total_topic_count":0,"_bbp_total_reply_count":0,"_bbp_voice_count":0,"_bbp_anonymous_reply_count":0,"_bbp_topic_count_hidden":0,"_bbp_reply_count_hidden":0,"_bbp_forum_subforum_count":0,"footnotes":""},"class_list":["post-2107","page","type-page","status-publish","hentry"],"_links":{"self":[{"href":"https:\/\/pacta.biz\/detective\/wp-json\/wp\/v2\/pages\/2107","targetHints":{"allow":["GET"]}}],"collection":[{"href":"https:\/\/pacta.biz\/detective\/wp-json\/wp\/v2\/pages"}],"about":[{"href":"https:\/\/pacta.biz\/detective\/wp-json\/wp\/v2\/types\/page"}],"author":[{"embeddable":true,"href":"https:\/\/pacta.biz\/detective\/wp-json\/wp\/v2\/users\/1"}],"replies":[{"embeddable":true,"href":"https:\/\/pacta.biz\/detective\/wp-json\/wp\/v2\/comments?post=2107"}],"version-history":[{"count":0,"href":"https:\/\/pacta.biz\/detective\/wp-json\/wp\/v2\/pages\/2107\/revisions"}],"wp:attachment":[{"href":"https:\/\/pacta.biz\/detective\/wp-json\/wp\/v2\/media?parent=2107"}],"curies":[{"name":"wp","href":"https:\/\/api.w.org\/{rel}","templated":true}]}}