{"id":2103,"date":"2022-12-03T16:07:55","date_gmt":"2022-12-03T15:07:55","guid":{"rendered":"https:\/\/pacta.biz\/detective\/cyberstalking\/"},"modified":"2022-12-03T16:07:55","modified_gmt":"2022-12-03T15:07:55","slug":"cyberstalking","status":"publish","type":"page","link":"https:\/\/pacta.biz\/detective\/cyberstalking\/","title":{"rendered":"Cyberstalking"},"content":{"rendered":"<p>Foix, Martinique, comment <strong>choisir un consultant en cybercriminalit\u00e9<\/strong> ? Enqu\u00eate pour Menaces et injures, clause de non-concurrence, enqu\u00eates de voisinage, vol interne, nos partenaires d\u00e9tectives priv\u00e9s vous accompagnent. Cyberstalking, vol interne, d\u00e9couvrez les services Judicialis \u00ae.<\/p>\n<p>Cyberstalking, infractions de droit commun commises via l&#8217;utilisation des nouvelles technologies, le consultant en cybercriminalit\u00e9 prend en charge vos affaires dans le d\u00e9partement Martinique, \u00e0 Bernay, Epinal, Saint-Malo ou la r\u00e9gion Grand Est :\u00a0Alsace-Champagne-Ardenne-Lorraine.<\/p>\n<p><img decoding=\"async\" src=\"https:\/\/pacta.biz\/detective\/wp-content\/uploads\/sites\/20\/2022\/12\/site-alain-stevens-pacta-com.jpg\" alt=\"Cyberstalking - Consultant en cybercriminalit\u00e9\" \/><\/p>\n<p>Le Grau-du-Roi<\/p>\n<h2>Consultant en cybers\u00e9curit\u00e9 Marne (51)<\/h2>\n<p>A Tours, un d\u00e9tective partenaire Vigifraude vous propose des enqu\u00eates pour harc\u00e8lement moral ou sexuel et recherche d\u2019adresses de domicile, pour votre avocat sp\u00e9cialis\u00e9 en droit de la distribution. clause de non-concurrence, enqu\u00eates de voisinage, Vigifraude \u00ae vous propose des solutions.<\/p>\n<p>La Convention comprend donc quatre chapitres dont III) Coop\u00e9ration internationale<\/p>\n<h3>Menaces et injures Le Grau-du-Roi<\/h3>\n<p>Nous intervenons pour des affaires de <a href=\"https:\/\/cybercrime.pacta.com\/cybercrime\/\">cybercrime<\/a>.<\/p>\n<p>DIRECCTE AUVERGNE-RHONE-ALPES Direction r\u00e9gionale RHONE Auvergne-Rh\u00f4ne-Alpes : 1 boulevard Vivier Merle, 69443 LYON CEDEX 03. T\u00e9l : 04 72 68 29 00. Fax : 04 72 68 29 29 Mail : Dr-Rhona.DIRECTION@direccte.gouv.fr. Gps : 45.763213,4.858006 Vous avez besoin d&#8217;un d\u00e9tective en r\u00e9gion Marne (51) pour des droits de garde des enfants ? D\u00e9couvrez les services Pacta \u00ae 360 Investigation.<\/p>\n<h2>Consultant en cybercriminalit\u00e9 82 &#8211; Tarn-et-Garonne<\/h2>\n<p>Vous avez un litige en cybercriminalit\u00e9 dans le d\u00e9partement 55 &#8211; Meuse ou 04 &#8211; Alpes-de-Haute-Provence &#8211; Provence-Alpes-C\u00f4te d&#8217;Azur ?<\/p>\n<p><img decoding=\"async\" src=\"https:\/\/pacta.biz\/detective\/wp-content\/uploads\/sites\/20\/2022\/12\/alains-stevens-8-conseils-informatique-consultant-cybercrime-7.jpg\" alt=\"Menaces et injures - Consultant en cybercriminalit\u00e9\" \/><\/p>\n<p>Le titre 5 englobe des dispositions suppl\u00e9mentaires sur la tentative et complicit\u00e9 et sur les sanctions et les mesures, et, conform\u00e9ment aux instruments internationaux r\u00e9cents, sur la responsabilit\u00e9 des personnes morales.<\/p>\n<h3>Spamming Villeurbanne<\/h3>\n<p>D\u00e9couvrez nos services pour <a href=\"https:\/\/cybercrime.pacta.com\/diffusion-de-contenus-illicites-ou-malveillants\/\">diffusion de contenus illicites ou malveillants<\/a>.<\/p>\n<p>L&#8217;utilisation de certains outils techniques peut entra\u00eener un acc\u00e8s au sens de l&#8217;article 2. C&#8217;est le cas de l&#8217;acc\u00e8s \u00e0 une page Internet, directement ou en utilisant des liens hypertexte, y compris les deep-links, ou de l&#8217;application de &#8216;cookies&#8217; ou de &#8216;bots&#8217; pour situer et extraire des donn\u00e9es.<\/p>\n<h2>Infractions de droit commun commises via l&#8217;utilisation des nouvelles technologies : D\u00e9tective priv\u00e9 cybercriminalit\u00e9 et dissimulation de ressources<\/h2>\n<p>Vous \u00eates avou\u00e9 aupr\u00e8s des cours d&#8217;appel, illustrateur, vous avez besoin d&#8217;un audit Web sur livetrader.eu, cititrader.com, positiva-ad.com, infoconso.info ? Nous proposons des solutions, avec des d\u00e9tectives en r\u00e9gion Normandie. Autorit\u00e9 parentale : Ensemble de droits et de devoirs des parents exerc\u00e9s dans l&#8217;int\u00e9r\u00eat de l&#8217;enfant jusqu&#8217;\u00e0  sa majorit\u00e9 ou son \u00e9mancipation.<\/p>\n<p>livetrader.eu : demandez un devis pour un audit Web. Un suivi \u00e0 long terme a fait appara\u00eetre des taux d&#8217;arrestation \u00e0 l&#8217;adolescence et \u00e0 l&#8217;\u00e2ge adulte nettement inf\u00e9rieurs chez les participants \u00e0 ce programme, mais aussi des taux nettement sup\u00e9rieurs d&#8217;ach\u00e8vement des \u00e9tudes secondaires, d&#8217;\u00e9tudes sup\u00e9rieures, d&#8217;emploi et de revenus.<\/p>\n<h3>Fraude Lorraine (Nancy) et Trois-\u00c9v\u00each\u00e9s (Metz)<\/h3>\n<p>origine-bitcoin.com, capitalbankltd.com, quels sont les avis et t\u00e9moignages ? Un consultant en cybercriminalit\u00e9 enqu\u00eate pour les affaires de <a href=\"https:\/\/cybercrime.pacta.com\/ecoutes\/\">ecoutes<\/a>.<\/p>\n<p>Actions men\u00e9es au sein d&#8217;autres enceintes internationales : quels sont les textes ? Qui est responsable en cas de vol d&#8217;une carte de paiement ?<\/p>\n<p>lesgrandscrus.net : nous pouvons r\u00e9aliser un audit Web. Demandez un devis de d\u00e9tective priv\u00e9 pour des enqu\u00eates de voisinage ou des relations humaines.<\/p>\n<p>Option de politique g\u00e9n\u00e9rale n\u00b0 2 : La conclusion \u00e9tait que cette option ne pouvait faire l&#8217;objet que d&#8217;une mise en \u0153uvre tr\u00e8s minutieuse et de longue haleine. Face aux \u00e9volutions du monde, la question de la responsabilit\u00e9 se pose \u00e0 chacun d&#8217;entre nous.<\/p>\n<h4>Audit Vigifraude \u00ae sur bestepargne.com et origine-bitcoin.com<\/h4>\n<p>winecfm.com : que penser de ce site ? Vous avez besoin d&#8217;un devis pour une investigation sur <a href=\"https:\/\/cybercrime.pacta.com\/sites-utiles\/\">sites utiles<\/a> ?<\/p>\n<p><img decoding=\"async\" src=\"https:\/\/pacta.biz\/detective\/wp-content\/uploads\/sites\/20\/2022\/12\/site-alain-stevens-pacta-com-1.jpg\" alt=\"Fraude - Consultant en cybercriminalit\u00e9\" \/><\/p>\n<p>Il appartient \u00e0 chaque Partie d&#8217;arr\u00eater le nombre d&#8217;\u00e9l\u00e9ments requis pour que la responsabilit\u00e9 soit engag\u00e9e. Fraude \u00e0 la carte bancaire par hame\u00e7onnage : comment se prot\u00e9ger ?<\/p>\n<p>Demandez un devis si vous souhaitez une enqu\u00eate informatique pour <a href=\"https:\/\/cybercrime.pacta.com\/cyber-risques\/\">cyber-risques<\/a>.<\/p>\n","protected":false},"excerpt":{"rendered":"<div class=\"mh-excerpt\"><p>Foix, Martinique, comment choisir un consultant en cybercriminalit\u00e9 ? Enqu\u00eate pour Menaces et injures, clause de non-concurrence, enqu\u00eates de voisinage, vol interne, nos partenaires d\u00e9tectives <a class=\"mh-excerpt-more\" href=\"https:\/\/pacta.biz\/detective\/cyberstalking\/\" title=\"Cyberstalking\">[&#8230;]<\/a><\/p>\n<\/div>","protected":false},"author":1,"featured_media":0,"parent":0,"menu_order":0,"comment_status":"open","ping_status":"open","template":"","meta":{"_bbp_topic_count":0,"_bbp_reply_count":0,"_bbp_total_topic_count":0,"_bbp_total_reply_count":0,"_bbp_voice_count":0,"_bbp_anonymous_reply_count":0,"_bbp_topic_count_hidden":0,"_bbp_reply_count_hidden":0,"_bbp_forum_subforum_count":0,"footnotes":""},"class_list":["post-2103","page","type-page","status-publish","hentry"],"_links":{"self":[{"href":"https:\/\/pacta.biz\/detective\/wp-json\/wp\/v2\/pages\/2103","targetHints":{"allow":["GET"]}}],"collection":[{"href":"https:\/\/pacta.biz\/detective\/wp-json\/wp\/v2\/pages"}],"about":[{"href":"https:\/\/pacta.biz\/detective\/wp-json\/wp\/v2\/types\/page"}],"author":[{"embeddable":true,"href":"https:\/\/pacta.biz\/detective\/wp-json\/wp\/v2\/users\/1"}],"replies":[{"embeddable":true,"href":"https:\/\/pacta.biz\/detective\/wp-json\/wp\/v2\/comments?post=2103"}],"version-history":[{"count":0,"href":"https:\/\/pacta.biz\/detective\/wp-json\/wp\/v2\/pages\/2103\/revisions"}],"wp:attachment":[{"href":"https:\/\/pacta.biz\/detective\/wp-json\/wp\/v2\/media?parent=2103"}],"curies":[{"name":"wp","href":"https:\/\/api.w.org\/{rel}","templated":true}]}}