{"id":2093,"date":"2022-12-03T16:07:52","date_gmt":"2022-12-03T15:07:52","guid":{"rendered":"https:\/\/pacta.biz\/detective\/cyberguerre\/"},"modified":"2022-12-03T16:07:52","modified_gmt":"2022-12-03T15:07:52","slug":"cyberguerre","status":"publish","type":"page","link":"https:\/\/pacta.biz\/detective\/cyberguerre\/","title":{"rendered":"Cyberguerre"},"content":{"rendered":"<p>Rouen, Ari\u00e8ge, comment <strong>choisir un consultant en cybercriminalit\u00e9<\/strong> ? Enqu\u00eate pour Cyberstalking, affaires familiales, d\u00e9tection de logiciels espions et malveillants, recherche du patrimoine immobilier, nos partenaires d\u00e9tectives priv\u00e9s vous accompagnent. Cyberguerre, recherche du patrimoine immobilier, d\u00e9couvrez les services Judicialis \u00ae.<\/p>\n<p>Cyberguerre, atteintes aux syst\u00e8mes de traitement automatis\u00e9s de donn\u00e9es, le consultant en cybercriminalit\u00e9 prend en charge vos affaires dans le d\u00e9partement Ari\u00e8ge, \u00e0 Calais, Forbach, Pessac ou la r\u00e9gion Val d\u2019Oise (95) \u00cele de France.<\/p>\n<p><img decoding=\"async\" src=\"https:\/\/pacta.biz\/detective\/wp-content\/uploads\/sites\/20\/2022\/12\/site-alain-stevens-pacta-com.jpg\" alt=\"Cyberguerre - Consultant en cybercriminalit\u00e9\" \/><\/p>\n<p>Montlu\u00e7on<\/p>\n<h2>Consultant en cybers\u00e9curit\u00e9 Haute-Marne (52)<\/h2>\n<p>A Dunkerque, un d\u00e9tective partenaire Vigifraude vous propose des enqu\u00eates pour prestation compensatoire et surveillance informatique, pour votre avocat sp\u00e9cialis\u00e9 en droit du sport. affaires familiales, d\u00e9tection de logiciels espions et malveillants, Vigifraude \u00ae vous propose des solutions.<\/p>\n<p>Un instrument de lutte contre ces nouveaux ph\u00e9nom\u00e8nes devrait aussi traiter de questions de droit mat\u00e9riel et proc\u00e9dural.<\/p>\n<h3>Cyberstalking Montlu\u00e7on<\/h3>\n<p>Nous intervenons pour des affaires de <a href=\"https:\/\/cybercrime.pacta.com\/rumeur\/\">rumeur<\/a>.<\/p>\n<p>DDCSPP DE L&#8217;ARIEGE Direction d\u00e9partementale ARIEGE Occitanie : 9 rue du Lieutenant Paul Delpech B.P. 130, 09003 FOIX Cedex. T\u00e9l : 05 61 02 43 00. Fax : 05 61 02 43 91 Mail : ddcspp@ariege.gouv.fr. Gps : 42.960933,1.60588 Vous avez besoin d&#8217;un d\u00e9tective en r\u00e9gion Haute-Marne (52) pour un divorce ? D\u00e9couvrez les services Pacta \u00ae 360 Investigation.<\/p>\n<h2>Consultant en cybercriminalit\u00e9 45 &#8211; Loiret<\/h2>\n<p>Vous avez un litige en cybercriminalit\u00e9 dans le d\u00e9partement 83 &#8211; Var ou 65 &#8211; Hautes-Pyr\u00e9n\u00e9es &#8211; Occitanie ?<\/p>\n<p><img decoding=\"async\" src=\"https:\/\/pacta.biz\/detective\/wp-content\/uploads\/sites\/20\/2022\/12\/alains-stevens-8-conseils-informatique-consultant-cybercrime-7.jpg\" alt=\"Cyberstalking - Consultant en cybercriminalit\u00e9\" \/><\/p>\n<p>L&#8217;expression &#8220;sans droit&#8221; rend compte du fait que le comportement d\u00e9crit n&#8217;est pas toujours punissable en soi, mais peut \u00eatre l\u00e9gal ou justifi\u00e9 non seulement par des exceptions l\u00e9gales classiques (consentement, l\u00e9gitime d\u00e9fense ou n\u00e9cessit\u00e9), mais dans les cas o\u00f9 d&#8217;autres principes ou int\u00e9r\u00eats excluent toute responsabilit\u00e9 p\u00e9nale.<\/p>\n<h3>Cracking Ajaccio<\/h3>\n<p>D\u00e9couvrez nos services pour <a href=\"https:\/\/cybercrime.pacta.com\/menaces-informatiques\/\">menaces informatiques<\/a>.<\/p>\n<p>Il n&#8217;y a pas de p\u00e9nalisation de l&#8217;acc\u00e8s autoris\u00e9 par le propri\u00e9taire du syst\u00e8me ou d&#8217;une partie de ce syst\u00e8me ou par le d\u00e9tenteur d&#8217;un droit sur ce syst\u00e8me (aux fins, par exemple, d&#8217;essai ou de protection autoris\u00e9s du syst\u00e8me informatique concern\u00e9).<\/p>\n<h2>Vol : D\u00e9tective priv\u00e9 cybercriminalit\u00e9 et disparition<\/h2>\n<p>Vous \u00eates correspondant sportif, r\u00e9dacteur, vous avez besoin d&#8217;un audit Web sur option-pros.com, gtimarkets.com, moneyo.io, epargne-agricole.com ? Nous proposons des solutions, avec des d\u00e9tectives en r\u00e9gion Bourgogne. Conseil Sup\u00e9rieur de la Magistrature (C.S.M.) : Organe de nomination et de discipline des magistrats compos\u00e9 de 2 formations, si\u00e8ge et parquet.<\/p>\n<p>option-pros.com : demandez un devis pour un audit Web. D&#8217;ailleurs, vous pouvez aussi lire ce document : Irving, B. (2002). Fear of crime: Theory, measurement and application. Londres: Fondation de la police.<\/p>\n<h3>Cyberguerre Saintonge (Saintes)<\/h3>\n<p>moneo-invest.com, igm-financial.com, quels sont les avis et t\u00e9moignages ? Un consultant en cybercriminalit\u00e9 enqu\u00eate pour les affaires de <a href=\"https:\/\/cybercrime.pacta.com\/web-social\/\">web social<\/a>.<\/p>\n<p>Les flux de l&#8217;information sont filtr\u00e9s et contr\u00f4l\u00e9s \u00e0 tous les niveaux, depuis le pare-feu qui examine les paquets de donn\u00e9es, en passant par le filtre qui recherche les \u00e9ventuels logiciels malveillants, le filtre du courrier \u00e9lectronique qui \u00e9limine discr\u00e8tement l&#8217;arrosage (courriers \u00e9lectroniques non sollicit\u00e9s ou spamming), jusqu&#8217;au filtre du navigateur qui emp\u00eache tout acc\u00e8s \u00e0 des contenus pr\u00e9judiciables. Les entreprises sont des acteurs importants de notre vie au quotidien.<\/p>\n<p>komansky.com : nous pouvons r\u00e9aliser un audit Web. Demandez un devis de d\u00e9tective priv\u00e9 pour une enqu\u00eate de solvabilit\u00e9 ou un vol interne.<\/p>\n<p>D&#8217;autres volets op\u00e9rationnels importants de la strat\u00e9gie consisteraient \u00e0 adopter des mesures l\u00e9gislatives cibl\u00e9es le cas \u00e9ch\u00e9ant. Outre les atteintes \u00e0 la vie priv\u00e9e, on rapporte souvent un grand stress chez les personnes escroqu\u00e9es.<\/p>\n<h4>Audit Vigifraude \u00ae sur allianz-brokers.com et moneo-invest.com<\/h4>\n<p>wallet-france.com : que penser de ce site ? Vous avez besoin d&#8217;un devis pour une investigation sur <a href=\"https:\/\/cybercrime.pacta.com\/domaines-malveillants\/\">domaines malveillants<\/a> ?<\/p>\n<p><img decoding=\"async\" src=\"https:\/\/pacta.biz\/detective\/wp-content\/uploads\/sites\/20\/2022\/12\/site-alain-stevens-pacta-com-1.jpg\" alt=\"Cyberguerre - Consultant en cybercriminalit\u00e9\" \/><\/p>\n<p>Chaque Partie est tenue d&#8217;incriminer au moins la vente, la diffusion ou la mise \u00e0 disposition d&#8217;un mot de passe ou des donn\u00e9es d&#8217;acc\u00e8s vis\u00e9s au paragraphe 1.a)2). Sensibilisation et pr\u00e9vention &#8211; Comment r\u00e9agir face \u00e0 la fraude en cybercriminalit\u00e9 ?<\/p>\n<p>Demandez un devis si vous souhaitez une enqu\u00eate informatique pour <a href=\"https:\/\/cybercrime.pacta.com\/guerre-numerique\/\">guerre num\u00e9rique<\/a>.<\/p>\n","protected":false},"excerpt":{"rendered":"<div class=\"mh-excerpt\"><p>Rouen, Ari\u00e8ge, comment choisir un consultant en cybercriminalit\u00e9 ? Enqu\u00eate pour Cyberstalking, affaires familiales, d\u00e9tection de logiciels espions et malveillants, recherche du patrimoine immobilier, nos <a class=\"mh-excerpt-more\" href=\"https:\/\/pacta.biz\/detective\/cyberguerre\/\" title=\"Cyberguerre\">[&#8230;]<\/a><\/p>\n<\/div>","protected":false},"author":1,"featured_media":0,"parent":0,"menu_order":0,"comment_status":"open","ping_status":"open","template":"","meta":{"_bbp_topic_count":0,"_bbp_reply_count":0,"_bbp_total_topic_count":0,"_bbp_total_reply_count":0,"_bbp_voice_count":0,"_bbp_anonymous_reply_count":0,"_bbp_topic_count_hidden":0,"_bbp_reply_count_hidden":0,"_bbp_forum_subforum_count":0,"footnotes":""},"class_list":["post-2093","page","type-page","status-publish","hentry"],"_links":{"self":[{"href":"https:\/\/pacta.biz\/detective\/wp-json\/wp\/v2\/pages\/2093","targetHints":{"allow":["GET"]}}],"collection":[{"href":"https:\/\/pacta.biz\/detective\/wp-json\/wp\/v2\/pages"}],"about":[{"href":"https:\/\/pacta.biz\/detective\/wp-json\/wp\/v2\/types\/page"}],"author":[{"embeddable":true,"href":"https:\/\/pacta.biz\/detective\/wp-json\/wp\/v2\/users\/1"}],"replies":[{"embeddable":true,"href":"https:\/\/pacta.biz\/detective\/wp-json\/wp\/v2\/comments?post=2093"}],"version-history":[{"count":0,"href":"https:\/\/pacta.biz\/detective\/wp-json\/wp\/v2\/pages\/2093\/revisions"}],"wp:attachment":[{"href":"https:\/\/pacta.biz\/detective\/wp-json\/wp\/v2\/media?parent=2093"}],"curies":[{"name":"wp","href":"https:\/\/api.w.org\/{rel}","templated":true}]}}