{"id":2071,"date":"2022-12-03T16:07:48","date_gmt":"2022-12-03T15:07:48","guid":{"rendered":"https:\/\/pacta.biz\/detective\/cyber-attaques\/"},"modified":"2022-12-03T16:07:48","modified_gmt":"2022-12-03T15:07:48","slug":"cyber-attaques","status":"publish","type":"page","link":"https:\/\/pacta.biz\/detective\/cyber-attaques\/","title":{"rendered":"Cyber-attaques"},"content":{"rendered":"<p>Arras, Mayotte, comment <strong>choisir un consultant en cybercriminalit\u00e9<\/strong> ? Enqu\u00eate pour Hacktivisme, contre-enqu\u00eates, fuites d&#8217;informations sensibles, probl\u00e8mes familiaux, nos partenaires d\u00e9tectives priv\u00e9s vous accompagnent. Cyber-attaques, probl\u00e8mes familiaux, d\u00e9couvrez les services Judicialis \u00ae.<\/p>\n<p>Cyber-attaques, piratage de num\u00e9ro de carte bancaire, le consultant en cybercriminalit\u00e9 prend en charge vos affaires dans le d\u00e9partement Mayotte, \u00e0 Aubi\u00e8re, Honfleur, Saint-Martin-de-R\u00e9 ou la r\u00e9gion Ille et Vilaine\u00a0 (35) Morbihan\u00a0 (56) Bretagne.<\/p>\n<p><img decoding=\"async\" src=\"https:\/\/pacta.biz\/detective\/wp-content\/uploads\/sites\/20\/2022\/12\/site-alain-stevens-pacta-com.jpg\" alt=\"Cyber-attaques - Consultant en cybercriminalit\u00e9\" \/><\/p>\n<p>Morlaix<\/p>\n<h2>Consultant en cybers\u00e9curit\u00e9 Landes (40)<\/h2>\n<p>A Lyon, un d\u00e9tective partenaire Vigifraude vous propose des enqu\u00eates pour enqu\u00eates extra-conjugales et recherche de personnes disparues, pour votre avocat sp\u00e9cialis\u00e9 en droit des associations et fondations. contre-enqu\u00eates, fuites d&#8217;informations sensibles, Vigifraude \u00ae vous propose des solutions.<\/p>\n<p>La facilit\u00e9 avec laquelle on peut avoir acc\u00e8s \u00e0 l&#8217;information contenue dans les syst\u00e8mes informatiques et la consulter a, coupl\u00e9e aux possibilit\u00e9s pratiquement illimit\u00e9es d&#8217;\u00e9change et de diffusion de cette information, par del\u00e0 les distances g\u00e9ographiques, d\u00e9clench\u00e9 une explosion de l&#8217;information disponible et des connaissances que l&#8217;on peut en tirer.<\/p>\n<h3>Hacktivisme Morlaix<\/h3>\n<p>Nous intervenons pour des affaires de <a href=\"https:\/\/cybercrime.pacta.com\/vol-d-actifs-incorporels-strategiques\/\">vol d\u2019actifs incorporels strat\u00e9giques<\/a>.<\/p>\n<p>DIECCTE DE GUYANE &#8211; P\u00f4le C P\u00f4le GUYANE Guyane : ANGLE RUES ROUGET DE ET MME PAYE CS 46009, 97306 CAYENNE CEDEX. T\u00e9l : 05 94 25 61 00. Fax : 05 94 30 69 60 Mail : 973.polec@dieccte.gouv.fr. Gps : 4.939778,-52.327321 Vous avez besoin d&#8217;un d\u00e9tective en r\u00e9gion Landes (40) pour une dissimulation de ressources ? D\u00e9couvrez les services Pacta \u00ae 360 Investigation.<\/p>\n<h2>Consultant en cybercriminalit\u00e9 94 &#8211; Val-de-Marne<\/h2>\n<p>Vous avez un litige en cybercriminalit\u00e9 dans le d\u00e9partement 04 &#8211; Alpes-de-Haute-Provence ou 62 &#8211; Pas-de-Calais &#8211; Hauts-de-France ?<\/p>\n<p><img decoding=\"async\" src=\"https:\/\/pacta.biz\/detective\/wp-content\/uploads\/sites\/20\/2022\/12\/alains-stevens-8-conseils-informatique-consultant-cybercrime-7.jpg\" alt=\"Hacktivisme - Consultant en cybercriminalit\u00e9\" \/><\/p>\n<p>Un r\u00e9seau peut  couvrir une zone \u00e9tendue (r\u00e9seau \u00e9tendu), et de tels r\u00e9seaux peuvent eux-m\u00eames \u00eatre interconnect\u00e9s.<\/p>\n<h3>S\u00e9curit\u00e9 des donn\u00e9es Tinchebray<\/h3>\n<p>D\u00e9couvrez nos services pour <a href=\"https:\/\/cybercrime.pacta.com\/diffamation-sur-facebook\/\">diffamation sur facebook<\/a>.<\/p>\n<p>Cette disposition vise \u00e0 assurer aux donn\u00e9es et programmes informatiques une protection analogue \u00e0 celle dont jouissent les biens corporels \u00e0 l&#8217;encontre des dommages occasionn\u00e9s d\u00e9lib\u00e9r\u00e9ment.<\/p>\n<h2>Tentatives d&#8217;escroquerie : D\u00e9tective priv\u00e9 cybercriminalit\u00e9 et divulgation de donn\u00e9es sensibles<\/h2>\n<p>Vous \u00eates cartomancienne, psychoth\u00e9rapeute, vous avez besoin d&#8217;un audit Web sur legendoptions.net, capitalbankltd.com, 01crypto.com, lacavepatrimoniale.com ? Nous proposons des solutions, avec des d\u00e9tectives en r\u00e9gion Centre-Val de Loire. Conseil Constitutionnel : Ses attributions, \u00e9num\u00e9r\u00e9es de mani\u00e8re limitative, sont de deux ordres :  consultative et juridictionnelle.<\/p>\n<p>legendoptions.net : demandez un devis pour un audit Web. La Commission consid\u00e8re que les principales t\u00e2ches et activit\u00e9s \u00e0 accomplir au niveau de l&#8217;UE sont les suivantes : suivre et \u00e9valuer les politiques nationales de pr\u00e9vention et am\u00e9liorer la comparabilit\u00e9 des statistiques nationales pour identifier les diff\u00e9rences entre les niveaux de criminalit\u00e9 (de fa\u00e7on \u00e0 pouvoir d\u00e9terminer les causes du succ\u00e8s\/de l&#8217;\u00e9chec de certaines politiques).<\/p>\n<h3>Extraction frauduleuse de donn\u00e9es Bourbonnais (Moulins)<\/h3>\n<p>save-coins.com, capitaldeposit.net, quels sont les avis et t\u00e9moignages ? Un consultant en cybercriminalit\u00e9 enqu\u00eate pour les affaires de <a href=\"https:\/\/cybercrime.pacta.com\/denis-de-service-distribues\/\">d\u00e9nis de service distribu\u00e9s<\/a>.<\/p>\n<p>La Commission a suivi les travaux du Conseil de l&#8217;Europe consacr\u00e9s \u00e0 la convention sur la cybercriminalit\u00e9, qui retient, dans sa version actuelle, quatre cat\u00e9gories d&#8217;infractions p\u00e9nales : infractions contre la confidentialit\u00e9, l&#8217;int\u00e9grit\u00e9 et la disponibilit\u00e9 des donn\u00e9es et syst\u00e8mes informatiques,. Votre \u00e9quipe s\u00e9curit\u00e9 devra \u00eatre dot\u00e9e des comp\u00e9tences n\u00e9cessaires pour pouvoir lutter efficacement contre les fraudes.<\/p>\n<p>lgc-wine.com : nous pouvons r\u00e9aliser un audit Web. Demandez un devis de d\u00e9tective priv\u00e9 pour des enqu\u00eates priv\u00e9es et commerciales ou une remont\u00e9e de fili\u00e8res clandestines.<\/p>\n<p>Une politique d&#8217;option de politique g\u00e9n\u00e9rale n\u00b0 2 impliquerait que la Commission propose syst\u00e9matiquement des d\u00e9finitions harmonis\u00e9es des infractions, notamment pour l&#8217;Union mais aussi au niveau international;. Comment lutter efficacement contre la corruption ?<\/p>\n<h4>Audit Vigifraude \u00ae sur brewindolphinltd.com et save-coins.com<\/h4>\n<p>vin-sur-vin.net : que penser de ce site ? Vous avez besoin d&#8217;un devis pour une investigation sur <a href=\"https:\/\/cybercrime.pacta.com\/securite-connectee\/\">s\u00e9curit\u00e9 connect\u00e9e<\/a> ?<\/p>\n<p><img decoding=\"async\" src=\"https:\/\/pacta.biz\/detective\/wp-content\/uploads\/sites\/20\/2022\/12\/site-alain-stevens-pacta-com-1.jpg\" alt=\"Extraction frauduleuse de donn\u00e9es - Consultant en cybercriminalit\u00e9\" \/><\/p>\n<p>Le paragraphe 1a)2) incrimine la production, la vente, l&#8217;obtention pour utilisation, l&#8217;importation, la diffusion ou d&#8217;autres formes de mise \u00e0 disposition d&#8217;un mot de passe, d&#8217;un code d&#8217;acc\u00e8s ou des donn\u00e9es informatiques similaires permettant d&#8217;acc\u00e9der \u00e0 l&#8217;ensemble ou \u00e0 une partie d&#8217;un syst\u00e8me informatique. La loi a mis en place diff\u00e9rentes formes de soci\u00e9t\u00e9s.<\/p>\n<p>Demandez un devis si vous souhaitez une enqu\u00eate informatique pour <a href=\"https:\/\/cybercrime.pacta.com\/attaques-ciblees\/\">attaques cibl\u00e9es<\/a>.<\/p>\n","protected":false},"excerpt":{"rendered":"<div class=\"mh-excerpt\"><p>Arras, Mayotte, comment choisir un consultant en cybercriminalit\u00e9 ? Enqu\u00eate pour Hacktivisme, contre-enqu\u00eates, fuites d&#8217;informations sensibles, probl\u00e8mes familiaux, nos partenaires d\u00e9tectives priv\u00e9s vous accompagnent. Cyber-attaques, <a class=\"mh-excerpt-more\" href=\"https:\/\/pacta.biz\/detective\/cyber-attaques\/\" title=\"Cyber-attaques\">[&#8230;]<\/a><\/p>\n<\/div>","protected":false},"author":1,"featured_media":0,"parent":0,"menu_order":0,"comment_status":"open","ping_status":"open","template":"","meta":{"_bbp_topic_count":0,"_bbp_reply_count":0,"_bbp_total_topic_count":0,"_bbp_total_reply_count":0,"_bbp_voice_count":0,"_bbp_anonymous_reply_count":0,"_bbp_topic_count_hidden":0,"_bbp_reply_count_hidden":0,"_bbp_forum_subforum_count":0,"footnotes":""},"class_list":["post-2071","page","type-page","status-publish","hentry"],"_links":{"self":[{"href":"https:\/\/pacta.biz\/detective\/wp-json\/wp\/v2\/pages\/2071","targetHints":{"allow":["GET"]}}],"collection":[{"href":"https:\/\/pacta.biz\/detective\/wp-json\/wp\/v2\/pages"}],"about":[{"href":"https:\/\/pacta.biz\/detective\/wp-json\/wp\/v2\/types\/page"}],"author":[{"embeddable":true,"href":"https:\/\/pacta.biz\/detective\/wp-json\/wp\/v2\/users\/1"}],"replies":[{"embeddable":true,"href":"https:\/\/pacta.biz\/detective\/wp-json\/wp\/v2\/comments?post=2071"}],"version-history":[{"count":0,"href":"https:\/\/pacta.biz\/detective\/wp-json\/wp\/v2\/pages\/2071\/revisions"}],"wp:attachment":[{"href":"https:\/\/pacta.biz\/detective\/wp-json\/wp\/v2\/media?parent=2071"}],"curies":[{"name":"wp","href":"https:\/\/api.w.org\/{rel}","templated":true}]}}