{"id":2050,"date":"2022-12-03T16:07:44","date_gmt":"2022-12-03T15:07:44","guid":{"rendered":"https:\/\/pacta.biz\/detective\/corruption\/"},"modified":"2022-12-03T16:07:44","modified_gmt":"2022-12-03T15:07:44","slug":"corruption","status":"publish","type":"page","link":"https:\/\/pacta.biz\/detective\/corruption\/","title":{"rendered":"Corruption"},"content":{"rendered":"<p>Ch\u00e2teauroux, Allier, comment <strong>choisir un consultant en cybercriminalit\u00e9<\/strong> ? Enqu\u00eate pour Crime, concurrence d\u00e9loyale, d\u00e9tournement d&#8217;h\u00e9ritage, renseignements \u00e9conomiques, nos partenaires d\u00e9tectives priv\u00e9s vous accompagnent. Corruption, renseignements \u00e9conomiques, d\u00e9couvrez les services Judicialis \u00ae.<\/p>\n<p>Corruption, phishing, le consultant en cybercriminalit\u00e9 prend en charge vos affaires dans le d\u00e9partement Allier, \u00e0 Besan\u00e7on, Fontainebleau, Sancerre ou la r\u00e9gion Indre-et-Loire (37) Loir-et-Cher (41).<\/p>\n<p><img decoding=\"async\" src=\"https:\/\/pacta.biz\/detective\/wp-content\/uploads\/sites\/20\/2022\/12\/site-alain-stevens-pacta-com.jpg\" alt=\"Corruption - Consultant en cybercriminalit\u00e9\" \/><\/p>\n<p>Malesherbes<\/p>\n<h2>Consultant en cybers\u00e9curit\u00e9 Meuse (55)<\/h2>\n<p>A Orl\u00e9ans, un d\u00e9tective partenaire Vigifraude vous propose des enqu\u00eates pour malveillance et recherche d\u2019informations, pour votre avocat sp\u00e9cialis\u00e9 en droit des successions et donations. concurrence d\u00e9loyale, d\u00e9tournement d&#8217;h\u00e9ritage, Vigifraude \u00ae vous propose des solutions.<\/p>\n<p>Les technologies de l&#8217;information se singularisent notamment par l&#8217;impact qu&#8217;elles ont eu et continueront d&#8217;avoir sur l&#8217;\u00e9volution des technologies des t\u00e9l\u00e9communications.<\/p>\n<h3>Crime Malesherbes<\/h3>\n<p>Nous intervenons pour des affaires de <a href=\"https:\/\/cybercrime.pacta.com\/cyberattaques\/\">cyberattaques<\/a>.<\/p>\n<p>DIRECCTE OCCITANIE Direction r\u00e9gionale HAUTE-GARONNE Occitanie : 5 Esplanade Compans Caffarelli BP 98016, 31080 TOULOUSE CEDEX 6. T\u00e9l : 05 62 89 81 00 Mail : oc.direction@direccte.gouv.fr. Gps : 43.610984,1.435857 Vous avez besoin d&#8217;un d\u00e9tective en r\u00e9gion Meuse (55) pour une atteinte \u00e0 l&#8217;honneur et diffamation ? D\u00e9couvrez les services Pacta \u00ae 360 Investigation.<\/p>\n<h2>Consultant en cybercriminalit\u00e9 03 &#8211; Allier<\/h2>\n<p>Vous avez un litige en cybercriminalit\u00e9 dans le d\u00e9partement 12 &#8211; Aveyron ou 56 &#8211; Morbihan &#8211; Bretagne ?<\/p>\n<p><img decoding=\"async\" src=\"https:\/\/pacta.biz\/detective\/wp-content\/uploads\/sites\/20\/2022\/12\/alains-stevens-8-conseils-informatique-consultant-cybercrime-7.jpg\" alt=\"Crime - Consultant en cybercriminalit\u00e9\" \/><\/p>\n<p>Les infractions regroup\u00e9es dans le titre 2 (fraude et falsification informatiques) ont \u00e9t\u00e9 ajout\u00e9es comme suite aux suggestions faites dans le cadre des principes directeurs \u00e9labor\u00e9s en liaison avec la Recommandation no. R (89) 9 du Conseil de l&#8217;Europe.<\/p>\n<h3>Cybermonnaies Aix en Provence<\/h3>\n<p>D\u00e9couvrez nos services pour <a href=\"https:\/\/cybercrime.pacta.com\/denigrement-en-ligne\/\">d\u00e9nigrement en ligne<\/a>.<\/p>\n<p>L&#8217;entrave doit \u00eatre &#8220;sans droit&#8221;.<\/p>\n<h2>Hame\u00e7onnage : D\u00e9tective priv\u00e9 cybercriminalit\u00e9 et d\u00e9bauchage massif<\/h2>\n<p>Vous \u00eates expert en assurances, styliste, vous avez besoin d&#8217;un audit Web sur luxembourg-capital-finance.com, golden-bank.com, cryptoning.com, executive-diamond.com ? Nous proposons des solutions, avec des d\u00e9tectives en r\u00e9gion Poitou-Charentes. \u00e9quipe r\u00e9gionale d&#8217;intervention et de s\u00e9curit\u00e9 (ERIS) : Elle est compos\u00e9e d&#8217;une quarantaine de personnels de surveillance sp\u00e9cialement form\u00e9s et \u00e9quip\u00e9s pour intervenir afin de dissuader et pr\u00e9venir les incidents, participer aux fouilles g\u00e9n\u00e9rales et r\u00e9tablir l&#8217;ordre dans les \u00e9tablissements p\u00e9nitentiaires si n\u00e9cessaire.<\/p>\n<p>luxembourg-capital-finance.com : demandez un devis pour un audit Web. De plus, des \u00e9tudes ont montr\u00e9 que ce type de criminalit\u00e9 est souvent la premi\u00e8re \u00e9tape franchie par des jeunes avant de participer \u00e0 des formes de criminalit\u00e9 plus graves, dont la criminalit\u00e9 organis\u00e9e. L&#8217;investissement dans la pr\u00e9vention de la criminalit\u00e9 de masse contribuerait donc \u00e9galement \u00e0 r\u00e9duire une criminalit\u00e9 plus grave.<\/p>\n<h3>Protection de l&#8217;entreprise Orl\u00e9anais (Orl\u00e9ans)<\/h3>\n<p>cryptofrancecapital.com, iam-broker.com, quels sont les avis et t\u00e9moignages ? Un consultant en cybercriminalit\u00e9 enqu\u00eate pour les affaires de <a href=\"https:\/\/cybercrime.pacta.com\/infractions-commises-au-sein-du-cyberespace\/\">infractions commises au sein du cyberespace<\/a>.<\/p>\n<p>La transmission de donn\u00e9es d\u00e9pend des liaisons physiques qu&#8217;empruntent les donn\u00e9es lors de leur acheminement d&#8217;un ordinateur \u00e0 l&#8217;autre. La fraude documentaire ouvre bien des horizons aux escrocs.<\/p>\n<p>financial-liquidity.com : nous pouvons r\u00e9aliser un audit Web. Demandez un devis de d\u00e9tective priv\u00e9 pour des probl\u00e8mes sociaux ou une recherche d&#8217;informations.<\/p>\n<p>Suite \u00e0 cette analyse, l&#8217;option n\u00b0 4 \u00ab une strat\u00e9gie coh\u00e9rente \u00bb a donc \u00e9t\u00e9 privil\u00e9gi\u00e9e. Vous voulez lutter contre la fraude ? Mais encore faut-il ensuite avoir des moyens puissants de contr\u00f4le.<\/p>\n<h4>Audit Vigifraude \u00ae sur 50option.com et cryptofrancecapital.com<\/h4>\n<p>vanderbelt-group.com : que penser de ce site ? Vous avez besoin d&#8217;un devis pour une investigation sur <a href=\"https:\/\/cybercrime.pacta.com\/prediction\/\">pr\u00e9diction<\/a> ?<\/p>\n<p><img decoding=\"async\" src=\"https:\/\/pacta.biz\/detective\/wp-content\/uploads\/sites\/20\/2022\/12\/site-alain-stevens-pacta-com-1.jpg\" alt=\"Protection de l'entreprise - Consultant en cybercriminalit\u00e9\" \/><\/p>\n<p>On s&#8217;accorde largement \u00e0 reconna\u00eetre que le mat\u00e9riel de diffusion physique de p\u00e9dopornographie et les pratiques en ligne qui lui sont associ\u00e9es, telles que l&#8217;\u00e9change d&#8217;id\u00e9es, de fantasmes et de conseils entre p\u00e9dophiles, contribuent \u00e0 appuyer, encourager ou faciliter les infractions sexuelles commises \u00e0 l&#8217;encontre d&#8217;enfants. Quelle est l&#8217;\u00e9tendue de l&#8217;assurance de responsabilit\u00e9 civile d\u00e9cennale ?<\/p>\n<p>Demandez un devis si vous souhaitez une enqu\u00eate informatique pour <a href=\"https:\/\/cybercrime.pacta.com\/detournement-de-fonds\/\">d\u00e9tournement de fonds<\/a>.<\/p>\n","protected":false},"excerpt":{"rendered":"<div class=\"mh-excerpt\"><p>Ch\u00e2teauroux, Allier, comment choisir un consultant en cybercriminalit\u00e9 ? Enqu\u00eate pour Crime, concurrence d\u00e9loyale, d\u00e9tournement d&#8217;h\u00e9ritage, renseignements \u00e9conomiques, nos partenaires d\u00e9tectives priv\u00e9s vous accompagnent. Corruption, <a class=\"mh-excerpt-more\" href=\"https:\/\/pacta.biz\/detective\/corruption\/\" title=\"Corruption\">[&#8230;]<\/a><\/p>\n<\/div>","protected":false},"author":1,"featured_media":0,"parent":0,"menu_order":0,"comment_status":"open","ping_status":"open","template":"","meta":{"_bbp_topic_count":0,"_bbp_reply_count":0,"_bbp_total_topic_count":0,"_bbp_total_reply_count":0,"_bbp_voice_count":0,"_bbp_anonymous_reply_count":0,"_bbp_topic_count_hidden":0,"_bbp_reply_count_hidden":0,"_bbp_forum_subforum_count":0,"footnotes":""},"class_list":["post-2050","page","type-page","status-publish","hentry"],"_links":{"self":[{"href":"https:\/\/pacta.biz\/detective\/wp-json\/wp\/v2\/pages\/2050","targetHints":{"allow":["GET"]}}],"collection":[{"href":"https:\/\/pacta.biz\/detective\/wp-json\/wp\/v2\/pages"}],"about":[{"href":"https:\/\/pacta.biz\/detective\/wp-json\/wp\/v2\/types\/page"}],"author":[{"embeddable":true,"href":"https:\/\/pacta.biz\/detective\/wp-json\/wp\/v2\/users\/1"}],"replies":[{"embeddable":true,"href":"https:\/\/pacta.biz\/detective\/wp-json\/wp\/v2\/comments?post=2050"}],"version-history":[{"count":0,"href":"https:\/\/pacta.biz\/detective\/wp-json\/wp\/v2\/pages\/2050\/revisions"}],"wp:attachment":[{"href":"https:\/\/pacta.biz\/detective\/wp-json\/wp\/v2\/media?parent=2050"}],"curies":[{"name":"wp","href":"https:\/\/api.w.org\/{rel}","templated":true}]}}