{"id":2512,"date":"2022-01-15T16:28:14","date_gmt":"2022-01-15T16:28:14","guid":{"rendered":"https:\/\/pacta.biz\/base1menu1\/?page_id=2512"},"modified":"2022-01-15T16:28:14","modified_gmt":"2022-01-15T16:28:14","slug":"edition","status":"publish","type":"page","link":"https:\/\/pacta.biz\/base1menu1\/vos-besoins\/nos-services\/edition\/","title":{"rendered":"Imprimer et \u00e9diter un livre en ligne"},"content":{"rendered":"<p>Comment publier un livre et prot\u00e9ger ses cr\u00e9ations ? <\/p>\n<p><img decoding=\"async\" src=\"https:\/\/pacta.biz\/images\/800-500\/donnees-ouvertes-droit-des-assurances-consultant-seo-bobigny.jpg\" alt=\"Alain STEVENS - Services pour l'\u00e9dition\"><\/p>\n<p>Les m\u00e9tiers du num\u00e9rique sont porteurs d\u2019emploi dans les ann\u00e9es \u00e0 venir. La transformation num\u00e9rique des entreprises a \u00e9t\u00e9 un enjeu strat\u00e9gique.<\/p>\n<p>Suite \u00e0 l\u2019adoption des conclusions du Conseil de juillet 2013, les Etats-membres de l\u2019Union se sont accord\u00e9s pour traduire plus avant la strat\u00e9gie sous la forme d\u2019une feuille de route d\u00e9taill\u00e9e. Nos partenaires d\u00e9tectives enqu\u00eatent dans un grand nombre de domaines pour vous apporter des \u00e9l\u00e9ments de preuves et garantir ainsi le succ\u00e8s de vos pr\u00e9tentions. <\/p>\n<div style=\"padding: 56.25% 0 0 0; position: relative;\"><iframe style=\"position: absolute; top: 0; left: 0; width: 100%; height: 100%;\" title=\"Victime de cybermalveillance : comment faire ? Enqu&amp;ecirc;tes en cybercriminalit&amp;eacute; - Jean Fabrice Dao Nguyen\" src=\"https:\/\/player.vimeo.com\/video\/412651180?h=84c93e19cb&amp;badge=0&amp;autopause=0&amp;player_id=0&amp;app_id=58479\" frameborder=\"0\" allowfullscreen=\"allowfullscreen\"><\/iframe><\/div>\n<p><script src=\"https:\/\/player.vimeo.com\/api\/player.js\"><\/script><br \/>\nLes donn\u00e9es sont devenues un actif strat\u00e9gique majeur. La num\u00e9risation de l&#8217;\u00e9conomie a \u00e9t\u00e9 fortement acc\u00e9l\u00e9r\u00e9e avec le confinement li\u00e9 au d\u00e9veloppement du t\u00e9l\u00e9travail.<br \/>\nContactez-nous\u00a0 pour prot\u00e9ger vos donn\u00e9es et votre r\u00e9putation !<br \/>\n&nbsp;<br \/>\n<figure id=\"attachment_2259\" aria-describedby=\"caption-attachment-2259\" style=\"width: 940px\" class=\"wp-caption alignnone\"><img loading=\"lazy\" decoding=\"async\" class=\"wp-image-2259 size-full\" src=\"https:\/\/pacta.biz\/images\/940-198\/Informatique-cybersecurite-alain-stevens-hacking-ethique.jpg\" alt=\"Contentieux bancaire et financier\" width=\"940\" height=\"198\" \/><figcaption id=\"caption-attachment-2259\" class=\"wp-caption-text\">Quels sont les avantages de la s\u00e9curit\u00e9 informatique ?<\/figcaption><\/figure>\n","protected":false},"excerpt":{"rendered":"<div class=\"mh-excerpt\"><p>Comment publier un livre et prot\u00e9ger ses cr\u00e9ations ? Les m\u00e9tiers du num\u00e9rique sont porteurs d\u2019emploi dans les ann\u00e9es \u00e0 venir. La transformation num\u00e9rique des <a class=\"mh-excerpt-more\" href=\"https:\/\/pacta.biz\/base1menu1\/vos-besoins\/nos-services\/edition\/\" title=\"Imprimer et \u00e9diter un livre en ligne\">[&#8230;]<\/a><\/p>\n<\/div>","protected":false},"author":1,"featured_media":0,"parent":1948,"menu_order":0,"comment_status":"open","ping_status":"open","template":"template-full.php","meta":{"_bbp_topic_count":0,"_bbp_reply_count":0,"_bbp_total_topic_count":0,"_bbp_total_reply_count":0,"_bbp_voice_count":0,"_bbp_anonymous_reply_count":0,"_bbp_topic_count_hidden":0,"_bbp_reply_count_hidden":0,"_bbp_forum_subforum_count":0,"footnotes":""},"class_list":["post-2512","page","type-page","status-publish","hentry"],"_links":{"self":[{"href":"https:\/\/pacta.biz\/base1menu1\/wp-json\/wp\/v2\/pages\/2512","targetHints":{"allow":["GET"]}}],"collection":[{"href":"https:\/\/pacta.biz\/base1menu1\/wp-json\/wp\/v2\/pages"}],"about":[{"href":"https:\/\/pacta.biz\/base1menu1\/wp-json\/wp\/v2\/types\/page"}],"author":[{"embeddable":true,"href":"https:\/\/pacta.biz\/base1menu1\/wp-json\/wp\/v2\/users\/1"}],"replies":[{"embeddable":true,"href":"https:\/\/pacta.biz\/base1menu1\/wp-json\/wp\/v2\/comments?post=2512"}],"version-history":[{"count":9,"href":"https:\/\/pacta.biz\/base1menu1\/wp-json\/wp\/v2\/pages\/2512\/revisions"}],"predecessor-version":[{"id":2900,"href":"https:\/\/pacta.biz\/base1menu1\/wp-json\/wp\/v2\/pages\/2512\/revisions\/2900"}],"up":[{"embeddable":true,"href":"https:\/\/pacta.biz\/base1menu1\/wp-json\/wp\/v2\/pages\/1948"}],"wp:attachment":[{"href":"https:\/\/pacta.biz\/base1menu1\/wp-json\/wp\/v2\/media?parent=2512"}],"curies":[{"name":"wp","href":"https:\/\/api.w.org\/{rel}","templated":true}]}}