{"id":2497,"date":"2022-01-15T16:28:12","date_gmt":"2022-01-15T16:28:12","guid":{"rendered":"https:\/\/pacta.biz\/base1menu1\/?page_id=2497"},"modified":"2022-01-15T16:28:13","modified_gmt":"2022-01-15T16:28:13","slug":"programmation","status":"publish","type":"page","link":"https:\/\/pacta.biz\/base1menu1\/informatique\/programmation\/","title":{"rendered":"Tous les projets de cr\u00e9ation et d\u00e9veloppement de logiciels"},"content":{"rendered":"<p>Boutigny-sur-Essonne (91820), Puiselet-le-Marais (91150), Saint-Pierre-du-Perray (91280)  Fontenay-aux-Roses (92260), Ville-d&#8217;Avray (92410)  Aulnay-sous-Bois (93600), Saint-Denis (93200) : vous avez besoin d&#8217;un consultant en informatique, d&#8217;une t\u00e9l\u00e9maintenance ?<\/p>\n<p><img decoding=\"async\" src=\"https:\/\/pacta.biz\/images\/800-500\/deep-web-droit-de-la-distribution-conseil-informatique-frejus.jpg\" alt=\"Alain STEVENS - Services pour la programmation\"><\/p>\n<p>Si vous avez des litiges ou des contentieux, un enqu\u00eateur priv\u00e9 partenaire de Judicialis \u00ae en activit\u00e9 dans les Yvelines, \u00e0 Paris, sera votre alli\u00e9 pour mener une enqu\u00eate.<\/p>\n<div style=\"padding: 56.25% 0 0 0; position: relative;\"><iframe style=\"position: absolute; top: 0; left: 0; width: 100%; height: 100%;\" title=\"Informatique, Investigation, Cybers&amp;eacute;curit&amp;eacute;, d&amp;eacute;couvrez les services Pacta &amp;reg; - Alain STEVENS\" src=\"https:\/\/player.vimeo.com\/video\/432110085?h=72c1a7d365&amp;badge=0&amp;autopause=0&amp;player_id=0&amp;app_id=58479\" frameborder=\"0\" allowfullscreen=\"allowfullscreen\"><\/iframe><\/div>\n<p><script src=\"https:\/\/player.vimeo.com\/api\/player.js\"><\/script><br \/>\nPour les affaires qui nous sont confi\u00e9es, nous d\u00e9veloppons des codes informatiques dont l&#8217;objectif est de nous fournir des informations, comme vous pourrez le voir sur notre site pacta.com, dans la rubrique informatique.<br \/>\nC&#8217;est le volet informatique de notre activit\u00e9 de conseil en strat\u00e9gie.<br \/>\nVous recherchez une soci\u00e9t\u00e9 de cr\u00e9ation et de d\u00e9veloppement de logiciels sur mesure ?<br \/>\nContactez-nous !<br \/>\n<figure id=\"attachment_2437\" aria-describedby=\"caption-attachment-2437\" style=\"width: 940px\" class=\"wp-caption aligncenter\"><img loading=\"lazy\" decoding=\"async\" class=\"wp-image-2437 size-full\" src=\"https:\/\/pacta.biz\/images\/940-198\/hacker-contentieux-conseil-informatique-paris.jpg\" alt=\"Les phases de gestion d'incident de cybers\u00e9curit\u00e9\" width=\"940\" height=\"198\" \/><figcaption id=\"caption-attachment-2437\" class=\"wp-caption-text\">Quel est le type de cyberattaque le plus r\u00e9pandu ?<\/figcaption><\/figure>\n","protected":false},"excerpt":{"rendered":"<div class=\"mh-excerpt\"><p>Boutigny-sur-Essonne (91820), Puiselet-le-Marais (91150), Saint-Pierre-du-Perray (91280) Fontenay-aux-Roses (92260), Ville-d&#8217;Avray (92410) Aulnay-sous-Bois (93600), Saint-Denis (93200) : vous avez besoin d&#8217;un consultant en informatique, d&#8217;une t\u00e9l\u00e9maintenance ? <a class=\"mh-excerpt-more\" href=\"https:\/\/pacta.biz\/base1menu1\/informatique\/programmation\/\" title=\"Tous les projets de cr\u00e9ation et d\u00e9veloppement de logiciels\">[&#8230;]<\/a><\/p>\n<\/div>","protected":false},"author":1,"featured_media":0,"parent":1355,"menu_order":0,"comment_status":"open","ping_status":"open","template":"template-full.php","meta":{"_bbp_topic_count":0,"_bbp_reply_count":0,"_bbp_total_topic_count":0,"_bbp_total_reply_count":0,"_bbp_voice_count":0,"_bbp_anonymous_reply_count":0,"_bbp_topic_count_hidden":0,"_bbp_reply_count_hidden":0,"_bbp_forum_subforum_count":0,"footnotes":""},"class_list":["post-2497","page","type-page","status-publish","hentry"],"_links":{"self":[{"href":"https:\/\/pacta.biz\/base1menu1\/wp-json\/wp\/v2\/pages\/2497","targetHints":{"allow":["GET"]}}],"collection":[{"href":"https:\/\/pacta.biz\/base1menu1\/wp-json\/wp\/v2\/pages"}],"about":[{"href":"https:\/\/pacta.biz\/base1menu1\/wp-json\/wp\/v2\/types\/page"}],"author":[{"embeddable":true,"href":"https:\/\/pacta.biz\/base1menu1\/wp-json\/wp\/v2\/users\/1"}],"replies":[{"embeddable":true,"href":"https:\/\/pacta.biz\/base1menu1\/wp-json\/wp\/v2\/comments?post=2497"}],"version-history":[{"count":9,"href":"https:\/\/pacta.biz\/base1menu1\/wp-json\/wp\/v2\/pages\/2497\/revisions"}],"predecessor-version":[{"id":2895,"href":"https:\/\/pacta.biz\/base1menu1\/wp-json\/wp\/v2\/pages\/2497\/revisions\/2895"}],"up":[{"embeddable":true,"href":"https:\/\/pacta.biz\/base1menu1\/wp-json\/wp\/v2\/pages\/1355"}],"wp:attachment":[{"href":"https:\/\/pacta.biz\/base1menu1\/wp-json\/wp\/v2\/media?parent=2497"}],"curies":[{"name":"wp","href":"https:\/\/api.w.org\/{rel}","templated":true}]}}