{"id":2491,"date":"2022-01-15T16:28:12","date_gmt":"2022-01-15T16:28:12","guid":{"rendered":"https:\/\/pacta.biz\/base1menu1\/?page_id=2491"},"modified":"2022-01-15T16:28:13","modified_gmt":"2022-01-15T16:28:13","slug":"cybercriminalite","status":"publish","type":"page","link":"https:\/\/pacta.biz\/base1menu1\/cybersecurite\/cybercriminalite\/","title":{"rendered":"Les principales questions de s\u00e9curit\u00e9"},"content":{"rendered":"<p>Assistance aux victimes de cybermalveillance : quel est le r\u00f4le de l&#8217;\u00e9tat ? A qui s&#8217;adresser quand on est victime ?<\/p>\n<p><img decoding=\"async\" src=\"https:\/\/pacta.biz\/images\/800-500\/cyberstrategie-contrats-internationaux-protection-reputation-hyeres.jpg\" alt=\"Alain STEVENS - Services pour le cybercrime\"><\/p>\n<p>Les donn\u00e9es de s\u00e9curit\u00e9 personnalis\u00e9es s&#8217;entendent des donn\u00e9es personnalis\u00e9es fournies \u00e0 un utilisateur de services de paiement par le prestataire de services de paiement \u00e0 des fins d&#8217;authentification.<\/p>\n<p>Comment \u00e9valuer la qualit\u00e9 des services d&#8217;un d\u00e9tective priv\u00e9 ? La notori\u00e9t\u00e9 du d\u00e9tective fait partie des gages de r\u00e9ussite pour le traitement de votre affaire.<\/p>\n<p>Sur le forum informatique, voici les th\u00e9matiques r\u00e9centes : Adware Cops. Smitfraud, Winfixer 2005. Ad-Protect, Freeze.com AntiSpyware, UnSpyPC. AdwareSafety, KaZaA, SpyKillerPro, Spyware Wizard, The SpyGuard. Ma r\u00e9solution \u00e9cran \u00e0 changer toute seule sans rien faire, est-ce un VIRUS ?J&#8217;aimerais l&#8217;avis d&#8217;un expert au cas o\u00f9 j&#8217;aurais attrap\u00e9 un virus par je ne sais quel moyen. Informations sur PSGuard. Bonzi Buddy, NetSpy.<\/p>\n<div style=\"padding: 56.25% 0 0 0; position: relative;\"><iframe style=\"position: absolute; top: 0; left: 0; width: 100%; height: 100%;\" title=\"La s&amp;eacute;curit&amp;eacute; informatique en d&amp;eacute;placement\" src=\"https:\/\/player.vimeo.com\/video\/424298739?h=e403b9c8f6&amp;badge=0&amp;autopause=0&amp;player_id=0&amp;app_id=58479\" frameborder=\"0\" allowfullscreen=\"allowfullscreen\"><\/iframe><\/div>\n<p><script src=\"https:\/\/player.vimeo.com\/api\/player.js\"><\/script><br \/>\nVous pourrez retrouver nos prestations en cybercriminalit\u00e9 sur le site pacta.com avec nos produits et nos tarifs.<br \/>\n&nbsp;<br \/>\n<figure id=\"attachment_2345\" aria-describedby=\"caption-attachment-2345\" style=\"width: 940px\" class=\"wp-caption alignnone\"><img loading=\"lazy\" decoding=\"async\" class=\"wp-image-2345 size-full\" src=\"https:\/\/pacta.biz\/images\/940-198\/enquetes-informatiques-cybercriminalite.jpg\" alt=\"Cybers\u00e9curit\u00e9 : des signalements plus nombreux en 2020\" width=\"940\" height=\"198\" \/><figcaption id=\"caption-attachment-2345\" class=\"wp-caption-text\">Comment savoir qui est connect\u00e9 sur mon compte Gmail ?<\/figcaption><\/figure>\n","protected":false},"excerpt":{"rendered":"<div class=\"mh-excerpt\"><p>Assistance aux victimes de cybermalveillance : quel est le r\u00f4le de l&#8217;\u00e9tat ? A qui s&#8217;adresser quand on est victime ? Les donn\u00e9es de s\u00e9curit\u00e9 <a class=\"mh-excerpt-more\" href=\"https:\/\/pacta.biz\/base1menu1\/cybersecurite\/cybercriminalite\/\" title=\"Les principales questions de s\u00e9curit\u00e9\">[&#8230;]<\/a><\/p>\n<\/div>","protected":false},"author":1,"featured_media":0,"parent":1349,"menu_order":0,"comment_status":"open","ping_status":"open","template":"template-full.php","meta":{"_bbp_topic_count":0,"_bbp_reply_count":0,"_bbp_total_topic_count":0,"_bbp_total_reply_count":0,"_bbp_voice_count":0,"_bbp_anonymous_reply_count":0,"_bbp_topic_count_hidden":0,"_bbp_reply_count_hidden":0,"_bbp_forum_subforum_count":0,"footnotes":""},"class_list":["post-2491","page","type-page","status-publish","hentry"],"_links":{"self":[{"href":"https:\/\/pacta.biz\/base1menu1\/wp-json\/wp\/v2\/pages\/2491","targetHints":{"allow":["GET"]}}],"collection":[{"href":"https:\/\/pacta.biz\/base1menu1\/wp-json\/wp\/v2\/pages"}],"about":[{"href":"https:\/\/pacta.biz\/base1menu1\/wp-json\/wp\/v2\/types\/page"}],"author":[{"embeddable":true,"href":"https:\/\/pacta.biz\/base1menu1\/wp-json\/wp\/v2\/users\/1"}],"replies":[{"embeddable":true,"href":"https:\/\/pacta.biz\/base1menu1\/wp-json\/wp\/v2\/comments?post=2491"}],"version-history":[{"count":9,"href":"https:\/\/pacta.biz\/base1menu1\/wp-json\/wp\/v2\/pages\/2491\/revisions"}],"predecessor-version":[{"id":2893,"href":"https:\/\/pacta.biz\/base1menu1\/wp-json\/wp\/v2\/pages\/2491\/revisions\/2893"}],"up":[{"embeddable":true,"href":"https:\/\/pacta.biz\/base1menu1\/wp-json\/wp\/v2\/pages\/1349"}],"wp:attachment":[{"href":"https:\/\/pacta.biz\/base1menu1\/wp-json\/wp\/v2\/media?parent=2491"}],"curies":[{"name":"wp","href":"https:\/\/api.w.org\/{rel}","templated":true}]}}