{"id":2488,"date":"2022-01-15T16:28:12","date_gmt":"2022-01-15T16:28:12","guid":{"rendered":"https:\/\/pacta.biz\/base1menu1\/?page_id=2488"},"modified":"2022-01-15T16:28:13","modified_gmt":"2022-01-15T16:28:13","slug":"securite-informatique","status":"publish","type":"page","link":"https:\/\/pacta.biz\/base1menu1\/cybersecurite\/securite-informatique\/","title":{"rendered":"Qu&#8217;est-ce que la confidentialit\u00e9 des donn\u00e9es ?"},"content":{"rendered":"<p>Comment se prot\u00e9ger contre les menaces informatiques ?<\/p>\n<p><img decoding=\"async\" src=\"https:\/\/pacta.biz\/images\/800-500\/Cybersecurite-les-Conseils-Pour-Proteger-Son-Entreprise.jpg\" alt=\"Alain STEVENS - La s\u00e9curit\u00e9 informatique\"><\/p>\n<p> Est-ce l\u00e9gal de recourir aux services d&#8217;un d\u00e9tective priv\u00e9 pour une enqu\u00eate en cybercriminalit\u00e9 ? Le d\u00e9tective priv\u00e9 partenaire de Judicialis \u00ae doit savoir s&#8217;entourer de partenaires efficaces, m\u00eame si il a certains domaines de sp\u00e9cialisations.<\/p>\n<p>Vous avez un litige ? Le proc\u00e8s se tiendra devant la juridiction comp\u00e9tente en fonction du ressort et de la nature de l&#8217;infraction.<\/p>\n<div style=\"padding: 56.25% 0 0 0; position: relative;\"><iframe style=\"position: absolute; top: 0; left: 0; width: 100%; height: 100%;\" title=\"Victime de cybermalveillance : comment faire ? Enqu&amp;ecirc;tes en cybercriminalit&amp;eacute; - Jean Fabrice Dao Nguyen\" src=\"https:\/\/player.vimeo.com\/video\/412651180?h=84c93e19cb&amp;badge=0&amp;autopause=0&amp;player_id=0&amp;app_id=58479\" frameborder=\"0\" allowfullscreen=\"allowfullscreen\"><\/iframe><\/div>\n<p><script src=\"https:\/\/player.vimeo.com\/api\/player.js\"><\/script><br \/>\nLes donn\u00e9es sont devenues un actif strat\u00e9gique majeur. La num\u00e9risation de l&#8217;\u00e9conomie a \u00e9t\u00e9 fortement acc\u00e9l\u00e9r\u00e9e avec le confinement li\u00e9 au d\u00e9veloppement du t\u00e9l\u00e9travail.<br \/>\nContactez-nous\u00a0 pour prot\u00e9ger vos donn\u00e9es et votre r\u00e9putation !<br \/>\n&nbsp;<br \/>\n<figure id=\"attachment_2259\" aria-describedby=\"caption-attachment-2259\" style=\"width: 940px\" class=\"wp-caption alignnone\"><img loading=\"lazy\" decoding=\"async\" class=\"wp-image-2259 size-full\" src=\"https:\/\/pacta.biz\/images\/940-198\/enquete-informatique-cybercrime-Villeurbanne-hacker-virus-spyware-paris.jpg\" alt=\"Contentieux bancaire et financier\" width=\"940\" height=\"198\" \/><figcaption id=\"caption-attachment-2259\" class=\"wp-caption-text\">Comment savoir si quelqu&#8217;un se connecte sur mon ordinateur ?<\/figcaption><\/figure>\n","protected":false},"excerpt":{"rendered":"<div class=\"mh-excerpt\"><p>Comment se prot\u00e9ger contre les menaces informatiques ? Est-ce l\u00e9gal de recourir aux services d&#8217;un d\u00e9tective priv\u00e9 pour une enqu\u00eate en cybercriminalit\u00e9 ? Le d\u00e9tective <a class=\"mh-excerpt-more\" href=\"https:\/\/pacta.biz\/base1menu1\/cybersecurite\/securite-informatique\/\" title=\"Qu&#8217;est-ce que la confidentialit\u00e9 des donn\u00e9es ?\">[&#8230;]<\/a><\/p>\n<\/div>","protected":false},"author":1,"featured_media":0,"parent":1349,"menu_order":0,"comment_status":"open","ping_status":"open","template":"template-full.php","meta":{"_bbp_topic_count":0,"_bbp_reply_count":0,"_bbp_total_topic_count":0,"_bbp_total_reply_count":0,"_bbp_voice_count":0,"_bbp_anonymous_reply_count":0,"_bbp_topic_count_hidden":0,"_bbp_reply_count_hidden":0,"_bbp_forum_subforum_count":0,"footnotes":""},"class_list":["post-2488","page","type-page","status-publish","hentry"],"_links":{"self":[{"href":"https:\/\/pacta.biz\/base1menu1\/wp-json\/wp\/v2\/pages\/2488","targetHints":{"allow":["GET"]}}],"collection":[{"href":"https:\/\/pacta.biz\/base1menu1\/wp-json\/wp\/v2\/pages"}],"about":[{"href":"https:\/\/pacta.biz\/base1menu1\/wp-json\/wp\/v2\/types\/page"}],"author":[{"embeddable":true,"href":"https:\/\/pacta.biz\/base1menu1\/wp-json\/wp\/v2\/users\/1"}],"replies":[{"embeddable":true,"href":"https:\/\/pacta.biz\/base1menu1\/wp-json\/wp\/v2\/comments?post=2488"}],"version-history":[{"count":9,"href":"https:\/\/pacta.biz\/base1menu1\/wp-json\/wp\/v2\/pages\/2488\/revisions"}],"predecessor-version":[{"id":2892,"href":"https:\/\/pacta.biz\/base1menu1\/wp-json\/wp\/v2\/pages\/2488\/revisions\/2892"}],"up":[{"embeddable":true,"href":"https:\/\/pacta.biz\/base1menu1\/wp-json\/wp\/v2\/pages\/1349"}],"wp:attachment":[{"href":"https:\/\/pacta.biz\/base1menu1\/wp-json\/wp\/v2\/media?parent=2488"}],"curies":[{"name":"wp","href":"https:\/\/api.w.org\/{rel}","templated":true}]}}