{"id":2481,"date":"2022-01-15T16:28:12","date_gmt":"2022-01-15T16:28:12","guid":{"rendered":"https:\/\/pacta.biz\/base1menu1\/?page_id=2481"},"modified":"2022-01-15T16:28:13","modified_gmt":"2022-01-15T16:28:13","slug":"videos","status":"publish","type":"page","link":"https:\/\/pacta.biz\/base1menu1\/contact\/documentation\/videos\/","title":{"rendered":"Blanchiment d&#8217;argent et corruption &#8211; Cyberconflit &#8211; Fraude \u00e0 la carte bleue : nos vid\u00e9os sur pacta.com"},"content":{"rendered":"<p>Les actions commises par un salari\u00e9 \u00e0 l\u2019\u00e9gard d\u2019un autre professionnel, ou d&#8217;un autre coll\u00e8gue, qui en p\u00e2tit dans son activit\u00e9, n\u00e9cessitent souvent des actions appropri\u00e9es que nous pourrons mettre en place, par exemple dans le domaine de la cybercriminalit\u00e9. <\/p>\n<p><img decoding=\"async\" src=\"https:\/\/pacta.biz\/images\/800-500\/cyberrenseignement-contentieux-internationaux-detectives-prives-villejuif.jpg\" alt=\"Alain STEVENS - Nos vid\u00e9os\"><\/p>\n<p><i>Vos questions dans le domaine informatique  : Revealer Keylogger. KaZaA, Winhound Spyware Remover. AdwareDeluxe, Keylogger Pro, obus66C2.tmp. AdwareDeluxe, Instant access, SpyHunter, SpywareKilla, TeoSoft Anti-Spyware. tu utilises un VPN, Pourquoi? pourquoi un proxy? Pourquoi l&#8217;installation de panda cloud antivirus ne se finalise pas ?. Logiciel Espion Portable,Internet Optimizer. UpdateSearches.com, MarketScore.<\/i><\/p>\n<p>Le d\u00e9tective priv\u00e9 est devenu un collaborateur indispensable pour l&#8217;avocat, et tous les secteurs sont concern\u00e9s par la cybercriminalit\u00e9. Mais pour proposer des services en cybercriminalit\u00e9, il est \u00e9vident qu&#8217;il doit avoir des comp\u00e9tences d&#8217;informaticien.<\/p>\n<div style=\"padding: 56.25% 0 0 0; position: relative;\"><iframe style=\"position: absolute; top: 0; left: 0; width: 100%; height: 100%;\" title=\"Cybers&amp;eacute;curit&amp;eacute; et cybercriminalit&amp;eacute; : prot&amp;eacute;gez votre entreprise !\" src=\"https:\/\/player.vimeo.com\/video\/444942237?h=12855c27b9&amp;badge=0&amp;autopause=0&amp;player_id=0&amp;app_id=58479\" frameborder=\"0\" allowfullscreen=\"allowfullscreen\"><\/iframe><\/div>\n<p><script src=\"https:\/\/player.vimeo.com\/api\/player.js\"><\/script><br \/>\nPour en savoir plus, allez sur le site pacta.com, dans la rubrique Vid\u00e9os.<br \/>\n<figure id=\"attachment_2243\" aria-describedby=\"caption-attachment-2243\" style=\"width: 940px\" class=\"wp-caption aligncenter\"><img loading=\"lazy\" decoding=\"async\" class=\"wp-image-2243 size-full\" src=\"https:\/\/pacta.biz\/images\/940-198\/enquete-informatique-cybercrime-Toulouse-hacker-virus-spyware-paris.jpg\" alt=\"Si apr\u00e8s toutes vos d\u00e9marches, le litige n\u2019est pas r\u00e9solu, il est alors possible de saisir la justice civile\" width=\"940\" height=\"198\" \/><figcaption id=\"caption-attachment-2243\" class=\"wp-caption-text\">Comment fonctionne la cybers\u00e9curit\u00e9 ?<\/figcaption><\/figure>\n","protected":false},"excerpt":{"rendered":"<div class=\"mh-excerpt\"><p>Les actions commises par un salari\u00e9 \u00e0 l\u2019\u00e9gard d\u2019un autre professionnel, ou d&#8217;un autre coll\u00e8gue, qui en p\u00e2tit dans son activit\u00e9, n\u00e9cessitent souvent des actions <a class=\"mh-excerpt-more\" href=\"https:\/\/pacta.biz\/base1menu1\/contact\/documentation\/videos\/\" title=\"Blanchiment d&#8217;argent et corruption &#8211; Cyberconflit &#8211; Fraude \u00e0 la carte bleue : nos vid\u00e9os sur pacta.com\">[&#8230;]<\/a><\/p>\n<\/div>","protected":false},"author":1,"featured_media":0,"parent":1963,"menu_order":0,"comment_status":"open","ping_status":"open","template":"template-full.php","meta":{"_bbp_topic_count":0,"_bbp_reply_count":0,"_bbp_total_topic_count":0,"_bbp_total_reply_count":0,"_bbp_voice_count":0,"_bbp_anonymous_reply_count":0,"_bbp_topic_count_hidden":0,"_bbp_reply_count_hidden":0,"_bbp_forum_subforum_count":0,"footnotes":""},"class_list":["post-2481","page","type-page","status-publish","hentry"],"_links":{"self":[{"href":"https:\/\/pacta.biz\/base1menu1\/wp-json\/wp\/v2\/pages\/2481","targetHints":{"allow":["GET"]}}],"collection":[{"href":"https:\/\/pacta.biz\/base1menu1\/wp-json\/wp\/v2\/pages"}],"about":[{"href":"https:\/\/pacta.biz\/base1menu1\/wp-json\/wp\/v2\/types\/page"}],"author":[{"embeddable":true,"href":"https:\/\/pacta.biz\/base1menu1\/wp-json\/wp\/v2\/users\/1"}],"replies":[{"embeddable":true,"href":"https:\/\/pacta.biz\/base1menu1\/wp-json\/wp\/v2\/comments?post=2481"}],"version-history":[{"count":9,"href":"https:\/\/pacta.biz\/base1menu1\/wp-json\/wp\/v2\/pages\/2481\/revisions"}],"predecessor-version":[{"id":2890,"href":"https:\/\/pacta.biz\/base1menu1\/wp-json\/wp\/v2\/pages\/2481\/revisions\/2890"}],"up":[{"embeddable":true,"href":"https:\/\/pacta.biz\/base1menu1\/wp-json\/wp\/v2\/pages\/1963"}],"wp:attachment":[{"href":"https:\/\/pacta.biz\/base1menu1\/wp-json\/wp\/v2\/media?parent=2481"}],"curies":[{"name":"wp","href":"https:\/\/api.w.org\/{rel}","templated":true}]}}