{"id":1970,"date":"2022-01-15T16:28:11","date_gmt":"2022-01-15T16:28:11","guid":{"rendered":"https:\/\/pacta.biz\/base1menu1\/?page_id=1970"},"modified":"2022-01-15T16:28:12","modified_gmt":"2022-01-15T16:28:12","slug":"assistance","status":"publish","type":"page","link":"https:\/\/pacta.biz\/base1menu1\/assistance\/","title":{"rendered":"Int\u00e9gration de solutions de s\u00e9curit\u00e9 informatiques"},"content":{"rendered":"<p>Quels sont les aspects les plus importants du service d&#8217;assistance informatique ? <\/p>\n<p><img decoding=\"async\" src=\"https:\/\/pacta.biz\/images\/800-500\/consultant-seo-saint-germain-en-laye.jpg\" alt=\"Alain STEVENS - Services d'assistance\"><\/p>\n<p>On prie la Commission et les \u00c9tats membres de promouvoir l\u2019option de la s\u00e9curit\u00e9 d\u00e8s la conception. Ils faut exhorter les entreprises du secteur \u00e0 incorporer des solutions de s\u00e9curit\u00e9 d\u00e8s la conception dans tous les dispositifs en question. L&#8217;impact d&#8217;une perte des donn\u00e9es pour une soci\u00e9t\u00e9 sera d&#8217;autant plus important que les donn\u00e9es sont consid\u00e9r\u00e9es comme vitales ou strat\u00e9giques.<\/p>\n<p>Nous vous proposons des \u00e9valuations de sites, pour extra-gains.com\/bitcoincode. Egalement, pour consorfx.com \/ Trading Technologies Ltd, lh-broker.com \/ Larson and Holz IT Ltd, ou tmarkets.com \/ T Markets, contactez-nous pour toute question.<\/p>\n<div style=\"padding: 56.25% 0 0 0; position: relative;\"><iframe style=\"position: absolute; top: 0; left: 0; width: 100%; height: 100%;\" title=\"Conseil et assistance en informatique depuis 1997\" src=\"https:\/\/player.vimeo.com\/video\/536429156?h=9ae79f1208&amp;badge=0&amp;autopause=0&amp;player_id=0&amp;app_id=58479\" frameborder=\"0\" allowfullscreen=\"allowfullscreen\"><\/iframe><\/div>\n<p><script src=\"https:\/\/player.vimeo.com\/api\/player.js\"><\/script><br \/>\n<figure id=\"attachment_2433\" aria-describedby=\"caption-attachment-2433\" style=\"width: 940px\" class=\"wp-caption aligncenter\"><img loading=\"lazy\" decoding=\"async\" class=\"wp-image-2433 size-full\" src=\"https:\/\/pacta.biz\/images\/940-198\/conseil-informatique-paris-grasse-virus-spyware.jpg\" alt=\"Analyse de risques cybers\u00e9curit\u00e9\" width=\"940\" height=\"198\" \/><figcaption id=\"caption-attachment-2433\" class=\"wp-caption-text\">Quels sont les objectifs des pirates lors de cyberattaques ?<\/figcaption><\/figure>\n","protected":false},"excerpt":{"rendered":"<div class=\"mh-excerpt\"><p>Quels sont les aspects les plus importants du service d&#8217;assistance informatique ? On prie la Commission et les \u00c9tats membres de promouvoir l\u2019option de la <a class=\"mh-excerpt-more\" href=\"https:\/\/pacta.biz\/base1menu1\/assistance\/\" title=\"Int\u00e9gration de solutions de s\u00e9curit\u00e9 informatiques\">[&#8230;]<\/a><\/p>\n<\/div>","protected":false},"author":1,"featured_media":0,"parent":0,"menu_order":0,"comment_status":"open","ping_status":"open","template":"template-full.php","meta":{"_bbp_topic_count":0,"_bbp_reply_count":0,"_bbp_total_topic_count":0,"_bbp_total_reply_count":0,"_bbp_voice_count":0,"_bbp_anonymous_reply_count":0,"_bbp_topic_count_hidden":0,"_bbp_reply_count_hidden":0,"_bbp_forum_subforum_count":0,"footnotes":""},"class_list":["post-1970","page","type-page","status-publish","hentry"],"_links":{"self":[{"href":"https:\/\/pacta.biz\/base1menu1\/wp-json\/wp\/v2\/pages\/1970","targetHints":{"allow":["GET"]}}],"collection":[{"href":"https:\/\/pacta.biz\/base1menu1\/wp-json\/wp\/v2\/pages"}],"about":[{"href":"https:\/\/pacta.biz\/base1menu1\/wp-json\/wp\/v2\/types\/page"}],"author":[{"embeddable":true,"href":"https:\/\/pacta.biz\/base1menu1\/wp-json\/wp\/v2\/users\/1"}],"replies":[{"embeddable":true,"href":"https:\/\/pacta.biz\/base1menu1\/wp-json\/wp\/v2\/comments?post=1970"}],"version-history":[{"count":21,"href":"https:\/\/pacta.biz\/base1menu1\/wp-json\/wp\/v2\/pages\/1970\/revisions"}],"predecessor-version":[{"id":2875,"href":"https:\/\/pacta.biz\/base1menu1\/wp-json\/wp\/v2\/pages\/1970\/revisions\/2875"}],"wp:attachment":[{"href":"https:\/\/pacta.biz\/base1menu1\/wp-json\/wp\/v2\/media?parent=1970"}],"curies":[{"name":"wp","href":"https:\/\/api.w.org\/{rel}","templated":true}]}}