{"id":1942,"date":"2022-01-15T16:28:11","date_gmt":"2022-01-15T16:28:11","guid":{"rendered":"https:\/\/pacta.biz\/base1menu1\/?page_id=1942"},"modified":"2022-01-15T16:28:12","modified_gmt":"2022-01-15T16:28:12","slug":"vos-besoins","status":"publish","type":"page","link":"https:\/\/pacta.biz\/base1menu1\/vos-besoins\/","title":{"rendered":"Qu&#8217;est-ce qu&#8217;un service personnalis\u00e9 ?"},"content":{"rendered":"<p>Que fait un consultant en entreprise ?<\/p>\n<p>Vous recherchez des articles de presse sur capitalconseil-france.com, europiabank.com, franc-finance-services.com, ou bien uni-financegroup.com? Il ne faudrait surtout pas oublier que les fraudes en ligne sont en constante augmentation. <\/p>\n<p><img decoding=\"async\" src=\"https:\/\/pacta.biz\/images\/800-500\/blockchain-droit-de-la-sante-webmaster-metz.jpg\" alt=\"Alain STEVENS - Services pour les entreprises\"><\/p>\n<p>Il est possible d&#8217;\u00e9viter de devenir victimes d&#8217;actes de cybermalveillance. Demandes de renseignements sur binarycent.com, idigitale-finance.com, nous sommes focalis\u00e9s sur les enqu\u00eates informatiques depuis plus de 20 ans.<\/p>\n<p>Tous nos services sont accessibles sur le site Pacta.com. Depuis 1999, nous accompagnons les particuliers et les professionnels dans nos domaines de sp\u00e9cialisation.<br \/>\n<iframe loading=\"lazy\" title=\"vimeo-player\" src=\"https:\/\/player.vimeo.com\/video\/431870672?h=026cefe65e\" width=\"640\" height=\"360\" frameborder=\"0\" allowfullscreen=\"allowfullscreen\"><\/iframe><br \/>\nQuels sont actuellement vos besoins ? Vous recherchez des conseils en informatique ? Vous avez besoin de preuves dans un litige en cybercriminalit\u00e9 ?<br \/>\nB\u00e9n\u00e9ficiez sans attendre de nos solutions. Prenez contact !<br \/>\n<figure id=\"attachment_1944\" aria-describedby=\"caption-attachment-1944\" style=\"width: 940px\" class=\"wp-caption alignnone\"><img loading=\"lazy\" decoding=\"async\" class=\"wp-image-1944 size-full\" src=\"https:\/\/pacta.biz\/images\/940-198\/conseil-informatique-lyon-reims-virus-spyware.jpg\" alt=\"Assistance en informatique, d\u00e9pannage, cybers\u00e9curit\u00e9\" width=\"940\" height=\"198\" \/><figcaption id=\"caption-attachment-1944\" class=\"wp-caption-text\">Quels sont les enjeux g\u00e9opolitiques de la cybers\u00e9curit\u00e9 ?<\/figcaption><\/figure>\n","protected":false},"excerpt":{"rendered":"<div class=\"mh-excerpt\"><p>Que fait un consultant en entreprise ? Vous recherchez des articles de presse sur capitalconseil-france.com, europiabank.com, franc-finance-services.com, ou bien uni-financegroup.com? Il ne faudrait surtout pas <a class=\"mh-excerpt-more\" href=\"https:\/\/pacta.biz\/base1menu1\/vos-besoins\/\" title=\"Qu&#8217;est-ce qu&#8217;un service personnalis\u00e9 ?\">[&#8230;]<\/a><\/p>\n<\/div>","protected":false},"author":1,"featured_media":0,"parent":0,"menu_order":0,"comment_status":"open","ping_status":"open","template":"template-full.php","meta":{"_bbp_topic_count":0,"_bbp_reply_count":0,"_bbp_total_topic_count":0,"_bbp_total_reply_count":0,"_bbp_voice_count":0,"_bbp_anonymous_reply_count":0,"_bbp_topic_count_hidden":0,"_bbp_reply_count_hidden":0,"_bbp_forum_subforum_count":0,"footnotes":""},"class_list":["post-1942","page","type-page","status-publish","hentry"],"_links":{"self":[{"href":"https:\/\/pacta.biz\/base1menu1\/wp-json\/wp\/v2\/pages\/1942","targetHints":{"allow":["GET"]}}],"collection":[{"href":"https:\/\/pacta.biz\/base1menu1\/wp-json\/wp\/v2\/pages"}],"about":[{"href":"https:\/\/pacta.biz\/base1menu1\/wp-json\/wp\/v2\/types\/page"}],"author":[{"embeddable":true,"href":"https:\/\/pacta.biz\/base1menu1\/wp-json\/wp\/v2\/users\/1"}],"replies":[{"embeddable":true,"href":"https:\/\/pacta.biz\/base1menu1\/wp-json\/wp\/v2\/comments?post=1942"}],"version-history":[{"count":10,"href":"https:\/\/pacta.biz\/base1menu1\/wp-json\/wp\/v2\/pages\/1942\/revisions"}],"predecessor-version":[{"id":2870,"href":"https:\/\/pacta.biz\/base1menu1\/wp-json\/wp\/v2\/pages\/1942\/revisions\/2870"}],"wp:attachment":[{"href":"https:\/\/pacta.biz\/base1menu1\/wp-json\/wp\/v2\/media?parent=1942"}],"curies":[{"name":"wp","href":"https:\/\/api.w.org\/{rel}","templated":true}]}}