{"id":1349,"date":"2022-01-15T16:28:11","date_gmt":"2022-01-15T16:28:11","guid":{"rendered":"https:\/\/pacta.biz\/base1menu1\/?page_id=1349"},"modified":"2022-01-15T16:28:12","modified_gmt":"2022-01-15T16:28:12","slug":"cybersecurite","status":"publish","type":"page","link":"https:\/\/pacta.biz\/base1menu1\/cybersecurite\/","title":{"rendered":"La probl\u00e9matique de la cybers\u00e9curit\u00e9 dans les entreprises"},"content":{"rendered":"<p>La meilleure fa\u00e7on de vous prot\u00e9ger contre la cybercriminalit\u00e9 est d&#8217;engager un consultant en cybers\u00e9curit\u00e9, si vous habitez dans le secteur Angers 57 &#8211; Moselle &#8211; Metz 62 &#8211; Pas-de-Calais &#8211; Arras 72 &#8211; Sarthe &#8211; Le Mans 78 &#8211; Yvelines &#8211; Versailles 84 &#8211; Vaucluse &#8211; Avignon 973 &#8211; Guyane &#8211; Cayenne , dans des grandes villes comme  Marseille, Lille, Limoges, Metz, Argenteuil.<\/p>\n<p><img decoding=\"async\" src=\"https:\/\/pacta.biz\/images\/800-500\/attaques-ciblees-droit-boursier-webmaster-saint-etienne.jpg\" alt=\"Alain STEVENS - Services pour la cybers\u00e9curit\u00e9\"><\/p>\n<p>Vous avez des soup\u00e7ons sur la v\u00e9racit\u00e9 d&#8217;un sinistre ? L&#8217;enqu\u00eateur partenaire de Vigifraude \u00ae met en \u0153uvre des investigations sur mesure. L&#8217;action de Cyberdouane s\u2019exerce \u00e0 partir des priorit\u00e9s sectorielles d\u00e9finies par le minist\u00e8re, des d\u00e9clarations de cible effectu\u00e9s par les douaniers de terrain ou m\u00eame d\u2019initiative. <\/p>\n<p>L&#8217;European Network Information Security Agency (ENISA) est l\u2019organisme en charge de la protection des syst\u00e8mes d\u2019information de l\u2019Union. Les attaques cyber ciblent des particuliers, qui ne sont pas assez form\u00e9s pour r\u00e9agir aux attaques.<\/p>\n<p>IOTA (MIOTA) &#8211; Arnaques au pr\u00e9sident, ddos, vol de donn\u00e9es : assistance informatique \u00e0 Reims, Neuilly-sur-Seine, ou Hy\u00e8res : comment faire ?<\/p>\n<h2>Attaques informatiques et cybercriminalit\u00e9<\/h2>\n<p>La nette augmentation des cyber-menaces et des cyber-attaques constituent aujourd\u2019hui un risque majeur. Sur le site pacta.com, vous trouverez nos services en mati\u00e8re de cybers\u00e9curit\u00e9.<br \/>\n<iframe loading=\"lazy\" title=\"vimeo-player\" src=\"https:\/\/player.vimeo.com\/video\/433110253?h=a01f5a84b0\" width=\"640\" height=\"360\" frameborder=\"0\" allowfullscreen=\"allowfullscreen\"><\/iframe><br \/>\nLes chiffres de la cybercriminalit\u00e9 en France sont en progression constante. La protection face aux cyber menaces est une priorit\u00e9 strat\u00e9gique qui doit \u00eatre envisag\u00e9e par chaque dirigeant d&#8217;entreprise.<br \/>\n<figure id=\"attachment_2446\" aria-describedby=\"caption-attachment-2446\" style=\"width: 940px\" class=\"wp-caption alignnone\"><img loading=\"lazy\" decoding=\"async\" class=\"wp-image-2446 size-full\" src=\"https:\/\/pacta.biz\/images\/940-198\/alain-stevens-securite-detective-filature-cybercriminalite.jpg\" alt=\"Cybers\u00e9curit\u00e9 : comment faire face aux nouvelles menaces\" width=\"940\" height=\"198\" \/><figcaption id=\"caption-attachment-2446\" class=\"wp-caption-text\">Cybers\u00e9curit\u00e9 : comment faire face aux nouvelles menaces<\/figcaption><\/figure>\n&nbsp;<\/p>\n","protected":false},"excerpt":{"rendered":"<div class=\"mh-excerpt\"><p>La meilleure fa\u00e7on de vous prot\u00e9ger contre la cybercriminalit\u00e9 est d&#8217;engager un consultant en cybers\u00e9curit\u00e9, si vous habitez dans le secteur Angers 57 &#8211; Moselle <a class=\"mh-excerpt-more\" href=\"https:\/\/pacta.biz\/base1menu1\/cybersecurite\/\" title=\"La probl\u00e9matique de la cybers\u00e9curit\u00e9 dans les entreprises\">[&#8230;]<\/a><\/p>\n<\/div>","protected":false},"author":1,"featured_media":0,"parent":0,"menu_order":0,"comment_status":"open","ping_status":"open","template":"template-full.php","meta":{"_bbp_topic_count":0,"_bbp_reply_count":0,"_bbp_total_topic_count":0,"_bbp_total_reply_count":0,"_bbp_voice_count":0,"_bbp_anonymous_reply_count":0,"_bbp_topic_count_hidden":0,"_bbp_reply_count_hidden":0,"_bbp_forum_subforum_count":0,"footnotes":""},"class_list":["post-1349","page","type-page","status-publish","hentry"],"_links":{"self":[{"href":"https:\/\/pacta.biz\/base1menu1\/wp-json\/wp\/v2\/pages\/1349","targetHints":{"allow":["GET"]}}],"collection":[{"href":"https:\/\/pacta.biz\/base1menu1\/wp-json\/wp\/v2\/pages"}],"about":[{"href":"https:\/\/pacta.biz\/base1menu1\/wp-json\/wp\/v2\/types\/page"}],"author":[{"embeddable":true,"href":"https:\/\/pacta.biz\/base1menu1\/wp-json\/wp\/v2\/users\/1"}],"replies":[{"embeddable":true,"href":"https:\/\/pacta.biz\/base1menu1\/wp-json\/wp\/v2\/comments?post=1349"}],"version-history":[{"count":17,"href":"https:\/\/pacta.biz\/base1menu1\/wp-json\/wp\/v2\/pages\/1349\/revisions"}],"predecessor-version":[{"id":2863,"href":"https:\/\/pacta.biz\/base1menu1\/wp-json\/wp\/v2\/pages\/1349\/revisions\/2863"}],"wp:attachment":[{"href":"https:\/\/pacta.biz\/base1menu1\/wp-json\/wp\/v2\/media?parent=1349"}],"curies":[{"name":"wp","href":"https:\/\/api.w.org\/{rel}","templated":true}]}}