{"id":2518,"date":"2021-12-31T16:31:31","date_gmt":"2021-12-31T16:31:31","guid":{"rendered":"https:\/\/pacta.biz\/base1\/?page_id=2518"},"modified":"2021-12-31T16:31:31","modified_gmt":"2021-12-31T16:31:31","slug":"generation-de-contenu","status":"publish","type":"page","link":"https:\/\/pacta.biz\/base1\/strategie\/generation-de-contenu\/","title":{"rendered":"La g\u00e9n\u00e9ration de contenu pour am\u00e9liorer son r\u00e9f\u00e9rencement"},"content":{"rendered":"<p>Natural language processing (NLP) : vous recherchez un consultant \u00e0 Mamoudzou, Agen, dans la r\u00e9gion Poitou-Charentes, dans le d\u00e9partement 37 &#8211; Indre-et-Loire &#8211; Tours ?<\/p>\n<p><strong><\/p>\n<p>Enqu\u00eates informatiques et g\u00e9n\u00e9ration de contenus<br \/>\n : Contactez Alain STEVENS au 06 12 55 19 80<\/strong><\/p>\n<p>La contrefa\u00e7on n\u2019est \u00e0 l\u2019origine que de 2,6% des fraudes de la fraude dans les paiements nationaux et l\u2019ouverture frauduleuse d\u2019un compte que de 1%. Des textes juridiques ont \u00e9t\u00e9 int\u00e9gr\u00e9s, en f\u00e9vrier 2013, dans un ensemble coh\u00e9rent ayant vocation \u00e0 traiter le plus largement possible de la probl\u00e9matique cyber. L&#8217;objet de la circulaire interminist\u00e9rielle du 19.07.2013 concerne la plate-forme dite PHAROS. Certains peuvent compter sur les magistrats ayant suivi une formation permanente dans le domaine de la cybercriminalit\u00e9.<\/p>\n<p>Attention au courrier \u00e9lectronique. Vous avez \u00e9t\u00e9 contact\u00e9 par<br \/>\ngrk-groupe.com et xxx@bbva-services.com ?<br \/>\nCOSS (COSS), Dent (DENT), Loopring (LRC) : un informaticien peut vous aider \u00e0 d\u00e9couvrir les cryptomonnaies. Codes malveillants, d\u00e9nigrement sur Youtube, guerre d&#8217;image, un consultant disponible \u00e0 Antibes, Montauban, Narbonne. bp-direct.com, emfi-placesecurity.com,  mutual-broker.com, ou traderxp.com, demandez un audit due diligence. <\/p>\n<p>Comme beaucoup de personnes avis\u00e9es, vont consulter des t\u00e9moignages sur bkhedin.com, credits-investi.com, lgmfinances.com, ou bien sigmabunq.com, il est vrai les fraudes en ligne sont nombreuses.   Investigations sur le Web et les r\u00e9seaux sociax sur boursolev.com, eiffelinvest.com, Faites appel \u00e0 des professionnels de la pr\u00e9vention des risques.<\/p>\n<h2>Pays de la Loire : G\u00e9n\u00e9ration de contenus &#8211; Traitement automatique des langues<\/h2>\n<p>Le Gouvernement a d\u00e9pos\u00e9 un projet de loi sur la g\u00e9o-localisation en mati\u00e8re judiciaire.<br \/>\nIl doit \u00eatre toutefois soulign\u00e9 que, souvent, le plaignant lui-m\u00eame ignore le moyen utilis\u00e9 pour le l\u00e9ser.<\/p>\n<p>Les attaques logiques cibl\u00e9es n\u2019ont concern\u00e9 que 3% des entreprises, de m\u00eame que les fraudes informatiques ou touchant aux syst\u00e8mes de t\u00e9l\u00e9communication. <\/p>\n<p>Que faut-il penser des sites<br \/>\n 2c-credits.com,  cosaffinance.com, kredixgroups.com, lisa.fortin@net24-direct.com, peoplesborderlessbank.com, woxawbanq.com ? Prenez le temps d&#8217;une analyse Due Diligence pr\u00e9alable<br \/>\n, par exemple pour  kryptowize.com. De m\u00eame, \u00e0 propos de<br \/>\nftradition.com \/ G.M.E. Ltd, motionforex.com \/ Motion Forex Ltd, ou tradect.com \/ Investment House Limited, contactez-nous si vous avez besoin d&#8217;informations compl\u00e9mantaires.<\/p>\n<p><strong>Cybermalveillance et cybers\u00e9curit\u00e9 : retrouvez sur le site pacta.com tous nos services.<\/strong><\/p>\n<p>Les r\u00e9ponses actuelles \u00e0 la cybercriminalit\u00e9 en France : de l\u2019appr\u00e9hension normative \u00e0 la sp\u00e9cialisation de la police judiciaire pour une efficacit\u00e9 relative.<br \/>\nFausse identit\u00e9 : Une man\u0153uvre frauduleuse peut avoir pour but de tromper la victime pour qu\u2019elle remette le bien en question. Un bien confi\u00e9 \u00e0 une personne qui n\u2019est pas restitu\u00e9 ou d\u00e9grad\u00e9, ces \u00e9l\u00e9ments sont susceptibles de caract\u00e9riser l\u2019abus de confiance.<\/p>\n<div style=\"padding: 56.25% 0 0 0; position: relative;\"><iframe style=\"position: absolute; top: 0; left: 0; width: 100%; height: 100%;\" title=\"Recherche de preuves dans les litiges et contentieux\" src=\"https:\/\/player.vimeo.com\/video\/355285241?h=8ad1fb6006&amp;badge=0&amp;autopause=0&amp;player_id=0&amp;app_id=58479\" frameborder=\"0\" allowfullscreen=\"allowfullscreen\"><\/iframe><\/div>\n<p><script src=\"https:\/\/player.vimeo.com\/api\/player.js\"><\/script><\/p>\n<h3>Alain STEVENS &#8211; G\u00e9n\u00e9ration de contenus &#8211; TNL &#8211; Traitement du langage naturel|Natural language processing (NLP) <\/h3>\n<p>Conseil en strat\u00e9gie et en informatique depuis 1997, issu du domaine bancaire et financier, avec une sp\u00e9cialisation dans les litiges num\u00e9riques et la cyber-s\u00e9curit\u00e9.<br \/>\n<img decoding=\"async\" class=\"\"wp-image-2414 size-full\"\" src=\"\"https:\/\/pacta.biz\/base1\/wp-content\/uploads\/sites\/6\/2021\/12\/Assistance-aux-victimes-de-cybermalveillance-2.jpg\"\" alt=\"\"CRISE D'ORIGINE CYBER\"\" width=\"\"940\"\" height=\"\"198\"\" \/>\n<p>Les entreprises de l\u2019internet sont capables de mener des r\u00e9formes importantes sur les pratiques quotidiennes du r\u00e9seau.<br \/>\nLes menaces cyber \u00e9voluent avec une rapidit\u00e9 accrue.<\/p>\n<p><i>La coop\u00e9ration technologique internationale : Chaque Partie adopte les mesures l\u00e9gislatives et autres qui se r\u00e9v\u00e8lent n\u00e9cessaires pour habiliter ses autorit\u00e9s comp\u00e9tentes \u00e0 ordonner \u00e0 toute personne connaissant le fonctionnement du syst\u00e8me informatique ou les mesures appliqu\u00e9es pour prot\u00e9ger les donn\u00e9es informatiques qu\u2019il contient de fournir toutes les informations raisonnablement n\u00e9cessaires, pour permettre l\u2019application des mesures vis\u00e9es par les paragraphes 1 et 2.<\/i><\/p>\n<h3>10 &#8211; Aube &#8211; Troyes  : G\u00e9n\u00e9ration de contenus &#8211; TNL &#8211; Traitement du langage naturel &#8211; prix<\/h3>\n<p>Lexique des termes juridiques, avec pour commencer le N\u00b0<\/p>\n<p>213. Fichier National Automatis\u00e9 des Empreintes G\u00e9n\u00e9tiques (FNAEG) : Il comprend \u00e9galement les profils des personnes suspect\u00e9es d&#8217;avoir commis ces infractions en raison des indices graves ou concordants r\u00e9unis \u00e0  leur encontre. Seules les empreintes g\u00e9n\u00e9tiques des personnes suspectes mais non condamn\u00e9es peuvent \u00eatre effac\u00e9es du fichier sur instruction du procureur de la R\u00e9publique ou \u00e0  leur demande.<\/p>\n<p>Votre entreprise se situe dans la r\u00e9gion Aquitaine  ? D\u00e9couvrez nos services de d\u00e9pannage informatique.<br \/>\n<\/p>\n<h3>G\u00e9n\u00e9ration de contenus &#8211; Nos services &#8211; Natural language processing (NLP)<\/h3>\n<p>Des infractions concernaient 4% des clauses abusives (art. L.131-1 du code pr\u00e9cit\u00e9).<br \/>\nSont concern\u00e9es certaines atteintes aux personnes (infractions du titre 2 du livre 2 du code p\u00e9nal, avec la circonstance aggravante de commission par r\u00e9seau de communications \u00e9lectroniques), les infractions relatives \u00e0 la captation frauduleuse de programmes t\u00e9l\u00e9diffus\u00e9s. <\/p>\n<p>Vous pr\u00e9parez un voyage  \u00e0<br \/>\nVarsovie ?<br \/>\nServices informatiques pour professionnels \u00e0 Strasbourg, Lille, Brest, consultant en cybers\u00e9curit\u00e9 \u00e0 Saint-Denis, Montreuil, Versailles, Fort-de-France, Le Tampon, Cannes, Bourges, prenez contact sans engagement ! Pour Neuilly-sur-Seine, Saint-Andr\u00e9, Fontenay-sous-Bois, Fr\u00e9jus, Saint-Louis, Suresnes, Chalon-sur-Sa\u00f4ne, S\u00e8te, Garges-l\u00e8s-Gonesse, Thionville, La Courneuve, Anglet, nous sommes \u00e0 vos c\u00f4t\u00e9s. Les solutions Pacta \u00ae sont disponibles \u00e0 Saint-Joseph, Saint-Chamond, Haguenau, Romans-sur-Is\u00e8re, Saint-Leu, Meyzieu, Villenave-d&#8217;Ornon.<\/p>\n<ul>\n<li>Informatique <\/li>\n<li>Edition (mise en ligne de vos ouvrages)<\/li>\n<li>Cybers\u00e9curit\u00e9 Assistance<\/li>\n<li>Strat\u00e9gie (D\u00e9veloppement)<\/li>\n<\/ul>\n<h3>G\u00e9n\u00e9ration de contenus &#8211; Traitement Automatique du Langage Naturel  &#8211; Le Tampon &#8211; Centre-Val de Loire- 09 &#8211; Ari\u00e8ge &#8211; Foix<\/h3>\n<p>Que donnent les t\u00e9moignages d&#8217;utilisateurs de BlueGriffon ?<br \/>\nComment faire pour se servir de Itop ?<br \/>\nLe logiciel<br \/>\nNetMeeting n&#8217;aura plus de secret pour vous !.<br \/>\nGCIDE (GNU Collaborative International Dictionary of English &#8211; \u00ab Dictionnaire international collaboratif d&#8217;anglais GNU \u00bb) est un dictionnaire libre d\u00e9riv\u00e9 du dictionnaire Webster. Par ailleurs, GNU MCSim est un programme de simulation math\u00e9matique \u00e9crit en C. GNU XaoS est un programme interactif g\u00e9n\u00e9rant des fractales et permettant de zoomer dessus en temps r\u00e9el. Enfin, Le paquet GNU Classpath fournit les biblioth\u00e8ques standard pour les machines virtuelles et compilateurs Java.<br \/>\nPeut-\u00eatre aurez-vous besoin d&#8217;utiliser des utilitaires pour  Unix (Linux), comme<\/p>\n<p>GNU CLISP, GNU Jami, GNU complexity, ou Gcalctool.\t<\/p>\n<p>Prix, comparaisons et avis de logiciels libres : la solution, c&#8217;est de lire une<br \/>\nliste de caches logiciels.  Comment \u00e9liminer<br \/>\nAd-Eliminator ?<\/p>\n<p><strong><\/p>\n<p>Assistance et g\u00e9n\u00e9ration de contenus<br \/>\n : Contactez Alain STEVENS au 06 12 55 19 80<\/strong><\/p>\n<p>Des lacunes consid\u00e9rables persistent en mati\u00e8re de s\u00e9curisation des communications et que les technologies telles que le routage en oignon et les r\u00e9seaux cach\u00e9s. On insiste sur la n\u00e9cessit\u00e9 de trouver des moyens de recueillir et d\u2019obtenir des preuves \u00e9lectroniques plus rapidement, ainsi que sur l\u2019importance que rev\u00eat la coop\u00e9ration \u00e9troite entre les autorit\u00e9s r\u00e9pressives \u2013 notamment par un recours accru aux \u00e9quipes communes d\u2019enqu\u00eate \u2013, les pays tiers et les fournisseurs de services actifs sur le territoire europ\u00e9en, conform\u00e9ment au r\u00e8glement g\u00e9n\u00e9ral sur la protection des donn\u00e9es (2016\/679\/UE), \u00e0 la directive 2016\/680\/UE du 27 avril 2016 (directive \u00abpolice\u00bb)(23) et les accords actuels en mati\u00e8re d\u2019entraide judiciaire. Les entreprises de plus en plus expos\u00e9es en raison des risques humains comme la malveillance.<\/p>\n<p>Un professionnel du Droit pourra vous conseiller dans une proc\u00e9dure pour activit\u00e9s commerciales et artisanales ambulantes. Mais il pourra vous recommander de contacter des enqu\u00eateurs pour produire des preuves en cr\u00e9dit documentaire. Nos services informatiques en r\u00e9f\u00e9rencement s&#8217;adressent aussi aux avocats en harc\u00e8lement (sanctions p\u00e9nales). Si vous \u00eates avocat en novation, contactez-nous pour un devis. Avec une sp\u00e9cialisation en stocks, vous augmenterez votre visibilit\u00e9.<\/p>\n<p><strong><\/p>\n<p>Recherche de d\u00e9tectives priv\u00e9s et traitement du langage naturel<br \/>\n : Contactez Alain STEVENS au 06 12 55 19 80<\/strong><\/p>\n<p>Vous recherchez un avocat sp\u00e9cialis\u00e9 dans le Code des douanes de l&#8217;Union ? Avec les professionnels partenaires de Vigifraude \u00ae, mettez toutes les chances de votre c\u00f4t\u00e9 !<\/p>\n<p><i>Quelques rappels sur les infractions :<br \/>\nRang par condamnations inscrites au casier judiciaire en 2010 : 76. Qualification simplifi\u00e9e de l&#8217;infraction : VIOLENCE COMMISE EN REUNION SUIVIE D&#8217;INCAPACITE SUPERIEURE A 8 JOURS. D\u00e9lit : D\u00e9lit. Infraction pr\u00e9vue par l&#8217;article 222-12 AL.1 8\u00b0, ART.222-11 du code p\u00e9nal. Infraction r\u00e9prim\u00e9e par l&#8217;article 222-12 AL.1, ART.222-44, ART.222-45, ART.222-47 AL.1 du code p\u00e9nal. Emprisonnement encouru : OUI. Dur\u00e9e maximale de l&#8217;emprisonnement : 5 ans. Amende encourue : OUI. Montant maximum de l&#8217;amende : 75000 \u20ac .<i><\/p>\n","protected":false},"excerpt":{"rendered":"<div class=\"mh-excerpt\"><p>Natural language processing (NLP) : vous recherchez un consultant \u00e0 Mamoudzou, Agen, dans la r\u00e9gion Poitou-Charentes, dans le d\u00e9partement 37 &#8211; Indre-et-Loire &#8211; Tours ? <a class=\"mh-excerpt-more\" href=\"https:\/\/pacta.biz\/base1\/strategie\/generation-de-contenu\/\" title=\"La g\u00e9n\u00e9ration de contenu pour am\u00e9liorer son r\u00e9f\u00e9rencement\">[&#8230;]<\/a><\/p>\n<\/div>","protected":false},"author":1,"featured_media":0,"parent":1363,"menu_order":0,"comment_status":"open","ping_status":"open","template":"template-full.php","meta":{"_bbp_topic_count":0,"_bbp_reply_count":0,"_bbp_total_topic_count":0,"_bbp_total_reply_count":0,"_bbp_voice_count":0,"_bbp_anonymous_reply_count":0,"_bbp_topic_count_hidden":0,"_bbp_reply_count_hidden":0,"_bbp_forum_subforum_count":0,"footnotes":""},"class_list":["post-2518","page","type-page","status-publish","hentry"],"_links":{"self":[{"href":"https:\/\/pacta.biz\/base1\/wp-json\/wp\/v2\/pages\/2518","targetHints":{"allow":["GET"]}}],"collection":[{"href":"https:\/\/pacta.biz\/base1\/wp-json\/wp\/v2\/pages"}],"about":[{"href":"https:\/\/pacta.biz\/base1\/wp-json\/wp\/v2\/types\/page"}],"author":[{"embeddable":true,"href":"https:\/\/pacta.biz\/base1\/wp-json\/wp\/v2\/users\/1"}],"replies":[{"embeddable":true,"href":"https:\/\/pacta.biz\/base1\/wp-json\/wp\/v2\/comments?post=2518"}],"version-history":[{"count":6,"href":"https:\/\/pacta.biz\/base1\/wp-json\/wp\/v2\/pages\/2518\/revisions"}],"predecessor-version":[{"id":2752,"href":"https:\/\/pacta.biz\/base1\/wp-json\/wp\/v2\/pages\/2518\/revisions\/2752"}],"up":[{"embeddable":true,"href":"https:\/\/pacta.biz\/base1\/wp-json\/wp\/v2\/pages\/1363"}],"wp:attachment":[{"href":"https:\/\/pacta.biz\/base1\/wp-json\/wp\/v2\/media?parent=2518"}],"curies":[{"name":"wp","href":"https:\/\/api.w.org\/{rel}","templated":true}]}}