{"id":2494,"date":"2021-12-31T16:31:30","date_gmt":"2021-12-31T16:31:30","guid":{"rendered":"https:\/\/pacta.biz\/base1\/?page_id=2494"},"modified":"2021-12-31T16:31:31","modified_gmt":"2021-12-31T16:31:31","slug":"hacking-ethique","status":"publish","type":"page","link":"https:\/\/pacta.biz\/base1\/cybersecurite\/hacking-ethique\/","title":{"rendered":"Les hackers \u00e9thiques sont indispensables"},"content":{"rendered":"<p>Forte de l&#8217;exp\u00e9rience de professionnels dans un domaine qui \u00e9volue en permanence, la soci\u00e9t\u00e9 Pacta \u00ae vous guide dans vos probl\u00e9matiques d&#8217;investigation et de communication sur Internet.<br \/>\nS\u00e9curit\u00e9 connect\u00e9e : un enqu\u00eateur priv\u00e9 sera-il en mesure de l&#8217;enqu\u00eate ? Si vous habitez \u00e0 Villefranche-sur-Sa\u00f4ne, dans la r\u00e9gion Centre-Val de Loire, ou dans le secteur 46 &#8211; Lot &#8211; Cahors, vous \u00eates concern\u00e9 par les risques en cybercriminalit\u00e9, que ce soit pour un contentieux en atteinte \u00e0 l&#8217;e-r\u00e9putation, un litige en cyberinfractions , la recherche d&#8217;un d\u00e9tective priv\u00e9 pour fraudes t\u00e9l\u00e9phoniques, ou bien la recherche d&#8217;informations en sites utiles<\/p>\n<h2>Hacking \u00e9thique : D\u00e9lits de diffamation &#8211; 47 &#8211; Lot-et-Garonne &#8211; Agen &#8211; Mantes-la-Jolie &#8211; Centre-Val de Loire &#8211; Orl\u00e9ans<\/h2>\n<p>La France dispose d\u00e9j\u00e0 d\u2019une agence, devenue autorit\u00e9 nationale suite \u00e0 la loi de programmation pour la D\u00e9fense, s\u2019agissant de la s\u00e9curit\u00e9 des syst\u00e8mes d\u2019informations, notamment pour les op\u00e9rateurs d\u2019importance vitale. Bien que le groupe soit, pour l\u2019essentiel, form\u00e9 de g\u00e9n\u00e9ralistes du droit p\u00e9nal &#8211; avocats g\u00e9n\u00e9raux \u00e0 la Cour de cassation et responsables du minist\u00e8re public &#8211; et de sp\u00e9cialistes policiers, gendarmes et douaniers, le mandat donn\u00e9 \u00e0 son pr\u00e9sident ne se limitait pas aux questions sp\u00e9cifiquement r\u00e9pressives, puisqu\u2019il s\u2019agissait d\u2019\u00e9laborer une strat\u00e9gie globale de lutte contre la cybercriminalit\u00e9 int\u00e9grant notamment les questions de pr\u00e9vention et de sensibilisation des publics, afin de contribuer \u00e0 cr\u00e9er un espace de confiance sur Internet. Des m\u00e9canismes de r\u00e9gulation sont vari\u00e9s. L\u2019Espagne \u00e9labore des lois sur l\u2019usage de fausses identit\u00e9s.<\/p>\n<div style=\"padding: 56.25% 0 0 0; position: relative;\"><iframe style=\"position: absolute; top: 0; left: 0; width: 100%; height: 100%;\" title=\"Alain STEVENS - Consultant Pacta &amp;reg; - Informatique, cybers&amp;eacute;curit&amp;eacute; et strat&amp;eacute;gie\" src=\"https:\/\/player.vimeo.com\/video\/432091614?h=2b2290b651&amp;badge=0&amp;autopause=0&amp;player_id=0&amp;app_id=58479\" frameborder=\"0\" allowfullscreen=\"allowfullscreen\"><\/iframe><\/div>\n<p><script src=\"https:\/\/player.vimeo.com\/api\/player.js\"><\/script><\/p>\n<p>Attention aux escroqueries par courrier \u00e9lectronique. Que penser des adresse mail<br \/>\ncontactmeilleurtaux.com et xxx@bbva-services.com ?<br \/>\nArk (ARK), DigiByte (DGB), Walton (WTC) : un informaticien peut vous aider \u00e0 comprendre les cryptomonnaies. Corruption, droit de l&#8217;homme, surveillance des donn\u00e9es, un consultant disponible \u00e0 Saint-Denis, Levallois-Perret, Blois. bhmmarket.com, club-epargne.com,  nrgbinary.co, ou world-of-binary.com, demandez un audit due diligence. Profitez de plus de 20 ans d&#8217;exp\u00e9rience dans les enqu\u00eates informatiques en relation avec la d\u00e9linquance informatique.<\/p>\n<p>Comme de plus en plus d&#8217;internautes, font des recherches sur buvania-finance.com, creditmcagricole.websites.co.in, pol-invest.com, ou bien societe-flc-credit.com, il est vrai les arnaques sont en constante augmentation.   Investigations sur cfebourse.com, proinvest.trade, Faites appel \u00e0 des professionnels de la cybercriminalit\u00e9.<\/p>\n<h2>Hacking \u00e9thique : Activit\u00e9s cybercriminelles &#8211; Suppression frauduleuse de donn\u00e9es &#8211; Centre-Val de Loire<\/h2>\n<p>La r\u00e9solution du Parlement europ\u00e9en sur la protection des enfants dans le monde num\u00e9riqueregrette la lenteur des proc\u00e9dures de notification et de retrait de pages Internet dans certains Etats membres.<br \/>\nEvolutifs dans le temps, parfois redondants et \u00e0 l\u2019action pas toujours coordonn\u00e9e, ces dispositifs ont toutefois \u00e9t\u00e9 \u00e0 l\u2019origine d\u2019avanc\u00e9es d\u00e9cisives et d\u2019une am\u00e9lioration progressive de la lutte contre la cybercriminalit\u00e9 prise globalement, sur le plan de la pr\u00e9vention, de la sensibilisation comme des sanctions.<\/p>\n<p>Les fraudes num\u00e9riques concernent par exemple la traite des \u00eatres humains et le prox\u00e9n\u00e9tisme. <\/p>\n<p>Comment trouver des \u00e9valuations sur<br \/>\n xxx@banquebbva.com, europiabank.com, LES FURETS ECOPTZ : c.boissieu@lesfurets-ecoptz.com et l.lebat@lesfurets-ecoptz.com, c.delescure@mertens-capital.com, premidirectsa.com, vixcfinance.com ? Vigifraude \u00ae vous propose aussi la r\u00e9alisation d&#8217;audits et d&#8217;analyses de sites<br \/>\n, par exemple pour  paradisecrypto.net\/ . De plus, \u00e0 propos de<br \/>\nbloomcapitalmarkets.com \/ Original Markets LTD, infinitrade4.com, ou omegapro.world, contactez-nous si vous avez besoin d&#8217;informations compl\u00e9mantaires.<\/p>\n<p><strong>Cybers\u00e9curit\u00e9  : retrouvez sur le site pacta.com tous nos services pour les professionnels et les particuliers.<\/strong><\/p>\n<p>Les services d\u2019investigation n\u2019ont aucune difficult\u00e9 pour mener \u00e0 terme une partie des infractions \u00e0 la loi sur la presse.<br \/>\nIl existe plusieurs infractions voisines \u00e0 l\u2019abus de confiance comme l&#8217;escroquerie. Vous pouvez faire appel \u00e0 un avocat en cas d&#8217;abus de biens sociaux.<\/p>\n<div style=\"padding: 56.25% 0 0 0; position: relative;\"><iframe style=\"position: absolute; top: 0; left: 0; width: 100%; height: 100%;\" title=\"La s&amp;eacute;curit&amp;eacute; informatique en d&amp;eacute;placement\" src=\"https:\/\/player.vimeo.com\/video\/424298739?h=e403b9c8f6&amp;badge=0&amp;autopause=0&amp;player_id=0&amp;app_id=58479\" frameborder=\"0\" allowfullscreen=\"allowfullscreen\"><\/iframe><\/div>\n<p><script src=\"https:\/\/player.vimeo.com\/api\/player.js\"><\/script><\/p>\n<h3>Alain STEVENS &#8211; Hacking \u00e9thique &#8211; Adware &#8211; Cyberinfractions &#8211; Harc\u00e8lement sur le Net &#8211; Surveillance d&#8217;Internet<\/h3>\n<p>Conseil en strat\u00e9gie et en informatique depuis 1997, issu du domaine bancaire et financier, avec une sp\u00e9cialisation dans les litiges num\u00e9riques et la cyber-s\u00e9curit\u00e9.<br \/>\n<img decoding=\"async\" class=\"\"wp-image-2414 size-full\"\" src=\"\"https:\/\/pacta.biz\/base1\/wp-content\/uploads\/sites\/6\/2021\/12\/Assistance-aux-victimes-de-cybermalveillance-2.jpg\"\" alt=\"\"CRISE D'ORIGINE CYBER\"\" width=\"\"940\"\" height=\"\"198\"\" \/>\n<p>La convention sur la cybercriminalit\u00e9 n&#8217;a jamais eu un pouvoir de d\u00e9cision contraignant.<br \/>\nL&#8217;objectif de la cybers\u00e9curit\u00e9 n&#8217;est pas facile \u00e0 atteindre.<\/p>\n<p><i>La cybercriminalit\u00e9 : un d\u00e9fi global, une r\u00e9ponse mondiale : Le texte de tout amendement adopt\u00e9 par le Comit\u00e9 des Ministres conform\u00e9ment au paragraphe 3 du pr\u00e9sent article est communiqu\u00e9 aux Parties pour acceptation.<\/i><\/p>\n<h3>Arnaque FOVI 25 &#8211; Doubs &#8211; Besan\u00e7on  : Enqu\u00eate informatique Darknet &#8211; Assistance pour Ins\u00e9curit\u00e9 \u00e9conomique &#8211; Hacking \u00e9thique &#8211; prix<\/h3>\n<p>Vous trouverez sur nos sites un certain nombre de publications sur la justice. Prenez le temps de lire cette pr\u00e9cision N\u00b0<\/p>\n<p>240. Huis-clos : Modalit\u00e9 de d\u00e9roulement d&#8217;une audience p\u00e9nale ou civile, tenue hors la pr\u00e9sence du public. Le pr\u00e9sident d&#8217;une juridiction peut ordonner le huis-clos, pour \u00e9viter des d\u00e9sordres de nature \u00e0  troubler la s\u00e9r\u00e9nit\u00e9 de la justice, ou la r\u00e9v\u00e9lation de secrets d&#8217;Etat, ou pour pr\u00e9server la vie intime des personnes. Cependant, la d\u00e9cision est toujours rendue et prononc\u00e9e en audience publique.<\/p>\n<p>Vous recherchez un informaticien dans la r\u00e9gion Corse Corse  ? D\u00e9couvrez nos services de Cybercriminalit\u00e9.<br \/>\n<\/p>\n<h2>Nos prestations pour le Hacking Ethique &#8211; Surveillance des donn\u00e9es<\/h2>\n<p>La Convention sur la cybercriminalit\u00e9 du Conseil de l&#8217;Europe s&#8217;articule autour de trois points essentiels : l&#8217;harmonisation des l\u00e9gislations nationales, notamment par le biais de la d\u00e9finition d&#8217;incriminations communes.<br \/>\nSe focaliser sur l&#8217;acc\u00e8s ne 8 permet pas de rendre compte de toute la cybercriminalit\u00e9, ne serait-ce que lorsqu&#8217;elle prend la forme d&#8217;une diffusion de donn\u00e9es ou de comportements illicites. <\/p>\n<p>Un informaticien, c&#8217;est aussi utile pour d\u00e9nicher des informations pour son voyage \u00e0<br \/>\nFreetown ?<br \/>\nD\u00e9pannage et assistance informatique \u00e0 Lyon, Le Havre, Limoges, consultant en s\u00e9curit\u00e9 informatique \u00e0 Rouen, Tourcoing, Cr\u00e9teil, Colombes, Antibes, Calais, Villeneuve-d&#8217;Ascq, nous pouvons trouver des solutions ! Pour Clichy, Lorient, Saint-Quentin, Le Blanc-Mesnil, Grasse, Suresnes, Chalon-sur-Sa\u00f4ne, Saint-Herblain, Saint-Priest, Arras, Al\u00e8s, Bron, nous sommes \u00e0 vos c\u00f4t\u00e9s. Les solutions Pacta \u00ae sont disponibles \u00e0 Poissy, Bagnolet, Neuilly-sur-Marne, Montigny-le-Bretonneux, \u00c9pinal, Nogent-sur-Marne, Trappes.<\/p>\n<ul>\n<li>Informatique (t\u00e9l\u00e9maintenance)<\/li>\n<li>Edition (multilinguisme)<\/li>\n<li>Cybers\u00e9curit\u00e9 <\/li>\n<li>Strat\u00e9gie <\/li>\n<\/ul>\n<h3>Consultant en Hacking Ethique &#8211; Atteintes aux droits de la personne \u00e0 La Seyne-sur-Mer &#8211; Cryptologie en r\u00e9gion Occitanie Languedoc-Roussillon &#8211; Mise \u00e0 disposition de programme 56 &#8211; Morbihan &#8211; Vannes<\/h3>\n<p>Comment se servir de Bareos ?<br \/>\nComment utiliser Libremail ?<br \/>\nLe logiciel<br \/>\nPowerDVD pr\u00e9sente de nombreux avantages.<br \/>\nGCIDE (GNU Collaborative International Dictionary of English &#8211; \u00ab Dictionnaire international collaboratif d&#8217;anglais GNU \u00bb) est un dictionnaire libre d\u00e9riv\u00e9 du dictionnaire Webster. Par ailleurs, GNU MPRIA (GNU Multi-Precision Rational Interval Arithmetic Library) est une biblioth\u00e8que C d&#8217;arithm\u00e9tique multipr\u00e9cision pour les nombres rationnels. GNUschool consiste en un ensemble de fichiers HTML\/PHP \u00e0 faire ex\u00e9cuter par un serveur web \u2014 GNUschool utilise \u00e9galement MySQL \u2014, et dont l&#8217;installation se fait avec un navigateur web. Enfin, Utilis\u00e9e avec X, libplot peut \u00e9galement cr\u00e9er des animations.<br \/>\nIl existe une liste  d&#8217;applications et d&#8217;outils pour Linux, comme<br \/>\nGNU Artanis, GNU STUMP, GNU dbm, ou gnibbles.\t<\/p>\n<p>Apr\u00e8s une recherche de comparateur de Logiciels Gratuit &#038; Ind\u00e9pendant, vous trouverez une<br \/>\nliste des logiciels de clonage de disque.<br \/>\nVous avez d\u00e9tect\u00e9 la pr\u00e9sence sur votre syst\u00e8me d&#8217;exploitation du logiciel<br \/>\nNetSpy ?<\/p>\n<p>Chaque pays souligne qu\u2019il est n\u00e9cessaire que le cadre pour les preuves \u00e9lectroniques contienne des garanties suffisantes concernant les droits et les libert\u00e9s de toutes les parties concern\u00e9es. Les mesures de suppression de contenus illicites en ligne qui \u00e9tablissent des conditions d\u2019utilisation ne sont permises que si les r\u00e8gles de proc\u00e9dure nationales pr\u00e9voient la possibilit\u00e9 pour les utilisateurs de faire valoir leurs droits devant un tribunal une fois ces mesures connues. Les entreprises doivent donc se prot\u00e9ger contre toute tentative de diffusion de leurs donn\u00e9es privatives.<\/p>\n<p>Un professionnel du Droit pourra vous assister dans un proc\u00e8s pour commission d&#8217;examen des pratiques commerciales. Mais il pourra faire appel \u00e0 des enqu\u00eateurs pour produire des preuves en contrat administratif. Nos services informatiques en r\u00e9f\u00e9rencement s&#8217;adressent aussi aux avocats en fondation. Si vous \u00eates avocat en mineur d\u00e9linquant, contactez-nous pour un devis. Avec une sp\u00e9cialisation en pharmacien, vous pourrez am\u00e9liorer votre visibilit\u00e9.<\/p>\n<p>Vous avez un litige qui concerne le Code de la s\u00e9curit\u00e9 sociale ? Avec Vigifraude \u00ae, demandez un devis \u00e0 des d\u00e9tectives priv\u00e9s !<\/p>\n<p><i>Au sujet des condamnations :<br \/>\nRang par condamnations inscrites au casier judiciaire en 2010 : 38. Qualification simplifi\u00e9e de l&#8217;infraction : ENTREE OU SEJOUR IRREGULIER D&#8217;UN ETRANGER EN FRANCE. D\u00e9lit : D\u00e9lit. Infraction pr\u00e9vue par l&#8217;article L.621-1 AL.1, ART.L.211-1, ART.L.311-1 du code de l&#8217;entr\u00e9e et du s\u00e9jour des \u00e9trangers et du droit d&#8217;asile. Infraction r\u00e9prim\u00e9e par l&#8217;article L.621-1, ART.L.621-2 du code de l&#8217;entr\u00e9e et du s\u00e9jour des \u00e9trangers et du droit d&#8217;asile. Emprisonnement encouru : OUI. Dur\u00e9e maximale de l&#8217;emprisonnement : 1 an. Amende encourue : OUI. Montant maximum de l&#8217;amende : 3750 \u20ac .<i><br \/>\n<br \/>\n<figure id=\"attachment_2446\" aria-describedby=\"caption-attachment-2446\" style=\"width: 940px\" class=\"wp-caption alignnone\"><img loading=\"lazy\" decoding=\"async\" class=\"wp-image-2446 size-full\" src=\"https:\/\/pacta.biz\/base1\/wp-content\/uploads\/sites\/6\/2021\/12\/Comprehension-des-risques-et-Investigation-apres-incident..jpg\" alt=\"Cybers\u00e9curit\u00e9 : comment faire face aux nouvelles menaces\" width=\"940\" height=\"198\" srcset=\"https:\/\/pacta.biz\/base1\/wp-content\/uploads\/sites\/6\/2021\/12\/Comprehension-des-risques-et-Investigation-apres-incident..jpg 940w, https:\/\/pacta.biz\/base1\/wp-content\/uploads\/sites\/6\/2021\/12\/Comprehension-des-risques-et-Investigation-apres-incident.-300x63.jpg 300w, https:\/\/pacta.biz\/base1\/wp-content\/uploads\/sites\/6\/2021\/12\/Comprehension-des-risques-et-Investigation-apres-incident.-768x162.jpg 768w\" sizes=\"auto, (max-width: 940px) 100vw, 940px\" \/><figcaption id=\"caption-attachment-2446\" class=\"wp-caption-text\">Cybers\u00e9curit\u00e9 : comment faire face aux nouvelles menaces<\/figcaption><\/figure>\n","protected":false},"excerpt":{"rendered":"<div class=\"mh-excerpt\"><p>Forte de l&#8217;exp\u00e9rience de professionnels dans un domaine qui \u00e9volue en permanence, la soci\u00e9t\u00e9 Pacta \u00ae vous guide dans vos probl\u00e9matiques d&#8217;investigation et de communication <a class=\"mh-excerpt-more\" href=\"https:\/\/pacta.biz\/base1\/cybersecurite\/hacking-ethique\/\" title=\"Les hackers \u00e9thiques sont indispensables\">[&#8230;]<\/a><\/p>\n<\/div>","protected":false},"author":1,"featured_media":0,"parent":1349,"menu_order":0,"comment_status":"open","ping_status":"open","template":"template-full.php","meta":{"_bbp_topic_count":0,"_bbp_reply_count":0,"_bbp_total_topic_count":0,"_bbp_total_reply_count":0,"_bbp_voice_count":0,"_bbp_anonymous_reply_count":0,"_bbp_topic_count_hidden":0,"_bbp_reply_count_hidden":0,"_bbp_forum_subforum_count":0,"footnotes":""},"class_list":["post-2494","page","type-page","status-publish","hentry"],"_links":{"self":[{"href":"https:\/\/pacta.biz\/base1\/wp-json\/wp\/v2\/pages\/2494","targetHints":{"allow":["GET"]}}],"collection":[{"href":"https:\/\/pacta.biz\/base1\/wp-json\/wp\/v2\/pages"}],"about":[{"href":"https:\/\/pacta.biz\/base1\/wp-json\/wp\/v2\/types\/page"}],"author":[{"embeddable":true,"href":"https:\/\/pacta.biz\/base1\/wp-json\/wp\/v2\/users\/1"}],"replies":[{"embeddable":true,"href":"https:\/\/pacta.biz\/base1\/wp-json\/wp\/v2\/comments?post=2494"}],"version-history":[{"count":6,"href":"https:\/\/pacta.biz\/base1\/wp-json\/wp\/v2\/pages\/2494\/revisions"}],"predecessor-version":[{"id":2744,"href":"https:\/\/pacta.biz\/base1\/wp-json\/wp\/v2\/pages\/2494\/revisions\/2744"}],"up":[{"embeddable":true,"href":"https:\/\/pacta.biz\/base1\/wp-json\/wp\/v2\/pages\/1349"}],"wp:attachment":[{"href":"https:\/\/pacta.biz\/base1\/wp-json\/wp\/v2\/media?parent=2494"}],"curies":[{"name":"wp","href":"https:\/\/api.w.org\/{rel}","templated":true}]}}